{"id":96,"date":"2020-04-07T14:48:46","date_gmt":"2020-04-07T14:48:46","guid":{"rendered":"https:\/\/hh.uy\/?post_type=product&#038;p=96"},"modified":"2021-04-26T04:28:11","modified_gmt":"2021-04-26T04:28:11","slug":"cc1010-2-220-cortadoras-para-ceramicas-electricas-portatiles","status":"publish","type":"product","link":"https:\/\/hh.uy\/?product=cc1010-2-220-cortadoras-para-ceramicas-electricas-portatiles","title":{"rendered":"CC1010\/2\/220 &#8211; CORTADORAS PARA CERAMICAS ELECTRICAS PORTATILES"},"content":{"rendered":"<p>CARACTER\u00cdSTICAS:<br \/>\nBase inclinable de 0 a 45\u00ba<br \/>\nEmpu\u00f1adura co Soft-Grip para un mejor agarre<br \/>\nCONTENIDO:<br \/>\n1 Cortador de cer\u00e1micos<br \/>\n1 Llave inglesa<br \/>\n1 Llave<br \/>\n1 Manguera<br \/>\n1 Acople<br \/>\n1 Tobera de salida de agua<br \/>\n1 Disco<br \/>\nDATOS T\u00c9CNICOS:<br \/>\nVoltaje\/Frecuencia: 220v &#8211; 50-60Hz<br \/>\nPotencia: 1650w<br \/>\nVelocidad en vac\u00edo: n0=13000\/min<br \/>\nProfundidad de corte:<br \/>\n90\u00ba: 34mm<br \/>\n45\u00ba: 26mm<br \/>\nDi\u00e1metro de disco: 110mm &#8211; 4 1\/3&#8243;<br \/>\nTipo de aislaci\u00f3n: Clase II<br \/>\nPeso: 4,5Kg<\/p>\n","protected":false},"excerpt":{"rendered":"<p>CARACTER\u00cdSTICAS:<br \/>\nBase inclinable de 0 a 45\u00ba<br \/>\nEmpu\u00f1adura co Soft-Grip para un mejor agarre<br \/>\nCONTENIDO:<br \/>\n1 Cortador de cer\u00e1micos<br \/>\n1 Llave inglesa<br \/>\n1 Llave<br \/>\n1 Manguera<br \/>\n1 Acople<br \/>\n1 Tobera de salida de agua<br \/>\n1 Disco<br \/>\nDATOS T\u00c9CNICOS:<br \/>\nVoltaje\/Frecuencia: 220v &#8211; 50-60Hz<br \/>\nPotencia: 1650w<br \/>\nVelocidad en vac\u00edo: n0=13000\/min<br \/>\nProfundidad de corte:<br \/>\n90\u00ba: 34mm<br \/>\n45\u00ba: 26mm<br \/>\nDi\u00e1metro de disco: 110mm &#8211; 4 1\/3&#8243;<br \/>\nTipo de aislaci\u00f3n: Clase II<br \/>\nPeso: 4,5Kg<\/p>\n","protected":false},"featured_media":186,"comment_status":"open","ping_status":"closed","template":"","meta":[],"product_cat":[25,16],"product_tag":[],"class_list":{"0":"post-96","1":"product","2":"type-product","3":"status-publish","4":"has-post-thumbnail","6":"product_cat-cortadora-ceramica-electrica","7":"product_cat-herramientas-electricas-y-combustion","9":"first","10":"outofstock","11":"taxable","12":"shipping-taxable","13":"product-type-simple"},"yoast_head":"<!-- This site is optimized with the Yoast SEO plugin v24.9 - https:\/\/yoast.com\/wordpress\/plugins\/seo\/ -->\n<title>CC1010\/2\/220 - CORTADORAS PARA CERAMICAS ELECTRICAS PORTATILES - Tienda de Herramientas | hh.uy<\/title>\n<meta name=\"robots\" content=\"index, follow, max-snippet:-1, max-image-preview:large, max-video-preview:-1\" \/>\n<link rel=\"canonical\" href=\"https:\/\/hh.uy\/?product=cc1010-2-220-cortadoras-para-ceramicas-electricas-portatiles\" \/>\n<meta property=\"og:locale\" content=\"es_ES\" \/>\n<meta property=\"og:type\" content=\"article\" \/>\n<meta property=\"og:title\" content=\"CC1010\/2\/220 - CORTADORAS PARA CERAMICAS ELECTRICAS PORTATILES - Tienda de Herramientas | hh.uy\" \/>\n<meta property=\"og:description\" content=\"CARACTER\u00cdSTICAS: Base inclinable de 0 a 45\u00ba Empu\u00f1adura co Soft-Grip para un mejor agarre CONTENIDO: 1 Cortador de cer\u00e1micos 1 Llave inglesa 1 Llave 1 Manguera 1 Acople 1 Tobera de salida de agua 1 Disco DATOS T\u00c9CNICOS: Voltaje\/Frecuencia: 220v - 50-60Hz Potencia: 1650w Velocidad en vac\u00edo: n0=13000\/min Profundidad de corte: 90\u00ba: 34mm 45\u00ba: 26mm Di\u00e1metro de disco: 110mm - 4 1\/3&quot; Tipo de aislaci\u00f3n: Clase II Peso: 4,5Kg\" \/>\n<meta property=\"og:url\" content=\"https:\/\/hh.uy\/?product=cc1010-2-220-cortadoras-para-ceramicas-electricas-portatiles\" \/>\n<meta property=\"og:site_name\" content=\"Tienda de Herramientas | hh.uy\" \/>\n<meta property=\"article:modified_time\" content=\"2021-04-26T04:28:11+00:00\" \/>\n<meta property=\"og:image\" content=\"https:\/\/hh.uy\/wp-content\/uploads\/2020\/04\/cc101022200.jpg\" \/>\n\t<meta property=\"og:image:width\" content=\"1000\" \/>\n\t<meta property=\"og:image:height\" content=\"918\" \/>\n\t<meta property=\"og:image:type\" content=\"image\/jpeg\" \/>\n<meta name=\"twitter:card\" content=\"summary_large_image\" \/>\n<script type=\"application\/ld+json\" class=\"yoast-schema-graph\">{\"@context\":\"https:\/\/schema.org\",\"@graph\":[{\"@type\":\"WebPage\",\"@id\":\"https:\/\/hh.uy\/?product=cc1010-2-220-cortadoras-para-ceramicas-electricas-portatiles\",\"url\":\"https:\/\/hh.uy\/?product=cc1010-2-220-cortadoras-para-ceramicas-electricas-portatiles\",\"name\":\"CC1010\/2\/220 - CORTADORAS PARA CERAMICAS ELECTRICAS PORTATILES - Tienda de Herramientas | hh.uy\",\"isPartOf\":{\"@id\":\"https:\/\/hh.uy\/#website\"},\"primaryImageOfPage\":{\"@id\":\"https:\/\/hh.uy\/?product=cc1010-2-220-cortadoras-para-ceramicas-electricas-portatiles#primaryimage\"},\"image\":{\"@id\":\"https:\/\/hh.uy\/?product=cc1010-2-220-cortadoras-para-ceramicas-electricas-portatiles#primaryimage\"},\"thumbnailUrl\":\"https:\/\/hh.uy\/wp-content\/uploads\/2020\/04\/cc101022200.jpg\",\"datePublished\":\"2020-04-07T14:48:46+00:00\",\"dateModified\":\"2021-04-26T04:28:11+00:00\",\"breadcrumb\":{\"@id\":\"https:\/\/hh.uy\/?product=cc1010-2-220-cortadoras-para-ceramicas-electricas-portatiles#breadcrumb\"},\"inLanguage\":\"es\",\"potentialAction\":[{\"@type\":\"ReadAction\",\"target\":[\"https:\/\/hh.uy\/?product=cc1010-2-220-cortadoras-para-ceramicas-electricas-portatiles\"]}]},{\"@type\":\"ImageObject\",\"inLanguage\":\"es\",\"@id\":\"https:\/\/hh.uy\/?product=cc1010-2-220-cortadoras-para-ceramicas-electricas-portatiles#primaryimage\",\"url\":\"https:\/\/hh.uy\/wp-content\/uploads\/2020\/04\/cc101022200.jpg\",\"contentUrl\":\"https:\/\/hh.uy\/wp-content\/uploads\/2020\/04\/cc101022200.jpg\",\"width\":1000,\"height\":918},{\"@type\":\"BreadcrumbList\",\"@id\":\"https:\/\/hh.uy\/?product=cc1010-2-220-cortadoras-para-ceramicas-electricas-portatiles#breadcrumb\",\"itemListElement\":[{\"@type\":\"ListItem\",\"position\":1,\"name\":\"Home\",\"item\":\"https:\/\/hh.uy\/\"},{\"@type\":\"ListItem\",\"position\":2,\"name\":\"Shop\",\"item\":\"https:\/\/hh.uy\/?page_id=8\"},{\"@type\":\"ListItem\",\"position\":3,\"name\":\"CC1010\/2\/220 &#8211; CORTADORAS PARA CERAMICAS ELECTRICAS PORTATILES\"}]},{\"@type\":\"WebSite\",\"@id\":\"https:\/\/hh.uy\/#website\",\"url\":\"https:\/\/hh.uy\/\",\"name\":\"Tienda de Herramientas | hh.uy\",\"description\":\"Consulta &gt; Compra &gt; Paga &gt; Recibe\",\"potentialAction\":[{\"@type\":\"SearchAction\",\"target\":{\"@type\":\"EntryPoint\",\"urlTemplate\":\"https:\/\/hh.uy\/?s={search_term_string}\"},\"query-input\":{\"@type\":\"PropertyValueSpecification\",\"valueRequired\":true,\"valueName\":\"search_term_string\"}}],\"inLanguage\":\"es\"}]}<\/script>\n<!-- \/ Yoast SEO plugin. -->","yoast_head_json":{"title":"CC1010\/2\/220 - CORTADORAS PARA CERAMICAS ELECTRICAS PORTATILES - Tienda de Herramientas | hh.uy","robots":{"index":"index","follow":"follow","max-snippet":"max-snippet:-1","max-image-preview":"max-image-preview:large","max-video-preview":"max-video-preview:-1"},"canonical":"https:\/\/hh.uy\/?product=cc1010-2-220-cortadoras-para-ceramicas-electricas-portatiles","og_locale":"es_ES","og_type":"article","og_title":"CC1010\/2\/220 - CORTADORAS PARA CERAMICAS ELECTRICAS PORTATILES - Tienda de Herramientas | hh.uy","og_description":"CARACTER\u00cdSTICAS: Base inclinable de 0 a 45\u00ba Empu\u00f1adura co Soft-Grip para un mejor agarre CONTENIDO: 1 Cortador de cer\u00e1micos 1 Llave inglesa 1 Llave 1 Manguera 1 Acople 1 Tobera de salida de agua 1 Disco DATOS T\u00c9CNICOS: Voltaje\/Frecuencia: 220v - 50-60Hz Potencia: 1650w Velocidad en vac\u00edo: n0=13000\/min Profundidad de corte: 90\u00ba: 34mm 45\u00ba: 26mm Di\u00e1metro de disco: 110mm - 4 1\/3\" Tipo de aislaci\u00f3n: Clase II Peso: 4,5Kg","og_url":"https:\/\/hh.uy\/?product=cc1010-2-220-cortadoras-para-ceramicas-electricas-portatiles","og_site_name":"Tienda de Herramientas | hh.uy","article_modified_time":"2021-04-26T04:28:11+00:00","og_image":[{"width":1000,"height":918,"url":"https:\/\/hh.uy\/wp-content\/uploads\/2020\/04\/cc101022200.jpg","type":"image\/jpeg"}],"twitter_card":"summary_large_image","schema":{"@context":"https:\/\/schema.org","@graph":[{"@type":"WebPage","@id":"https:\/\/hh.uy\/?product=cc1010-2-220-cortadoras-para-ceramicas-electricas-portatiles","url":"https:\/\/hh.uy\/?product=cc1010-2-220-cortadoras-para-ceramicas-electricas-portatiles","name":"CC1010\/2\/220 - CORTADORAS PARA CERAMICAS ELECTRICAS PORTATILES - Tienda de Herramientas | hh.uy","isPartOf":{"@id":"https:\/\/hh.uy\/#website"},"primaryImageOfPage":{"@id":"https:\/\/hh.uy\/?product=cc1010-2-220-cortadoras-para-ceramicas-electricas-portatiles#primaryimage"},"image":{"@id":"https:\/\/hh.uy\/?product=cc1010-2-220-cortadoras-para-ceramicas-electricas-portatiles#primaryimage"},"thumbnailUrl":"https:\/\/hh.uy\/wp-content\/uploads\/2020\/04\/cc101022200.jpg","datePublished":"2020-04-07T14:48:46+00:00","dateModified":"2021-04-26T04:28:11+00:00","breadcrumb":{"@id":"https:\/\/hh.uy\/?product=cc1010-2-220-cortadoras-para-ceramicas-electricas-portatiles#breadcrumb"},"inLanguage":"es","potentialAction":[{"@type":"ReadAction","target":["https:\/\/hh.uy\/?product=cc1010-2-220-cortadoras-para-ceramicas-electricas-portatiles"]}]},{"@type":"ImageObject","inLanguage":"es","@id":"https:\/\/hh.uy\/?product=cc1010-2-220-cortadoras-para-ceramicas-electricas-portatiles#primaryimage","url":"https:\/\/hh.uy\/wp-content\/uploads\/2020\/04\/cc101022200.jpg","contentUrl":"https:\/\/hh.uy\/wp-content\/uploads\/2020\/04\/cc101022200.jpg","width":1000,"height":918},{"@type":"BreadcrumbList","@id":"https:\/\/hh.uy\/?product=cc1010-2-220-cortadoras-para-ceramicas-electricas-portatiles#breadcrumb","itemListElement":[{"@type":"ListItem","position":1,"name":"Home","item":"https:\/\/hh.uy\/"},{"@type":"ListItem","position":2,"name":"Shop","item":"https:\/\/hh.uy\/?page_id=8"},{"@type":"ListItem","position":3,"name":"CC1010\/2\/220 &#8211; CORTADORAS PARA CERAMICAS ELECTRICAS PORTATILES"}]},{"@type":"WebSite","@id":"https:\/\/hh.uy\/#website","url":"https:\/\/hh.uy\/","name":"Tienda de Herramientas | hh.uy","description":"Consulta &gt; Compra &gt; Paga &gt; Recibe","potentialAction":[{"@type":"SearchAction","target":{"@type":"EntryPoint","urlTemplate":"https:\/\/hh.uy\/?s={search_term_string}"},"query-input":{"@type":"PropertyValueSpecification","valueRequired":true,"valueName":"search_term_string"}}],"inLanguage":"es"}]}},"_links":{"self":[{"href":"https:\/\/hh.uy\/index.php?rest_route=\/wp\/v2\/product\/96","targetHints":{"allow":["GET"]}}],"collection":[{"href":"https:\/\/hh.uy\/index.php?rest_route=\/wp\/v2\/product"}],"about":[{"href":"https:\/\/hh.uy\/index.php?rest_route=\/wp\/v2\/types\/product"}],"replies":[{"embeddable":true,"href":"https:\/\/hh.uy\/index.php?rest_route=%2Fwp%2Fv2%2Fcomments&post=96"}],"wp:featuredmedia":[{"embeddable":true,"href":"https:\/\/hh.uy\/index.php?rest_route=\/wp\/v2\/media\/186"}],"wp:attachment":[{"href":"https:\/\/hh.uy\/index.php?rest_route=%2Fwp%2Fv2%2Fmedia&parent=96"}],"wp:term":[{"taxonomy":"product_cat","embeddable":true,"href":"https:\/\/hh.uy\/index.php?rest_route=%2Fwp%2Fv2%2Fproduct_cat&post=96"},{"taxonomy":"product_tag","embeddable":true,"href":"https:\/\/hh.uy\/index.php?rest_route=%2Fwp%2Fv2%2Fproduct_tag&post=96"}],"curies":[{"name":"wp","href":"https:\/\/api.w.org\/{rel}","templated":true}]}}