{"id":89,"date":"2020-04-07T14:15:06","date_gmt":"2020-04-07T17:15:06","guid":{"rendered":"https:\/\/hh.uy\/?post_type=product&#038;p=89"},"modified":"2021-04-27T15:58:10","modified_gmt":"2021-04-27T18:58:10","slug":"t300-1-220-bordeadoras-electricas","status":"publish","type":"product","link":"https:\/\/hh.uy\/?product=t300-1-220-bordeadoras-electricas","title":{"rendered":"T300\/1\/220 &#8211; BORDEADORAS ELECTRICAS"},"content":{"rendered":"<p>VOLTAJE\/FRECUENCIA: 220V~ 50-60Hz<br \/>\nPOTENCIA: 250W &#8211; 1\/3HP<br \/>\nVELOCIDAD EN VAC\u00cdO: 12000\/min<br \/>\nDI\u00c1METRO DE CORTE: 230mm &#8211; 10\u201d<br \/>\nDI\u00c1METRO DE NYLON: 1,2mm<br \/>\nCAPACIDAD DE NYLON: 2 x 4m<br \/>\nALTURA DE LA M\u00c1QUINA 105mm<br \/>\nTIPO DE AISLACI\u00d3N: CLASE II<br \/>\nPESO 3,6kg<\/p>\n","protected":false},"excerpt":{"rendered":"<p>VOLTAJE\/FRECUENCIA: 220V~ 50-60Hz<br \/>\nPOTENCIA: 250W &#8211; 1\/3HP<br \/>\nVELOCIDAD EN VAC\u00cdO: 12000\/min<br \/>\nDI\u00c1METRO DE CORTE: 230mm &#8211; 10\u201d<br \/>\nDI\u00c1METRO DE NYLON: 1,2mm<br \/>\nCAPACIDAD DE NYLON: 2 x 4m<br \/>\nALTURA DE LA M\u00c1QUINA 105mm<br \/>\nTIPO DE AISLACI\u00d3N: CLASE II<br \/>\nPESO 3,6kg<\/p>\n","protected":false},"featured_media":179,"comment_status":"open","ping_status":"closed","template":"","meta":[],"product_cat":[22,16],"product_tag":[],"class_list":{"0":"post-89","1":"product","2":"type-product","3":"status-publish","4":"has-post-thumbnail","6":"product_cat-bordeadoras","7":"product_cat-herramientas-electricas-y-combustion","9":"first","10":"outofstock","11":"taxable","12":"shipping-taxable","13":"product-type-simple"},"yoast_head":"<!-- This site is optimized with the Yoast SEO plugin v24.9 - https:\/\/yoast.com\/wordpress\/plugins\/seo\/ -->\n<title>T300\/1\/220 - BORDEADORAS ELECTRICAS - Tienda de Herramientas | hh.uy<\/title>\n<meta name=\"robots\" content=\"index, follow, max-snippet:-1, max-image-preview:large, max-video-preview:-1\" \/>\n<link rel=\"canonical\" href=\"https:\/\/hh.uy\/?product=t300-1-220-bordeadoras-electricas\" \/>\n<meta property=\"og:locale\" content=\"es_ES\" \/>\n<meta property=\"og:type\" content=\"article\" \/>\n<meta property=\"og:title\" content=\"T300\/1\/220 - BORDEADORAS ELECTRICAS - Tienda de Herramientas | hh.uy\" \/>\n<meta property=\"og:description\" content=\"VOLTAJE\/FRECUENCIA: 220V~ 50-60Hz POTENCIA: 250W - 1\/3HP VELOCIDAD EN VAC\u00cdO: 12000\/min DI\u00c1METRO DE CORTE: 230mm - 10\u201d DI\u00c1METRO DE NYLON: 1,2mm CAPACIDAD DE NYLON: 2 x 4m ALTURA DE LA M\u00c1QUINA 105mm TIPO DE AISLACI\u00d3N: CLASE II PESO 3,6kg\" \/>\n<meta property=\"og:url\" content=\"https:\/\/hh.uy\/?product=t300-1-220-bordeadoras-electricas\" \/>\n<meta property=\"og:site_name\" content=\"Tienda de Herramientas | hh.uy\" \/>\n<meta property=\"article:modified_time\" content=\"2021-04-27T18:58:10+00:00\" \/>\n<meta property=\"og:image\" content=\"https:\/\/hh.uy\/wp-content\/uploads\/2020\/04\/t30012200.jpg\" \/>\n\t<meta property=\"og:image:width\" content=\"1200\" \/>\n\t<meta property=\"og:image:height\" content=\"1200\" \/>\n\t<meta property=\"og:image:type\" content=\"image\/jpeg\" \/>\n<meta name=\"twitter:card\" content=\"summary_large_image\" \/>\n<script type=\"application\/ld+json\" class=\"yoast-schema-graph\">{\"@context\":\"https:\/\/schema.org\",\"@graph\":[{\"@type\":\"WebPage\",\"@id\":\"https:\/\/hh.uy\/?product=t300-1-220-bordeadoras-electricas\",\"url\":\"https:\/\/hh.uy\/?product=t300-1-220-bordeadoras-electricas\",\"name\":\"T300\/1\/220 - BORDEADORAS ELECTRICAS - Tienda de Herramientas | hh.uy\",\"isPartOf\":{\"@id\":\"https:\/\/hh.uy\/#website\"},\"primaryImageOfPage\":{\"@id\":\"https:\/\/hh.uy\/?product=t300-1-220-bordeadoras-electricas#primaryimage\"},\"image\":{\"@id\":\"https:\/\/hh.uy\/?product=t300-1-220-bordeadoras-electricas#primaryimage\"},\"thumbnailUrl\":\"https:\/\/hh.uy\/wp-content\/uploads\/2020\/04\/t30012200.jpg\",\"datePublished\":\"2020-04-07T17:15:06+00:00\",\"dateModified\":\"2021-04-27T18:58:10+00:00\",\"breadcrumb\":{\"@id\":\"https:\/\/hh.uy\/?product=t300-1-220-bordeadoras-electricas#breadcrumb\"},\"inLanguage\":\"es\",\"potentialAction\":[{\"@type\":\"ReadAction\",\"target\":[\"https:\/\/hh.uy\/?product=t300-1-220-bordeadoras-electricas\"]}]},{\"@type\":\"ImageObject\",\"inLanguage\":\"es\",\"@id\":\"https:\/\/hh.uy\/?product=t300-1-220-bordeadoras-electricas#primaryimage\",\"url\":\"https:\/\/hh.uy\/wp-content\/uploads\/2020\/04\/t30012200.jpg\",\"contentUrl\":\"https:\/\/hh.uy\/wp-content\/uploads\/2020\/04\/t30012200.jpg\",\"width\":1200,\"height\":1200},{\"@type\":\"BreadcrumbList\",\"@id\":\"https:\/\/hh.uy\/?product=t300-1-220-bordeadoras-electricas#breadcrumb\",\"itemListElement\":[{\"@type\":\"ListItem\",\"position\":1,\"name\":\"Home\",\"item\":\"https:\/\/hh.uy\/\"},{\"@type\":\"ListItem\",\"position\":2,\"name\":\"Shop\",\"item\":\"https:\/\/hh.uy\/?page_id=8\"},{\"@type\":\"ListItem\",\"position\":3,\"name\":\"T300\/1\/220 &#8211; BORDEADORAS ELECTRICAS\"}]},{\"@type\":\"WebSite\",\"@id\":\"https:\/\/hh.uy\/#website\",\"url\":\"https:\/\/hh.uy\/\",\"name\":\"Tienda de Herramientas | hh.uy\",\"description\":\"Consulta &gt; Compra &gt; Paga &gt; Recibe\",\"potentialAction\":[{\"@type\":\"SearchAction\",\"target\":{\"@type\":\"EntryPoint\",\"urlTemplate\":\"https:\/\/hh.uy\/?s={search_term_string}\"},\"query-input\":{\"@type\":\"PropertyValueSpecification\",\"valueRequired\":true,\"valueName\":\"search_term_string\"}}],\"inLanguage\":\"es\"}]}<\/script>\n<!-- \/ Yoast SEO plugin. -->","yoast_head_json":{"title":"T300\/1\/220 - BORDEADORAS ELECTRICAS - Tienda de Herramientas | hh.uy","robots":{"index":"index","follow":"follow","max-snippet":"max-snippet:-1","max-image-preview":"max-image-preview:large","max-video-preview":"max-video-preview:-1"},"canonical":"https:\/\/hh.uy\/?product=t300-1-220-bordeadoras-electricas","og_locale":"es_ES","og_type":"article","og_title":"T300\/1\/220 - BORDEADORAS ELECTRICAS - Tienda de Herramientas | hh.uy","og_description":"VOLTAJE\/FRECUENCIA: 220V~ 50-60Hz POTENCIA: 250W - 1\/3HP VELOCIDAD EN VAC\u00cdO: 12000\/min DI\u00c1METRO DE CORTE: 230mm - 10\u201d DI\u00c1METRO DE NYLON: 1,2mm CAPACIDAD DE NYLON: 2 x 4m ALTURA DE LA M\u00c1QUINA 105mm TIPO DE AISLACI\u00d3N: CLASE II PESO 3,6kg","og_url":"https:\/\/hh.uy\/?product=t300-1-220-bordeadoras-electricas","og_site_name":"Tienda de Herramientas | hh.uy","article_modified_time":"2021-04-27T18:58:10+00:00","og_image":[{"width":1200,"height":1200,"url":"https:\/\/hh.uy\/wp-content\/uploads\/2020\/04\/t30012200.jpg","type":"image\/jpeg"}],"twitter_card":"summary_large_image","schema":{"@context":"https:\/\/schema.org","@graph":[{"@type":"WebPage","@id":"https:\/\/hh.uy\/?product=t300-1-220-bordeadoras-electricas","url":"https:\/\/hh.uy\/?product=t300-1-220-bordeadoras-electricas","name":"T300\/1\/220 - BORDEADORAS ELECTRICAS - Tienda de Herramientas | hh.uy","isPartOf":{"@id":"https:\/\/hh.uy\/#website"},"primaryImageOfPage":{"@id":"https:\/\/hh.uy\/?product=t300-1-220-bordeadoras-electricas#primaryimage"},"image":{"@id":"https:\/\/hh.uy\/?product=t300-1-220-bordeadoras-electricas#primaryimage"},"thumbnailUrl":"https:\/\/hh.uy\/wp-content\/uploads\/2020\/04\/t30012200.jpg","datePublished":"2020-04-07T17:15:06+00:00","dateModified":"2021-04-27T18:58:10+00:00","breadcrumb":{"@id":"https:\/\/hh.uy\/?product=t300-1-220-bordeadoras-electricas#breadcrumb"},"inLanguage":"es","potentialAction":[{"@type":"ReadAction","target":["https:\/\/hh.uy\/?product=t300-1-220-bordeadoras-electricas"]}]},{"@type":"ImageObject","inLanguage":"es","@id":"https:\/\/hh.uy\/?product=t300-1-220-bordeadoras-electricas#primaryimage","url":"https:\/\/hh.uy\/wp-content\/uploads\/2020\/04\/t30012200.jpg","contentUrl":"https:\/\/hh.uy\/wp-content\/uploads\/2020\/04\/t30012200.jpg","width":1200,"height":1200},{"@type":"BreadcrumbList","@id":"https:\/\/hh.uy\/?product=t300-1-220-bordeadoras-electricas#breadcrumb","itemListElement":[{"@type":"ListItem","position":1,"name":"Home","item":"https:\/\/hh.uy\/"},{"@type":"ListItem","position":2,"name":"Shop","item":"https:\/\/hh.uy\/?page_id=8"},{"@type":"ListItem","position":3,"name":"T300\/1\/220 &#8211; BORDEADORAS ELECTRICAS"}]},{"@type":"WebSite","@id":"https:\/\/hh.uy\/#website","url":"https:\/\/hh.uy\/","name":"Tienda de Herramientas | hh.uy","description":"Consulta &gt; Compra &gt; Paga &gt; Recibe","potentialAction":[{"@type":"SearchAction","target":{"@type":"EntryPoint","urlTemplate":"https:\/\/hh.uy\/?s={search_term_string}"},"query-input":{"@type":"PropertyValueSpecification","valueRequired":true,"valueName":"search_term_string"}}],"inLanguage":"es"}]}},"_links":{"self":[{"href":"https:\/\/hh.uy\/index.php?rest_route=\/wp\/v2\/product\/89","targetHints":{"allow":["GET"]}}],"collection":[{"href":"https:\/\/hh.uy\/index.php?rest_route=\/wp\/v2\/product"}],"about":[{"href":"https:\/\/hh.uy\/index.php?rest_route=\/wp\/v2\/types\/product"}],"replies":[{"embeddable":true,"href":"https:\/\/hh.uy\/index.php?rest_route=%2Fwp%2Fv2%2Fcomments&post=89"}],"wp:featuredmedia":[{"embeddable":true,"href":"https:\/\/hh.uy\/index.php?rest_route=\/wp\/v2\/media\/179"}],"wp:attachment":[{"href":"https:\/\/hh.uy\/index.php?rest_route=%2Fwp%2Fv2%2Fmedia&parent=89"}],"wp:term":[{"taxonomy":"product_cat","embeddable":true,"href":"https:\/\/hh.uy\/index.php?rest_route=%2Fwp%2Fv2%2Fproduct_cat&post=89"},{"taxonomy":"product_tag","embeddable":true,"href":"https:\/\/hh.uy\/index.php?rest_route=%2Fwp%2Fv2%2Fproduct_tag&post=89"}],"curies":[{"name":"wp","href":"https:\/\/api.w.org\/{rel}","templated":true}]}}