{"id":88,"date":"2020-04-07T14:14:00","date_gmt":"2020-04-07T17:14:00","guid":{"rendered":"https:\/\/hh.uy\/?post_type=product&#038;p=88"},"modified":"2021-05-31T02:21:34","modified_gmt":"2021-05-31T05:21:34","slug":"be613-3-220-bordeadoras-electricas","status":"publish","type":"product","link":"https:\/\/hh.uy\/?product=be613-3-220-bordeadoras-electricas","title":{"rendered":"BE613\/3\/220 &#8211; Bordeadora el\u00e9ctrica Forrest &#038; Garden"},"content":{"rendered":"<p>CARACTERISTICAS:<br \/>\nSalida manual de Nylon<br \/>\nEmpu\u00f1adura regulable 180\u00ba, ajustable<br \/>\nSoft-Grip, mejor agarre y confortable a la mano<br \/>\nCuerpo extensible<br \/>\nAjuste de \u00e1ngulo de cabezal<br \/>\nRueda de apoyo para corte vertical<br \/>\nDATOS T\u00c9CNICOS:<br \/>\nVOLTAJE\/FRECUENCIA 220V~ 50Hz<br \/>\nPOTENCIA 0,7kW<br \/>\nVELOCIDAD EN VAC\u00cdO n0=11000rpm<br \/>\nDI\u00c1METRO DE CORTE 320mm-13&#8243;<br \/>\nDI\u00c1METRO DE NYLON 1,5mm-1\/16&#8243;<br \/>\nCAPACIDAD DE NYLON 2x4m<br \/>\nTIPO DE AISLACI\u00d3N CLASE II<br \/>\nPESO 2,85kg<\/p>\n","protected":false},"excerpt":{"rendered":"<p>CARACTERISTICAS:<br \/>\nSalida manual de Nylon<br \/>\nEmpu\u00f1adura regulable 180\u00ba, ajustable<br \/>\nSoft-Grip, mejor agarre y confortable a la mano<br \/>\nCuerpo extensible<br \/>\nAjuste de \u00e1ngulo de cabezal<br \/>\nRueda de apoyo para corte vertical<br \/>\nDATOS T\u00c9CNICOS:<br \/>\nVOLTAJE\/FRECUENCIA 220V~ 50Hz<br \/>\nPOTENCIA 0,7kW<br \/>\nVELOCIDAD EN VAC\u00cdO n0=11000rpm<br \/>\nDI\u00c1METRO DE CORTE 320mm-13&#8243;<br \/>\nDI\u00c1METRO DE NYLON 1,5mm-1\/16&#8243;<br \/>\nCAPACIDAD DE NYLON 2x4m<br \/>\nTIPO DE AISLACI\u00d3N CLASE II<br \/>\nPESO 2,85kg<\/p>\n","protected":false},"featured_media":178,"comment_status":"open","ping_status":"closed","template":"","meta":[],"product_cat":[22,16],"product_tag":[],"class_list":{"0":"post-88","1":"product","2":"type-product","3":"status-publish","4":"has-post-thumbnail","6":"product_cat-bordeadoras","7":"product_cat-herramientas-electricas-y-combustion","9":"first","10":"instock","11":"taxable","12":"shipping-taxable","13":"purchasable","14":"product-type-simple"},"yoast_head":"<!-- This site is optimized with the Yoast SEO plugin v24.9 - https:\/\/yoast.com\/wordpress\/plugins\/seo\/ -->\n<title>BE613\/3\/220 - Bordeadora el\u00e9ctrica Forrest &amp; Garden - Tienda de Herramientas | hh.uy<\/title>\n<meta name=\"robots\" content=\"index, follow, max-snippet:-1, max-image-preview:large, max-video-preview:-1\" \/>\n<link rel=\"canonical\" href=\"https:\/\/hh.uy\/?product=be613-3-220-bordeadoras-electricas\" \/>\n<meta property=\"og:locale\" content=\"es_ES\" \/>\n<meta property=\"og:type\" content=\"article\" \/>\n<meta property=\"og:title\" content=\"BE613\/3\/220 - Bordeadora el\u00e9ctrica Forrest &amp; Garden - Tienda de Herramientas | hh.uy\" \/>\n<meta property=\"og:description\" content=\"CARACTERISTICAS: Salida manual de Nylon Empu\u00f1adura regulable 180\u00ba, ajustable Soft-Grip, mejor agarre y confortable a la mano Cuerpo extensible Ajuste de \u00e1ngulo de cabezal Rueda de apoyo para corte vertical DATOS T\u00c9CNICOS: VOLTAJE\/FRECUENCIA 220V~ 50Hz POTENCIA 0,7kW VELOCIDAD EN VAC\u00cdO n0=11000rpm DI\u00c1METRO DE CORTE 320mm-13&quot; DI\u00c1METRO DE NYLON 1,5mm-1\/16&quot; CAPACIDAD DE NYLON 2x4m TIPO DE AISLACI\u00d3N CLASE II PESO 2,85kg\" \/>\n<meta property=\"og:url\" content=\"https:\/\/hh.uy\/?product=be613-3-220-bordeadoras-electricas\" \/>\n<meta property=\"og:site_name\" content=\"Tienda de Herramientas | hh.uy\" \/>\n<meta property=\"article:modified_time\" content=\"2021-05-31T05:21:34+00:00\" \/>\n<meta property=\"og:image\" content=\"https:\/\/hh.uy\/wp-content\/uploads\/2020\/04\/be61332200.jpg\" \/>\n\t<meta property=\"og:image:width\" content=\"900\" \/>\n\t<meta property=\"og:image:height\" content=\"1200\" \/>\n\t<meta property=\"og:image:type\" content=\"image\/jpeg\" \/>\n<meta name=\"twitter:card\" content=\"summary_large_image\" \/>\n<script type=\"application\/ld+json\" class=\"yoast-schema-graph\">{\"@context\":\"https:\/\/schema.org\",\"@graph\":[{\"@type\":\"WebPage\",\"@id\":\"https:\/\/hh.uy\/?product=be613-3-220-bordeadoras-electricas\",\"url\":\"https:\/\/hh.uy\/?product=be613-3-220-bordeadoras-electricas\",\"name\":\"BE613\/3\/220 - Bordeadora el\u00e9ctrica Forrest & Garden - Tienda de Herramientas | hh.uy\",\"isPartOf\":{\"@id\":\"https:\/\/hh.uy\/#website\"},\"primaryImageOfPage\":{\"@id\":\"https:\/\/hh.uy\/?product=be613-3-220-bordeadoras-electricas#primaryimage\"},\"image\":{\"@id\":\"https:\/\/hh.uy\/?product=be613-3-220-bordeadoras-electricas#primaryimage\"},\"thumbnailUrl\":\"https:\/\/hh.uy\/wp-content\/uploads\/2020\/04\/be61332200.jpg\",\"datePublished\":\"2020-04-07T17:14:00+00:00\",\"dateModified\":\"2021-05-31T05:21:34+00:00\",\"breadcrumb\":{\"@id\":\"https:\/\/hh.uy\/?product=be613-3-220-bordeadoras-electricas#breadcrumb\"},\"inLanguage\":\"es\",\"potentialAction\":[{\"@type\":\"ReadAction\",\"target\":[\"https:\/\/hh.uy\/?product=be613-3-220-bordeadoras-electricas\"]}]},{\"@type\":\"ImageObject\",\"inLanguage\":\"es\",\"@id\":\"https:\/\/hh.uy\/?product=be613-3-220-bordeadoras-electricas#primaryimage\",\"url\":\"https:\/\/hh.uy\/wp-content\/uploads\/2020\/04\/be61332200.jpg\",\"contentUrl\":\"https:\/\/hh.uy\/wp-content\/uploads\/2020\/04\/be61332200.jpg\",\"width\":900,\"height\":1200},{\"@type\":\"BreadcrumbList\",\"@id\":\"https:\/\/hh.uy\/?product=be613-3-220-bordeadoras-electricas#breadcrumb\",\"itemListElement\":[{\"@type\":\"ListItem\",\"position\":1,\"name\":\"Home\",\"item\":\"https:\/\/hh.uy\/\"},{\"@type\":\"ListItem\",\"position\":2,\"name\":\"Shop\",\"item\":\"https:\/\/hh.uy\/?page_id=8\"},{\"@type\":\"ListItem\",\"position\":3,\"name\":\"BE613\/3\/220 &#8211; Bordeadora el\u00e9ctrica Forrest &#038; Garden\"}]},{\"@type\":\"WebSite\",\"@id\":\"https:\/\/hh.uy\/#website\",\"url\":\"https:\/\/hh.uy\/\",\"name\":\"Tienda de Herramientas | hh.uy\",\"description\":\"Consulta &gt; Compra &gt; Paga &gt; Recibe\",\"potentialAction\":[{\"@type\":\"SearchAction\",\"target\":{\"@type\":\"EntryPoint\",\"urlTemplate\":\"https:\/\/hh.uy\/?s={search_term_string}\"},\"query-input\":{\"@type\":\"PropertyValueSpecification\",\"valueRequired\":true,\"valueName\":\"search_term_string\"}}],\"inLanguage\":\"es\"}]}<\/script>\n<!-- \/ Yoast SEO plugin. -->","yoast_head_json":{"title":"BE613\/3\/220 - Bordeadora el\u00e9ctrica Forrest & Garden - Tienda de Herramientas | hh.uy","robots":{"index":"index","follow":"follow","max-snippet":"max-snippet:-1","max-image-preview":"max-image-preview:large","max-video-preview":"max-video-preview:-1"},"canonical":"https:\/\/hh.uy\/?product=be613-3-220-bordeadoras-electricas","og_locale":"es_ES","og_type":"article","og_title":"BE613\/3\/220 - Bordeadora el\u00e9ctrica Forrest & Garden - Tienda de Herramientas | hh.uy","og_description":"CARACTERISTICAS: Salida manual de Nylon Empu\u00f1adura regulable 180\u00ba, ajustable Soft-Grip, mejor agarre y confortable a la mano Cuerpo extensible Ajuste de \u00e1ngulo de cabezal Rueda de apoyo para corte vertical DATOS T\u00c9CNICOS: VOLTAJE\/FRECUENCIA 220V~ 50Hz POTENCIA 0,7kW VELOCIDAD EN VAC\u00cdO n0=11000rpm DI\u00c1METRO DE CORTE 320mm-13\" DI\u00c1METRO DE NYLON 1,5mm-1\/16\" CAPACIDAD DE NYLON 2x4m TIPO DE AISLACI\u00d3N CLASE II PESO 2,85kg","og_url":"https:\/\/hh.uy\/?product=be613-3-220-bordeadoras-electricas","og_site_name":"Tienda de Herramientas | hh.uy","article_modified_time":"2021-05-31T05:21:34+00:00","og_image":[{"width":900,"height":1200,"url":"https:\/\/hh.uy\/wp-content\/uploads\/2020\/04\/be61332200.jpg","type":"image\/jpeg"}],"twitter_card":"summary_large_image","schema":{"@context":"https:\/\/schema.org","@graph":[{"@type":"WebPage","@id":"https:\/\/hh.uy\/?product=be613-3-220-bordeadoras-electricas","url":"https:\/\/hh.uy\/?product=be613-3-220-bordeadoras-electricas","name":"BE613\/3\/220 - Bordeadora el\u00e9ctrica Forrest & Garden - Tienda de Herramientas | hh.uy","isPartOf":{"@id":"https:\/\/hh.uy\/#website"},"primaryImageOfPage":{"@id":"https:\/\/hh.uy\/?product=be613-3-220-bordeadoras-electricas#primaryimage"},"image":{"@id":"https:\/\/hh.uy\/?product=be613-3-220-bordeadoras-electricas#primaryimage"},"thumbnailUrl":"https:\/\/hh.uy\/wp-content\/uploads\/2020\/04\/be61332200.jpg","datePublished":"2020-04-07T17:14:00+00:00","dateModified":"2021-05-31T05:21:34+00:00","breadcrumb":{"@id":"https:\/\/hh.uy\/?product=be613-3-220-bordeadoras-electricas#breadcrumb"},"inLanguage":"es","potentialAction":[{"@type":"ReadAction","target":["https:\/\/hh.uy\/?product=be613-3-220-bordeadoras-electricas"]}]},{"@type":"ImageObject","inLanguage":"es","@id":"https:\/\/hh.uy\/?product=be613-3-220-bordeadoras-electricas#primaryimage","url":"https:\/\/hh.uy\/wp-content\/uploads\/2020\/04\/be61332200.jpg","contentUrl":"https:\/\/hh.uy\/wp-content\/uploads\/2020\/04\/be61332200.jpg","width":900,"height":1200},{"@type":"BreadcrumbList","@id":"https:\/\/hh.uy\/?product=be613-3-220-bordeadoras-electricas#breadcrumb","itemListElement":[{"@type":"ListItem","position":1,"name":"Home","item":"https:\/\/hh.uy\/"},{"@type":"ListItem","position":2,"name":"Shop","item":"https:\/\/hh.uy\/?page_id=8"},{"@type":"ListItem","position":3,"name":"BE613\/3\/220 &#8211; Bordeadora el\u00e9ctrica Forrest &#038; Garden"}]},{"@type":"WebSite","@id":"https:\/\/hh.uy\/#website","url":"https:\/\/hh.uy\/","name":"Tienda de Herramientas | hh.uy","description":"Consulta &gt; Compra &gt; Paga &gt; Recibe","potentialAction":[{"@type":"SearchAction","target":{"@type":"EntryPoint","urlTemplate":"https:\/\/hh.uy\/?s={search_term_string}"},"query-input":{"@type":"PropertyValueSpecification","valueRequired":true,"valueName":"search_term_string"}}],"inLanguage":"es"}]}},"_links":{"self":[{"href":"https:\/\/hh.uy\/index.php?rest_route=\/wp\/v2\/product\/88","targetHints":{"allow":["GET"]}}],"collection":[{"href":"https:\/\/hh.uy\/index.php?rest_route=\/wp\/v2\/product"}],"about":[{"href":"https:\/\/hh.uy\/index.php?rest_route=\/wp\/v2\/types\/product"}],"replies":[{"embeddable":true,"href":"https:\/\/hh.uy\/index.php?rest_route=%2Fwp%2Fv2%2Fcomments&post=88"}],"wp:featuredmedia":[{"embeddable":true,"href":"https:\/\/hh.uy\/index.php?rest_route=\/wp\/v2\/media\/178"}],"wp:attachment":[{"href":"https:\/\/hh.uy\/index.php?rest_route=%2Fwp%2Fv2%2Fmedia&parent=88"}],"wp:term":[{"taxonomy":"product_cat","embeddable":true,"href":"https:\/\/hh.uy\/index.php?rest_route=%2Fwp%2Fv2%2Fproduct_cat&post=88"},{"taxonomy":"product_tag","embeddable":true,"href":"https:\/\/hh.uy\/index.php?rest_route=%2Fwp%2Fv2%2Fproduct_tag&post=88"}],"curies":[{"name":"wp","href":"https:\/\/api.w.org\/{rel}","templated":true}]}}