{"id":60,"date":"2020-04-06T16:09:57","date_gmt":"2020-04-06T19:09:57","guid":{"rendered":"https:\/\/hh.uy\/?post_type=product&#038;p=60"},"modified":"2021-04-27T15:15:47","modified_gmt":"2021-04-27T18:15:47","slug":"ah918-aspiradoras","status":"publish","type":"product","link":"https:\/\/hh.uy\/?product=ah918-aspiradoras","title":{"rendered":"AH918 &#8211; ASPIRADORAS"},"content":{"rendered":"<p>Aspira s\u00f3lidos y l\u00edquidos con alta eficiencia<br \/>\nTanque pl\u00e1stico<br \/>\nDise\u00f1o antivuelco con ruedas giratorias<br \/>\nDep\u00f3sito de 18 litros de capacidad anticorrosivo<br \/>\nC\u00f3moda manija para transporte<br \/>\nFunci\u00f3n soplador<br \/>\nEquipado con filtro HEPA de alta eficiencia<br \/>\nContenido: 1 boquilla, 1 cepillo de cerdas, 1 juego h\u00famedo y seco (cepillo grande 2 en 1), manguera de 1 5m, 1 filtro HEPA y 3 extensiones pl\u00e1sticas<br \/>\nVOLTAJE\/FRECUENCIA: 220V &#8211; 60Hz<br \/>\nPOTENCIA NOMINAL: 1000W<br \/>\nPOTENCIA MAXIMA: 1200W<br \/>\nPRESION DE VACIO: 16Kpa &#8211; 2 32PSI<br \/>\nCAPACIDAD DEL TANQUE: 18L<br \/>\nDiametro de accesorios: 32MM &#8211; 1 1\/4&#8243;<br \/>\nTIPO DE AISLACI\u00d3N: CLASE II<br \/>\nPESO: 5Kg<\/p>\n","protected":false},"excerpt":{"rendered":"<p>Aspira s\u00f3lidos y l\u00edquidos con alta eficiencia<br \/>\nTanque pl\u00e1stico<br \/>\nDise\u00f1o antivuelco con ruedas giratorias<br \/>\nDep\u00f3sito de 18 litros de capacidad anticorrosivo<br \/>\nC\u00f3moda manija para transporte<br \/>\nFunci\u00f3n soplador<br \/>\nEquipado con filtro HEPA de alta eficiencia<br \/>\nContenido: 1 boquilla, 1 cepillo de cerdas, 1 juego h\u00famedo y seco (cepillo grande 2 en 1), manguera de 1 5m, 1 filtro HEPA y 3 extensiones pl\u00e1sticas<br \/>\nVOLTAJE\/FRECUENCIA: 220V &#8211; 60Hz<br \/>\nPOTENCIA NOMINAL: 1000W<br \/>\nPOTENCIA MAXIMA: 1200W<br \/>\nPRESION DE VACIO: 16Kpa &#8211; 2 32PSI<br \/>\nCAPACIDAD DEL TANQUE: 18L<br \/>\nDiametro de accesorios: 32MM &#8211; 1 1\/4&#8243;<br \/>\nTIPO DE AISLACI\u00d3N: CLASE II<br \/>\nPESO: 5Kg<\/p>\n","protected":false},"featured_media":153,"comment_status":"open","ping_status":"closed","template":"","meta":[],"product_cat":[19,16],"product_tag":[],"class_list":{"0":"post-60","1":"product","2":"type-product","3":"status-publish","4":"has-post-thumbnail","6":"product_cat-aspiradoras","7":"product_cat-herramientas-electricas-y-combustion","9":"first","10":"outofstock","11":"taxable","12":"shipping-taxable","13":"product-type-simple"},"yoast_head":"<!-- This site is optimized with the Yoast SEO plugin v24.9 - https:\/\/yoast.com\/wordpress\/plugins\/seo\/ -->\n<title>AH918 - ASPIRADORAS - Tienda de Herramientas | hh.uy<\/title>\n<meta name=\"robots\" content=\"index, follow, max-snippet:-1, max-image-preview:large, max-video-preview:-1\" \/>\n<link rel=\"canonical\" href=\"https:\/\/hh.uy\/?product=ah918-aspiradoras\" \/>\n<meta property=\"og:locale\" content=\"es_ES\" \/>\n<meta property=\"og:type\" content=\"article\" \/>\n<meta property=\"og:title\" content=\"AH918 - ASPIRADORAS - Tienda de Herramientas | hh.uy\" \/>\n<meta property=\"og:description\" content=\"Aspira s\u00f3lidos y l\u00edquidos con alta eficiencia Tanque pl\u00e1stico Dise\u00f1o antivuelco con ruedas giratorias Dep\u00f3sito de 18 litros de capacidad anticorrosivo C\u00f3moda manija para transporte Funci\u00f3n soplador Equipado con filtro HEPA de alta eficiencia Contenido: 1 boquilla, 1 cepillo de cerdas, 1 juego h\u00famedo y seco (cepillo grande 2 en 1), manguera de 1 5m, 1 filtro HEPA y 3 extensiones pl\u00e1sticas VOLTAJE\/FRECUENCIA: 220V - 60Hz POTENCIA NOMINAL: 1000W POTENCIA MAXIMA: 1200W PRESION DE VACIO: 16Kpa - 2 32PSI CAPACIDAD DEL TANQUE: 18L Diametro de accesorios: 32MM - 1 1\/4&quot; TIPO DE AISLACI\u00d3N: CLASE II PESO: 5Kg\" \/>\n<meta property=\"og:url\" content=\"https:\/\/hh.uy\/?product=ah918-aspiradoras\" \/>\n<meta property=\"og:site_name\" content=\"Tienda de Herramientas | hh.uy\" \/>\n<meta property=\"article:modified_time\" content=\"2021-04-27T18:15:47+00:00\" \/>\n<meta property=\"og:image\" content=\"https:\/\/hh.uy\/wp-content\/uploads\/2020\/04\/ah9180.png\" \/>\n\t<meta property=\"og:image:width\" content=\"1000\" \/>\n\t<meta property=\"og:image:height\" content=\"1000\" \/>\n\t<meta property=\"og:image:type\" content=\"image\/png\" \/>\n<meta name=\"twitter:card\" content=\"summary_large_image\" \/>\n<script type=\"application\/ld+json\" class=\"yoast-schema-graph\">{\"@context\":\"https:\/\/schema.org\",\"@graph\":[{\"@type\":\"WebPage\",\"@id\":\"https:\/\/hh.uy\/?product=ah918-aspiradoras\",\"url\":\"https:\/\/hh.uy\/?product=ah918-aspiradoras\",\"name\":\"AH918 - ASPIRADORAS - Tienda de Herramientas | hh.uy\",\"isPartOf\":{\"@id\":\"https:\/\/hh.uy\/#website\"},\"primaryImageOfPage\":{\"@id\":\"https:\/\/hh.uy\/?product=ah918-aspiradoras#primaryimage\"},\"image\":{\"@id\":\"https:\/\/hh.uy\/?product=ah918-aspiradoras#primaryimage\"},\"thumbnailUrl\":\"https:\/\/hh.uy\/wp-content\/uploads\/2020\/04\/ah9180.png\",\"datePublished\":\"2020-04-06T19:09:57+00:00\",\"dateModified\":\"2021-04-27T18:15:47+00:00\",\"breadcrumb\":{\"@id\":\"https:\/\/hh.uy\/?product=ah918-aspiradoras#breadcrumb\"},\"inLanguage\":\"es\",\"potentialAction\":[{\"@type\":\"ReadAction\",\"target\":[\"https:\/\/hh.uy\/?product=ah918-aspiradoras\"]}]},{\"@type\":\"ImageObject\",\"inLanguage\":\"es\",\"@id\":\"https:\/\/hh.uy\/?product=ah918-aspiradoras#primaryimage\",\"url\":\"https:\/\/hh.uy\/wp-content\/uploads\/2020\/04\/ah9180.png\",\"contentUrl\":\"https:\/\/hh.uy\/wp-content\/uploads\/2020\/04\/ah9180.png\",\"width\":1000,\"height\":1000},{\"@type\":\"BreadcrumbList\",\"@id\":\"https:\/\/hh.uy\/?product=ah918-aspiradoras#breadcrumb\",\"itemListElement\":[{\"@type\":\"ListItem\",\"position\":1,\"name\":\"Home\",\"item\":\"https:\/\/hh.uy\/\"},{\"@type\":\"ListItem\",\"position\":2,\"name\":\"Shop\",\"item\":\"https:\/\/hh.uy\/?page_id=8\"},{\"@type\":\"ListItem\",\"position\":3,\"name\":\"AH918 &#8211; ASPIRADORAS\"}]},{\"@type\":\"WebSite\",\"@id\":\"https:\/\/hh.uy\/#website\",\"url\":\"https:\/\/hh.uy\/\",\"name\":\"Tienda de Herramientas | hh.uy\",\"description\":\"Consulta &gt; Compra &gt; Paga &gt; Recibe\",\"potentialAction\":[{\"@type\":\"SearchAction\",\"target\":{\"@type\":\"EntryPoint\",\"urlTemplate\":\"https:\/\/hh.uy\/?s={search_term_string}\"},\"query-input\":{\"@type\":\"PropertyValueSpecification\",\"valueRequired\":true,\"valueName\":\"search_term_string\"}}],\"inLanguage\":\"es\"}]}<\/script>\n<!-- \/ Yoast SEO plugin. -->","yoast_head_json":{"title":"AH918 - ASPIRADORAS - Tienda de Herramientas | hh.uy","robots":{"index":"index","follow":"follow","max-snippet":"max-snippet:-1","max-image-preview":"max-image-preview:large","max-video-preview":"max-video-preview:-1"},"canonical":"https:\/\/hh.uy\/?product=ah918-aspiradoras","og_locale":"es_ES","og_type":"article","og_title":"AH918 - ASPIRADORAS - Tienda de Herramientas | hh.uy","og_description":"Aspira s\u00f3lidos y l\u00edquidos con alta eficiencia Tanque pl\u00e1stico Dise\u00f1o antivuelco con ruedas giratorias Dep\u00f3sito de 18 litros de capacidad anticorrosivo C\u00f3moda manija para transporte Funci\u00f3n soplador Equipado con filtro HEPA de alta eficiencia Contenido: 1 boquilla, 1 cepillo de cerdas, 1 juego h\u00famedo y seco (cepillo grande 2 en 1), manguera de 1 5m, 1 filtro HEPA y 3 extensiones pl\u00e1sticas VOLTAJE\/FRECUENCIA: 220V - 60Hz POTENCIA NOMINAL: 1000W POTENCIA MAXIMA: 1200W PRESION DE VACIO: 16Kpa - 2 32PSI CAPACIDAD DEL TANQUE: 18L Diametro de accesorios: 32MM - 1 1\/4\" TIPO DE AISLACI\u00d3N: CLASE II PESO: 5Kg","og_url":"https:\/\/hh.uy\/?product=ah918-aspiradoras","og_site_name":"Tienda de Herramientas | hh.uy","article_modified_time":"2021-04-27T18:15:47+00:00","og_image":[{"width":1000,"height":1000,"url":"https:\/\/hh.uy\/wp-content\/uploads\/2020\/04\/ah9180.png","type":"image\/png"}],"twitter_card":"summary_large_image","schema":{"@context":"https:\/\/schema.org","@graph":[{"@type":"WebPage","@id":"https:\/\/hh.uy\/?product=ah918-aspiradoras","url":"https:\/\/hh.uy\/?product=ah918-aspiradoras","name":"AH918 - ASPIRADORAS - Tienda de Herramientas | hh.uy","isPartOf":{"@id":"https:\/\/hh.uy\/#website"},"primaryImageOfPage":{"@id":"https:\/\/hh.uy\/?product=ah918-aspiradoras#primaryimage"},"image":{"@id":"https:\/\/hh.uy\/?product=ah918-aspiradoras#primaryimage"},"thumbnailUrl":"https:\/\/hh.uy\/wp-content\/uploads\/2020\/04\/ah9180.png","datePublished":"2020-04-06T19:09:57+00:00","dateModified":"2021-04-27T18:15:47+00:00","breadcrumb":{"@id":"https:\/\/hh.uy\/?product=ah918-aspiradoras#breadcrumb"},"inLanguage":"es","potentialAction":[{"@type":"ReadAction","target":["https:\/\/hh.uy\/?product=ah918-aspiradoras"]}]},{"@type":"ImageObject","inLanguage":"es","@id":"https:\/\/hh.uy\/?product=ah918-aspiradoras#primaryimage","url":"https:\/\/hh.uy\/wp-content\/uploads\/2020\/04\/ah9180.png","contentUrl":"https:\/\/hh.uy\/wp-content\/uploads\/2020\/04\/ah9180.png","width":1000,"height":1000},{"@type":"BreadcrumbList","@id":"https:\/\/hh.uy\/?product=ah918-aspiradoras#breadcrumb","itemListElement":[{"@type":"ListItem","position":1,"name":"Home","item":"https:\/\/hh.uy\/"},{"@type":"ListItem","position":2,"name":"Shop","item":"https:\/\/hh.uy\/?page_id=8"},{"@type":"ListItem","position":3,"name":"AH918 &#8211; ASPIRADORAS"}]},{"@type":"WebSite","@id":"https:\/\/hh.uy\/#website","url":"https:\/\/hh.uy\/","name":"Tienda de Herramientas | hh.uy","description":"Consulta &gt; Compra &gt; Paga &gt; Recibe","potentialAction":[{"@type":"SearchAction","target":{"@type":"EntryPoint","urlTemplate":"https:\/\/hh.uy\/?s={search_term_string}"},"query-input":{"@type":"PropertyValueSpecification","valueRequired":true,"valueName":"search_term_string"}}],"inLanguage":"es"}]}},"_links":{"self":[{"href":"https:\/\/hh.uy\/index.php?rest_route=\/wp\/v2\/product\/60","targetHints":{"allow":["GET"]}}],"collection":[{"href":"https:\/\/hh.uy\/index.php?rest_route=\/wp\/v2\/product"}],"about":[{"href":"https:\/\/hh.uy\/index.php?rest_route=\/wp\/v2\/types\/product"}],"replies":[{"embeddable":true,"href":"https:\/\/hh.uy\/index.php?rest_route=%2Fwp%2Fv2%2Fcomments&post=60"}],"wp:featuredmedia":[{"embeddable":true,"href":"https:\/\/hh.uy\/index.php?rest_route=\/wp\/v2\/media\/153"}],"wp:attachment":[{"href":"https:\/\/hh.uy\/index.php?rest_route=%2Fwp%2Fv2%2Fmedia&parent=60"}],"wp:term":[{"taxonomy":"product_cat","embeddable":true,"href":"https:\/\/hh.uy\/index.php?rest_route=%2Fwp%2Fv2%2Fproduct_cat&post=60"},{"taxonomy":"product_tag","embeddable":true,"href":"https:\/\/hh.uy\/index.php?rest_route=%2Fwp%2Fv2%2Fproduct_tag&post=60"}],"curies":[{"name":"wp","href":"https:\/\/api.w.org\/{rel}","templated":true}]}}