{"id":487,"date":"2021-04-27T14:26:05","date_gmt":"2021-04-27T17:26:05","guid":{"rendered":"https:\/\/hh.uy\/?post_type=product&#038;p=487"},"modified":"2021-04-28T19:11:48","modified_gmt":"2021-04-28T22:11:48","slug":"pc1060-2k-pistola-de-calor-neo","status":"publish","type":"product","link":"https:\/\/hh.uy\/?product=pc1060-2k-pistola-de-calor-neo","title":{"rendered":"Pc1060\/2k &#8211; Pistola De Calor Neo"},"content":{"rendered":"<p>Visor digital de temperatura<br \/>\nComando digital de temperatura<br \/>\nContenido: 1 pistola de calor, 1 boquilla reflectora, 1 boquilla c\u00f3nica, 1 boquilla protectora para vidrio, 1 boquilla angular, 1 esp\u00e1tula, 1 cuchilla, 1 malet\u00edn pl\u00e1stico<br \/>\nVOLTAJE\/FRECUENCIA 220V &#8211; 50Hz.<br \/>\nPOTENCIA 2000W<br \/>\nTEMPERATURA DE SALIDA 1 50\u00baC, 100\u00baC, 150\u00baC, 200\u00baC, 250\u00baC, 350\u00baC<br \/>\nTEMPERATURA DE SALIDA 2 100\u00baC, 200\u00baC, 300\u00baC, 400\u00baC, 500\u00baC, 600\u00baC<br \/>\nCAUDAL 1 250L\/min &#8211; 8,82CFM<br \/>\nCAUDAL 2 550L\/min &#8211; 16,64CFM<br \/>\nLARGO DE CABLE 1,8m<br \/>\nTIPO DE AISLACI\u00d3N Clase II<br \/>\nPESO 1,8Kg<\/p>\n","protected":false},"excerpt":{"rendered":"<p>Visor digital de temperatura<br \/>\nComando digital de temperatura<br \/>\nContenido: 1 pistola de calor, 1 boquilla reflectora,<\/p>\n<p>1 boquilla c\u00f3nica, 1 boquilla protectora para vidrio,<\/p>\n<p>1 boquilla angular, 1 esp\u00e1tula,<\/p>\n<p>1 cuchilla, 1 malet\u00edn pl\u00e1stico<\/p>\n","protected":false},"featured_media":592,"comment_status":"open","ping_status":"closed","template":"","meta":[],"product_cat":[44],"product_tag":[],"class_list":{"0":"post-487","1":"product","2":"type-product","3":"status-publish","4":"has-post-thumbnail","6":"product_cat-pistolas-de-calor","8":"first","9":"instock","10":"taxable","11":"shipping-taxable","12":"purchasable","13":"product-type-simple"},"yoast_head":"<!-- This site is optimized with the Yoast SEO plugin v24.9 - https:\/\/yoast.com\/wordpress\/plugins\/seo\/ -->\n<title>Pc1060\/2k - Pistola De Calor Neo - Tienda de Herramientas | hh.uy<\/title>\n<meta name=\"robots\" content=\"index, follow, max-snippet:-1, max-image-preview:large, max-video-preview:-1\" \/>\n<link rel=\"canonical\" href=\"https:\/\/hh.uy\/?product=pc1060-2k-pistola-de-calor-neo\" \/>\n<meta property=\"og:locale\" content=\"es_ES\" \/>\n<meta property=\"og:type\" content=\"article\" \/>\n<meta property=\"og:title\" content=\"Pc1060\/2k - Pistola De Calor Neo - Tienda de Herramientas | hh.uy\" \/>\n<meta property=\"og:description\" content=\"Visor digital de temperatura Comando digital de temperatura Contenido: 1 pistola de calor, 1 boquilla reflectora,  1 boquilla c\u00f3nica, 1 boquilla protectora para vidrio,  1 boquilla angular, 1 esp\u00e1tula,  1 cuchilla, 1 malet\u00edn pl\u00e1stico\" \/>\n<meta property=\"og:url\" content=\"https:\/\/hh.uy\/?product=pc1060-2k-pistola-de-calor-neo\" \/>\n<meta property=\"og:site_name\" content=\"Tienda de Herramientas | hh.uy\" \/>\n<meta property=\"article:modified_time\" content=\"2021-04-28T22:11:48+00:00\" \/>\n<meta property=\"og:image\" content=\"https:\/\/hh.uy\/wp-content\/uploads\/2021\/04\/pc10602k0.png\" \/>\n\t<meta property=\"og:image:width\" content=\"900\" \/>\n\t<meta property=\"og:image:height\" content=\"775\" \/>\n\t<meta property=\"og:image:type\" content=\"image\/png\" \/>\n<meta name=\"twitter:card\" content=\"summary_large_image\" \/>\n<meta name=\"twitter:label1\" content=\"Tiempo de lectura\" \/>\n\t<meta name=\"twitter:data1\" content=\"1 minuto\" \/>\n<script type=\"application\/ld+json\" class=\"yoast-schema-graph\">{\"@context\":\"https:\/\/schema.org\",\"@graph\":[{\"@type\":\"WebPage\",\"@id\":\"https:\/\/hh.uy\/?product=pc1060-2k-pistola-de-calor-neo\",\"url\":\"https:\/\/hh.uy\/?product=pc1060-2k-pistola-de-calor-neo\",\"name\":\"Pc1060\/2k - Pistola De Calor Neo - Tienda de Herramientas | hh.uy\",\"isPartOf\":{\"@id\":\"https:\/\/hh.uy\/#website\"},\"primaryImageOfPage\":{\"@id\":\"https:\/\/hh.uy\/?product=pc1060-2k-pistola-de-calor-neo#primaryimage\"},\"image\":{\"@id\":\"https:\/\/hh.uy\/?product=pc1060-2k-pistola-de-calor-neo#primaryimage\"},\"thumbnailUrl\":\"https:\/\/hh.uy\/wp-content\/uploads\/2021\/04\/pc10602k0.png\",\"datePublished\":\"2021-04-27T17:26:05+00:00\",\"dateModified\":\"2021-04-28T22:11:48+00:00\",\"breadcrumb\":{\"@id\":\"https:\/\/hh.uy\/?product=pc1060-2k-pistola-de-calor-neo#breadcrumb\"},\"inLanguage\":\"es\",\"potentialAction\":[{\"@type\":\"ReadAction\",\"target\":[\"https:\/\/hh.uy\/?product=pc1060-2k-pistola-de-calor-neo\"]}]},{\"@type\":\"ImageObject\",\"inLanguage\":\"es\",\"@id\":\"https:\/\/hh.uy\/?product=pc1060-2k-pistola-de-calor-neo#primaryimage\",\"url\":\"https:\/\/hh.uy\/wp-content\/uploads\/2021\/04\/pc10602k0.png\",\"contentUrl\":\"https:\/\/hh.uy\/wp-content\/uploads\/2021\/04\/pc10602k0.png\",\"width\":900,\"height\":775},{\"@type\":\"BreadcrumbList\",\"@id\":\"https:\/\/hh.uy\/?product=pc1060-2k-pistola-de-calor-neo#breadcrumb\",\"itemListElement\":[{\"@type\":\"ListItem\",\"position\":1,\"name\":\"Home\",\"item\":\"https:\/\/hh.uy\/\"},{\"@type\":\"ListItem\",\"position\":2,\"name\":\"Shop\",\"item\":\"https:\/\/hh.uy\/?page_id=8\"},{\"@type\":\"ListItem\",\"position\":3,\"name\":\"Pc1060\/2k &#8211; Pistola De Calor Neo\"}]},{\"@type\":\"WebSite\",\"@id\":\"https:\/\/hh.uy\/#website\",\"url\":\"https:\/\/hh.uy\/\",\"name\":\"Tienda de Herramientas | hh.uy\",\"description\":\"Consulta &gt; Compra &gt; Paga &gt; Recibe\",\"potentialAction\":[{\"@type\":\"SearchAction\",\"target\":{\"@type\":\"EntryPoint\",\"urlTemplate\":\"https:\/\/hh.uy\/?s={search_term_string}\"},\"query-input\":{\"@type\":\"PropertyValueSpecification\",\"valueRequired\":true,\"valueName\":\"search_term_string\"}}],\"inLanguage\":\"es\"}]}<\/script>\n<!-- \/ Yoast SEO plugin. -->","yoast_head_json":{"title":"Pc1060\/2k - Pistola De Calor Neo - Tienda de Herramientas | hh.uy","robots":{"index":"index","follow":"follow","max-snippet":"max-snippet:-1","max-image-preview":"max-image-preview:large","max-video-preview":"max-video-preview:-1"},"canonical":"https:\/\/hh.uy\/?product=pc1060-2k-pistola-de-calor-neo","og_locale":"es_ES","og_type":"article","og_title":"Pc1060\/2k - Pistola De Calor Neo - Tienda de Herramientas | hh.uy","og_description":"Visor digital de temperatura Comando digital de temperatura Contenido: 1 pistola de calor, 1 boquilla reflectora,  1 boquilla c\u00f3nica, 1 boquilla protectora para vidrio,  1 boquilla angular, 1 esp\u00e1tula,  1 cuchilla, 1 malet\u00edn pl\u00e1stico","og_url":"https:\/\/hh.uy\/?product=pc1060-2k-pistola-de-calor-neo","og_site_name":"Tienda de Herramientas | hh.uy","article_modified_time":"2021-04-28T22:11:48+00:00","og_image":[{"width":900,"height":775,"url":"https:\/\/hh.uy\/wp-content\/uploads\/2021\/04\/pc10602k0.png","type":"image\/png"}],"twitter_card":"summary_large_image","twitter_misc":{"Tiempo de lectura":"1 minuto"},"schema":{"@context":"https:\/\/schema.org","@graph":[{"@type":"WebPage","@id":"https:\/\/hh.uy\/?product=pc1060-2k-pistola-de-calor-neo","url":"https:\/\/hh.uy\/?product=pc1060-2k-pistola-de-calor-neo","name":"Pc1060\/2k - Pistola De Calor Neo - Tienda de Herramientas | hh.uy","isPartOf":{"@id":"https:\/\/hh.uy\/#website"},"primaryImageOfPage":{"@id":"https:\/\/hh.uy\/?product=pc1060-2k-pistola-de-calor-neo#primaryimage"},"image":{"@id":"https:\/\/hh.uy\/?product=pc1060-2k-pistola-de-calor-neo#primaryimage"},"thumbnailUrl":"https:\/\/hh.uy\/wp-content\/uploads\/2021\/04\/pc10602k0.png","datePublished":"2021-04-27T17:26:05+00:00","dateModified":"2021-04-28T22:11:48+00:00","breadcrumb":{"@id":"https:\/\/hh.uy\/?product=pc1060-2k-pistola-de-calor-neo#breadcrumb"},"inLanguage":"es","potentialAction":[{"@type":"ReadAction","target":["https:\/\/hh.uy\/?product=pc1060-2k-pistola-de-calor-neo"]}]},{"@type":"ImageObject","inLanguage":"es","@id":"https:\/\/hh.uy\/?product=pc1060-2k-pistola-de-calor-neo#primaryimage","url":"https:\/\/hh.uy\/wp-content\/uploads\/2021\/04\/pc10602k0.png","contentUrl":"https:\/\/hh.uy\/wp-content\/uploads\/2021\/04\/pc10602k0.png","width":900,"height":775},{"@type":"BreadcrumbList","@id":"https:\/\/hh.uy\/?product=pc1060-2k-pistola-de-calor-neo#breadcrumb","itemListElement":[{"@type":"ListItem","position":1,"name":"Home","item":"https:\/\/hh.uy\/"},{"@type":"ListItem","position":2,"name":"Shop","item":"https:\/\/hh.uy\/?page_id=8"},{"@type":"ListItem","position":3,"name":"Pc1060\/2k &#8211; Pistola De Calor Neo"}]},{"@type":"WebSite","@id":"https:\/\/hh.uy\/#website","url":"https:\/\/hh.uy\/","name":"Tienda de Herramientas | hh.uy","description":"Consulta &gt; Compra &gt; Paga &gt; Recibe","potentialAction":[{"@type":"SearchAction","target":{"@type":"EntryPoint","urlTemplate":"https:\/\/hh.uy\/?s={search_term_string}"},"query-input":{"@type":"PropertyValueSpecification","valueRequired":true,"valueName":"search_term_string"}}],"inLanguage":"es"}]}},"_links":{"self":[{"href":"https:\/\/hh.uy\/index.php?rest_route=\/wp\/v2\/product\/487","targetHints":{"allow":["GET"]}}],"collection":[{"href":"https:\/\/hh.uy\/index.php?rest_route=\/wp\/v2\/product"}],"about":[{"href":"https:\/\/hh.uy\/index.php?rest_route=\/wp\/v2\/types\/product"}],"replies":[{"embeddable":true,"href":"https:\/\/hh.uy\/index.php?rest_route=%2Fwp%2Fv2%2Fcomments&post=487"}],"wp:featuredmedia":[{"embeddable":true,"href":"https:\/\/hh.uy\/index.php?rest_route=\/wp\/v2\/media\/592"}],"wp:attachment":[{"href":"https:\/\/hh.uy\/index.php?rest_route=%2Fwp%2Fv2%2Fmedia&parent=487"}],"wp:term":[{"taxonomy":"product_cat","embeddable":true,"href":"https:\/\/hh.uy\/index.php?rest_route=%2Fwp%2Fv2%2Fproduct_cat&post=487"},{"taxonomy":"product_tag","embeddable":true,"href":"https:\/\/hh.uy\/index.php?rest_route=%2Fwp%2Fv2%2Fproduct_tag&post=487"}],"curies":[{"name":"wp","href":"https:\/\/api.w.org\/{rel}","templated":true}]}}