{"id":478,"date":"2021-04-27T14:25:56","date_gmt":"2021-04-27T17:25:56","guid":{"rendered":"https:\/\/hh.uy\/?post_type=product&#038;p=478"},"modified":"2021-04-28T19:47:17","modified_gmt":"2021-04-28T22:47:17","slug":"lr1005-220-lijadora-neo-next","status":"publish","type":"product","link":"https:\/\/hh.uy\/?product=lr1005-220-lijadora-neo-next","title":{"rendered":"Lr1005\/220 &#8211; Lijadora Neo Next"},"content":{"rendered":"<p>Posee un di\u00e1metro de oscilaci\u00f3n mejorado, que permite trabajar mayor superficie en menor tiempo.<br \/>\nGrip din\u00e1mico: se adapta para la comodidad del usuario para per\u00edodos de uso prolongados.<\/p>\n<p>Voltaje &#8211; Frecuencia: 220V ~ 50-60Hz<br \/>\nPotencia: 450W<br \/>\nVelocidad en vac\u00edo: n0=4000-13500rpm<br \/>\nCapacidad: 125mm &#8211; 5&#8243;<br \/>\nPeso: 1,7kg-3,75lb<\/p>\n","protected":false},"excerpt":{"rendered":"<p>Posee un di\u00e1metro de oscilaci\u00f3n mejorado<\/p>\n<p>que permite trabajar mayor superficie en menor tiempo.<\/p>\n<p>Grip din\u00e1mico<\/p>\n<p>se adapta para la comodidad del usuario para per\u00edodos de uso prolongados.<\/p>\n","protected":false},"featured_media":616,"comment_status":"open","ping_status":"closed","template":"","meta":[],"product_cat":[37],"product_tag":[],"class_list":{"0":"post-478","1":"product","2":"type-product","3":"status-publish","4":"has-post-thumbnail","6":"product_cat-lijadoras-para-madera","8":"first","9":"instock","10":"taxable","11":"shipping-taxable","12":"purchasable","13":"product-type-simple"},"yoast_head":"<!-- This site is optimized with the Yoast SEO plugin v24.9 - https:\/\/yoast.com\/wordpress\/plugins\/seo\/ -->\n<title>Lr1005\/220 - Lijadora Neo Next - Tienda de Herramientas | hh.uy<\/title>\n<meta name=\"robots\" content=\"index, follow, max-snippet:-1, max-image-preview:large, max-video-preview:-1\" \/>\n<link rel=\"canonical\" href=\"https:\/\/hh.uy\/?product=lr1005-220-lijadora-neo-next\" \/>\n<meta property=\"og:locale\" content=\"es_ES\" \/>\n<meta property=\"og:type\" content=\"article\" \/>\n<meta property=\"og:title\" content=\"Lr1005\/220 - Lijadora Neo Next - Tienda de Herramientas | hh.uy\" \/>\n<meta property=\"og:description\" content=\"Posee un di\u00e1metro de oscilaci\u00f3n mejorado  que permite trabajar mayor superficie en menor tiempo.  Grip din\u00e1mico  se adapta para la comodidad del usuario para per\u00edodos de uso prolongados.\" \/>\n<meta property=\"og:url\" content=\"https:\/\/hh.uy\/?product=lr1005-220-lijadora-neo-next\" \/>\n<meta property=\"og:site_name\" content=\"Tienda de Herramientas | hh.uy\" \/>\n<meta property=\"article:modified_time\" content=\"2021-04-28T22:47:17+00:00\" \/>\n<meta property=\"og:image\" content=\"https:\/\/hh.uy\/wp-content\/uploads\/2021\/04\/lr10052200.jpg\" \/>\n\t<meta property=\"og:image:width\" content=\"1000\" \/>\n\t<meta property=\"og:image:height\" content=\"1000\" \/>\n\t<meta property=\"og:image:type\" content=\"image\/jpeg\" \/>\n<meta name=\"twitter:card\" content=\"summary_large_image\" \/>\n<meta name=\"twitter:label1\" content=\"Tiempo de lectura\" \/>\n\t<meta name=\"twitter:data1\" content=\"1 minuto\" \/>\n<script type=\"application\/ld+json\" class=\"yoast-schema-graph\">{\"@context\":\"https:\/\/schema.org\",\"@graph\":[{\"@type\":\"WebPage\",\"@id\":\"https:\/\/hh.uy\/?product=lr1005-220-lijadora-neo-next\",\"url\":\"https:\/\/hh.uy\/?product=lr1005-220-lijadora-neo-next\",\"name\":\"Lr1005\/220 - Lijadora Neo Next - Tienda de Herramientas | hh.uy\",\"isPartOf\":{\"@id\":\"https:\/\/hh.uy\/#website\"},\"primaryImageOfPage\":{\"@id\":\"https:\/\/hh.uy\/?product=lr1005-220-lijadora-neo-next#primaryimage\"},\"image\":{\"@id\":\"https:\/\/hh.uy\/?product=lr1005-220-lijadora-neo-next#primaryimage\"},\"thumbnailUrl\":\"https:\/\/hh.uy\/wp-content\/uploads\/2021\/04\/lr10052200.jpg\",\"datePublished\":\"2021-04-27T17:25:56+00:00\",\"dateModified\":\"2021-04-28T22:47:17+00:00\",\"breadcrumb\":{\"@id\":\"https:\/\/hh.uy\/?product=lr1005-220-lijadora-neo-next#breadcrumb\"},\"inLanguage\":\"es\",\"potentialAction\":[{\"@type\":\"ReadAction\",\"target\":[\"https:\/\/hh.uy\/?product=lr1005-220-lijadora-neo-next\"]}]},{\"@type\":\"ImageObject\",\"inLanguage\":\"es\",\"@id\":\"https:\/\/hh.uy\/?product=lr1005-220-lijadora-neo-next#primaryimage\",\"url\":\"https:\/\/hh.uy\/wp-content\/uploads\/2021\/04\/lr10052200.jpg\",\"contentUrl\":\"https:\/\/hh.uy\/wp-content\/uploads\/2021\/04\/lr10052200.jpg\",\"width\":1000,\"height\":1000},{\"@type\":\"BreadcrumbList\",\"@id\":\"https:\/\/hh.uy\/?product=lr1005-220-lijadora-neo-next#breadcrumb\",\"itemListElement\":[{\"@type\":\"ListItem\",\"position\":1,\"name\":\"Home\",\"item\":\"https:\/\/hh.uy\/\"},{\"@type\":\"ListItem\",\"position\":2,\"name\":\"Shop\",\"item\":\"https:\/\/hh.uy\/?page_id=8\"},{\"@type\":\"ListItem\",\"position\":3,\"name\":\"Lr1005\/220 &#8211; Lijadora Neo Next\"}]},{\"@type\":\"WebSite\",\"@id\":\"https:\/\/hh.uy\/#website\",\"url\":\"https:\/\/hh.uy\/\",\"name\":\"Tienda de Herramientas | hh.uy\",\"description\":\"Consulta &gt; Compra &gt; Paga &gt; Recibe\",\"potentialAction\":[{\"@type\":\"SearchAction\",\"target\":{\"@type\":\"EntryPoint\",\"urlTemplate\":\"https:\/\/hh.uy\/?s={search_term_string}\"},\"query-input\":{\"@type\":\"PropertyValueSpecification\",\"valueRequired\":true,\"valueName\":\"search_term_string\"}}],\"inLanguage\":\"es\"}]}<\/script>\n<!-- \/ Yoast SEO plugin. -->","yoast_head_json":{"title":"Lr1005\/220 - Lijadora Neo Next - Tienda de Herramientas | hh.uy","robots":{"index":"index","follow":"follow","max-snippet":"max-snippet:-1","max-image-preview":"max-image-preview:large","max-video-preview":"max-video-preview:-1"},"canonical":"https:\/\/hh.uy\/?product=lr1005-220-lijadora-neo-next","og_locale":"es_ES","og_type":"article","og_title":"Lr1005\/220 - Lijadora Neo Next - Tienda de Herramientas | hh.uy","og_description":"Posee un di\u00e1metro de oscilaci\u00f3n mejorado  que permite trabajar mayor superficie en menor tiempo.  Grip din\u00e1mico  se adapta para la comodidad del usuario para per\u00edodos de uso prolongados.","og_url":"https:\/\/hh.uy\/?product=lr1005-220-lijadora-neo-next","og_site_name":"Tienda de Herramientas | hh.uy","article_modified_time":"2021-04-28T22:47:17+00:00","og_image":[{"width":1000,"height":1000,"url":"https:\/\/hh.uy\/wp-content\/uploads\/2021\/04\/lr10052200.jpg","type":"image\/jpeg"}],"twitter_card":"summary_large_image","twitter_misc":{"Tiempo de lectura":"1 minuto"},"schema":{"@context":"https:\/\/schema.org","@graph":[{"@type":"WebPage","@id":"https:\/\/hh.uy\/?product=lr1005-220-lijadora-neo-next","url":"https:\/\/hh.uy\/?product=lr1005-220-lijadora-neo-next","name":"Lr1005\/220 - Lijadora Neo Next - Tienda de Herramientas | hh.uy","isPartOf":{"@id":"https:\/\/hh.uy\/#website"},"primaryImageOfPage":{"@id":"https:\/\/hh.uy\/?product=lr1005-220-lijadora-neo-next#primaryimage"},"image":{"@id":"https:\/\/hh.uy\/?product=lr1005-220-lijadora-neo-next#primaryimage"},"thumbnailUrl":"https:\/\/hh.uy\/wp-content\/uploads\/2021\/04\/lr10052200.jpg","datePublished":"2021-04-27T17:25:56+00:00","dateModified":"2021-04-28T22:47:17+00:00","breadcrumb":{"@id":"https:\/\/hh.uy\/?product=lr1005-220-lijadora-neo-next#breadcrumb"},"inLanguage":"es","potentialAction":[{"@type":"ReadAction","target":["https:\/\/hh.uy\/?product=lr1005-220-lijadora-neo-next"]}]},{"@type":"ImageObject","inLanguage":"es","@id":"https:\/\/hh.uy\/?product=lr1005-220-lijadora-neo-next#primaryimage","url":"https:\/\/hh.uy\/wp-content\/uploads\/2021\/04\/lr10052200.jpg","contentUrl":"https:\/\/hh.uy\/wp-content\/uploads\/2021\/04\/lr10052200.jpg","width":1000,"height":1000},{"@type":"BreadcrumbList","@id":"https:\/\/hh.uy\/?product=lr1005-220-lijadora-neo-next#breadcrumb","itemListElement":[{"@type":"ListItem","position":1,"name":"Home","item":"https:\/\/hh.uy\/"},{"@type":"ListItem","position":2,"name":"Shop","item":"https:\/\/hh.uy\/?page_id=8"},{"@type":"ListItem","position":3,"name":"Lr1005\/220 &#8211; Lijadora Neo Next"}]},{"@type":"WebSite","@id":"https:\/\/hh.uy\/#website","url":"https:\/\/hh.uy\/","name":"Tienda de Herramientas | hh.uy","description":"Consulta &gt; Compra &gt; Paga &gt; Recibe","potentialAction":[{"@type":"SearchAction","target":{"@type":"EntryPoint","urlTemplate":"https:\/\/hh.uy\/?s={search_term_string}"},"query-input":{"@type":"PropertyValueSpecification","valueRequired":true,"valueName":"search_term_string"}}],"inLanguage":"es"}]}},"_links":{"self":[{"href":"https:\/\/hh.uy\/index.php?rest_route=\/wp\/v2\/product\/478","targetHints":{"allow":["GET"]}}],"collection":[{"href":"https:\/\/hh.uy\/index.php?rest_route=\/wp\/v2\/product"}],"about":[{"href":"https:\/\/hh.uy\/index.php?rest_route=\/wp\/v2\/types\/product"}],"replies":[{"embeddable":true,"href":"https:\/\/hh.uy\/index.php?rest_route=%2Fwp%2Fv2%2Fcomments&post=478"}],"wp:featuredmedia":[{"embeddable":true,"href":"https:\/\/hh.uy\/index.php?rest_route=\/wp\/v2\/media\/616"}],"wp:attachment":[{"href":"https:\/\/hh.uy\/index.php?rest_route=%2Fwp%2Fv2%2Fmedia&parent=478"}],"wp:term":[{"taxonomy":"product_cat","embeddable":true,"href":"https:\/\/hh.uy\/index.php?rest_route=%2Fwp%2Fv2%2Fproduct_cat&post=478"},{"taxonomy":"product_tag","embeddable":true,"href":"https:\/\/hh.uy\/index.php?rest_route=%2Fwp%2Fv2%2Fproduct_tag&post=478"}],"curies":[{"name":"wp","href":"https:\/\/api.w.org\/{rel}","templated":true}]}}