{"id":449,"date":"2021-04-27T14:25:47","date_gmt":"2021-04-27T17:25:47","guid":{"rendered":"https:\/\/hh.uy\/?post_type=product&#038;p=449"},"modified":"2021-05-31T02:29:46","modified_gmt":"2021-05-31T05:29:46","slug":"gg10750e-1-50-generadores-de-corriente-a-gasolina","status":"publish","type":"product","link":"https:\/\/hh.uy\/?product=gg10750e-1-50-generadores-de-corriente-a-gasolina","title":{"rendered":"Gg10750e\/1\/50 &#8211; Generador de Corriente A Gasolina"},"content":{"rendered":"<p>Motor de 4 tiempos refrigerado por aire<br \/>\nSalida de corriente alterna y continua 12V<br \/>\nPulsador de arranque luminoso<br \/>\nTanque de combustible de gran capacidad<br \/>\nProtector t\u00e9rmico incorporado<br \/>\nProtector autom\u00e1tico de bajo nivel de aceite, impide que el motor funcione sin lubricaci\u00f3n<br \/>\nFRECUENCIA 50 HZ<br \/>\nCILINDRADA 420cc<br \/>\nPOTENCIA M\u00c1XIMA 6,8kw<br \/>\nPOTENCIA CONTINUA 6,3kw<br \/>\nVELOCIDAD 3600\/min<br \/>\nCORRIENTE CONTINUA 12V 8A<br \/>\nCAPACIDAD DE TANQUE DE COMBUSTIBLE 25L<br \/>\nTIEMPO DE TRABAJO CONTINUO* 9hs<br \/>\nPOTENCIA DE MOTOR 15HP<br \/>\nSISTEMA DE ARRANQUE el\u00e9ctrico<br \/>\nALARMA BAJO NIVEL DE ACEITE SI<br \/>\nINDICE DE PROTECCI\u00d3N IP23M<br \/>\nTIPO DE AISLACI\u00d3N Clase I<br \/>\nPESO 89kg<br \/>\nTiempo de trabajo continuo generando la mitad de<br \/>\nsu capacidad con un tanque completo de combustible<\/p>\n","protected":false},"excerpt":{"rendered":"<p>Motor de 4 tiempos refrigerado por aire<br \/>\nSalida de corriente alterna y continua 12V<br \/>\nPulsador de arranque luminoso<br \/>\nTanque de combustible de gran capacidad<br \/>\nProtector t\u00e9rmico incorporado<br \/>\nProtector autom\u00e1tico de bajo nivel de aceite, impide que el motor funcione sin lubricaci\u00f3n<br \/>\nTiempo de trabajo continuo generando la mitad de<br \/>\nsu capacidad con un tanque completo de combustible<\/p>\n","protected":false},"featured_media":720,"comment_status":"open","ping_status":"closed","template":"","meta":[],"product_cat":[31],"product_tag":[],"class_list":{"0":"post-449","1":"product","2":"type-product","3":"status-publish","4":"has-post-thumbnail","6":"product_cat-generadores","8":"first","9":"instock","10":"taxable","11":"shipping-taxable","12":"purchasable","13":"product-type-simple"},"yoast_head":"<!-- This site is optimized with the Yoast SEO plugin v24.9 - https:\/\/yoast.com\/wordpress\/plugins\/seo\/ -->\n<title>Gg10750e\/1\/50 - Generador de Corriente A Gasolina - Tienda de Herramientas | hh.uy<\/title>\n<meta name=\"robots\" content=\"index, follow, max-snippet:-1, max-image-preview:large, max-video-preview:-1\" \/>\n<link rel=\"canonical\" href=\"https:\/\/hh.uy\/?product=gg10750e-1-50-generadores-de-corriente-a-gasolina\" \/>\n<meta property=\"og:locale\" content=\"es_ES\" \/>\n<meta property=\"og:type\" content=\"article\" \/>\n<meta property=\"og:title\" content=\"Gg10750e\/1\/50 - Generador de Corriente A Gasolina - Tienda de Herramientas | hh.uy\" \/>\n<meta property=\"og:description\" content=\"Motor de 4 tiempos refrigerado por aire Salida de corriente alterna y continua 12V Pulsador de arranque luminoso Tanque de combustible de gran capacidad Protector t\u00e9rmico incorporado Protector autom\u00e1tico de bajo nivel de aceite, impide que el motor funcione sin lubricaci\u00f3n Tiempo de trabajo continuo generando la mitad de su capacidad con un tanque completo de combustible\" \/>\n<meta property=\"og:url\" content=\"https:\/\/hh.uy\/?product=gg10750e-1-50-generadores-de-corriente-a-gasolina\" \/>\n<meta property=\"og:site_name\" content=\"Tienda de Herramientas | hh.uy\" \/>\n<meta property=\"article:modified_time\" content=\"2021-05-31T05:29:46+00:00\" \/>\n<meta property=\"og:image\" content=\"https:\/\/hh.uy\/wp-content\/uploads\/2021\/04\/gg10750e1500.jpg\" \/>\n\t<meta property=\"og:image:width\" content=\"950\" \/>\n\t<meta property=\"og:image:height\" content=\"950\" \/>\n\t<meta property=\"og:image:type\" content=\"image\/jpeg\" \/>\n<meta name=\"twitter:card\" content=\"summary_large_image\" \/>\n<meta name=\"twitter:label1\" content=\"Tiempo de lectura\" \/>\n\t<meta name=\"twitter:data1\" content=\"1 minuto\" \/>\n<script type=\"application\/ld+json\" class=\"yoast-schema-graph\">{\"@context\":\"https:\/\/schema.org\",\"@graph\":[{\"@type\":\"WebPage\",\"@id\":\"https:\/\/hh.uy\/?product=gg10750e-1-50-generadores-de-corriente-a-gasolina\",\"url\":\"https:\/\/hh.uy\/?product=gg10750e-1-50-generadores-de-corriente-a-gasolina\",\"name\":\"Gg10750e\/1\/50 - Generador de Corriente A Gasolina - Tienda de Herramientas | hh.uy\",\"isPartOf\":{\"@id\":\"https:\/\/hh.uy\/#website\"},\"primaryImageOfPage\":{\"@id\":\"https:\/\/hh.uy\/?product=gg10750e-1-50-generadores-de-corriente-a-gasolina#primaryimage\"},\"image\":{\"@id\":\"https:\/\/hh.uy\/?product=gg10750e-1-50-generadores-de-corriente-a-gasolina#primaryimage\"},\"thumbnailUrl\":\"https:\/\/hh.uy\/wp-content\/uploads\/2021\/04\/gg10750e1500.jpg\",\"datePublished\":\"2021-04-27T17:25:47+00:00\",\"dateModified\":\"2021-05-31T05:29:46+00:00\",\"breadcrumb\":{\"@id\":\"https:\/\/hh.uy\/?product=gg10750e-1-50-generadores-de-corriente-a-gasolina#breadcrumb\"},\"inLanguage\":\"es\",\"potentialAction\":[{\"@type\":\"ReadAction\",\"target\":[\"https:\/\/hh.uy\/?product=gg10750e-1-50-generadores-de-corriente-a-gasolina\"]}]},{\"@type\":\"ImageObject\",\"inLanguage\":\"es\",\"@id\":\"https:\/\/hh.uy\/?product=gg10750e-1-50-generadores-de-corriente-a-gasolina#primaryimage\",\"url\":\"https:\/\/hh.uy\/wp-content\/uploads\/2021\/04\/gg10750e1500.jpg\",\"contentUrl\":\"https:\/\/hh.uy\/wp-content\/uploads\/2021\/04\/gg10750e1500.jpg\",\"width\":950,\"height\":950},{\"@type\":\"BreadcrumbList\",\"@id\":\"https:\/\/hh.uy\/?product=gg10750e-1-50-generadores-de-corriente-a-gasolina#breadcrumb\",\"itemListElement\":[{\"@type\":\"ListItem\",\"position\":1,\"name\":\"Home\",\"item\":\"https:\/\/hh.uy\/\"},{\"@type\":\"ListItem\",\"position\":2,\"name\":\"Shop\",\"item\":\"https:\/\/hh.uy\/?page_id=8\"},{\"@type\":\"ListItem\",\"position\":3,\"name\":\"Gg10750e\/1\/50 &#8211; Generador de Corriente A Gasolina\"}]},{\"@type\":\"WebSite\",\"@id\":\"https:\/\/hh.uy\/#website\",\"url\":\"https:\/\/hh.uy\/\",\"name\":\"Tienda de Herramientas | hh.uy\",\"description\":\"Consulta &gt; Compra &gt; Paga &gt; Recibe\",\"potentialAction\":[{\"@type\":\"SearchAction\",\"target\":{\"@type\":\"EntryPoint\",\"urlTemplate\":\"https:\/\/hh.uy\/?s={search_term_string}\"},\"query-input\":{\"@type\":\"PropertyValueSpecification\",\"valueRequired\":true,\"valueName\":\"search_term_string\"}}],\"inLanguage\":\"es\"}]}<\/script>\n<!-- \/ Yoast SEO plugin. -->","yoast_head_json":{"title":"Gg10750e\/1\/50 - Generador de Corriente A Gasolina - Tienda de Herramientas | hh.uy","robots":{"index":"index","follow":"follow","max-snippet":"max-snippet:-1","max-image-preview":"max-image-preview:large","max-video-preview":"max-video-preview:-1"},"canonical":"https:\/\/hh.uy\/?product=gg10750e-1-50-generadores-de-corriente-a-gasolina","og_locale":"es_ES","og_type":"article","og_title":"Gg10750e\/1\/50 - Generador de Corriente A Gasolina - Tienda de Herramientas | hh.uy","og_description":"Motor de 4 tiempos refrigerado por aire Salida de corriente alterna y continua 12V Pulsador de arranque luminoso Tanque de combustible de gran capacidad Protector t\u00e9rmico incorporado Protector autom\u00e1tico de bajo nivel de aceite, impide que el motor funcione sin lubricaci\u00f3n Tiempo de trabajo continuo generando la mitad de su capacidad con un tanque completo de combustible","og_url":"https:\/\/hh.uy\/?product=gg10750e-1-50-generadores-de-corriente-a-gasolina","og_site_name":"Tienda de Herramientas | hh.uy","article_modified_time":"2021-05-31T05:29:46+00:00","og_image":[{"width":950,"height":950,"url":"https:\/\/hh.uy\/wp-content\/uploads\/2021\/04\/gg10750e1500.jpg","type":"image\/jpeg"}],"twitter_card":"summary_large_image","twitter_misc":{"Tiempo de lectura":"1 minuto"},"schema":{"@context":"https:\/\/schema.org","@graph":[{"@type":"WebPage","@id":"https:\/\/hh.uy\/?product=gg10750e-1-50-generadores-de-corriente-a-gasolina","url":"https:\/\/hh.uy\/?product=gg10750e-1-50-generadores-de-corriente-a-gasolina","name":"Gg10750e\/1\/50 - Generador de Corriente A Gasolina - Tienda de Herramientas | hh.uy","isPartOf":{"@id":"https:\/\/hh.uy\/#website"},"primaryImageOfPage":{"@id":"https:\/\/hh.uy\/?product=gg10750e-1-50-generadores-de-corriente-a-gasolina#primaryimage"},"image":{"@id":"https:\/\/hh.uy\/?product=gg10750e-1-50-generadores-de-corriente-a-gasolina#primaryimage"},"thumbnailUrl":"https:\/\/hh.uy\/wp-content\/uploads\/2021\/04\/gg10750e1500.jpg","datePublished":"2021-04-27T17:25:47+00:00","dateModified":"2021-05-31T05:29:46+00:00","breadcrumb":{"@id":"https:\/\/hh.uy\/?product=gg10750e-1-50-generadores-de-corriente-a-gasolina#breadcrumb"},"inLanguage":"es","potentialAction":[{"@type":"ReadAction","target":["https:\/\/hh.uy\/?product=gg10750e-1-50-generadores-de-corriente-a-gasolina"]}]},{"@type":"ImageObject","inLanguage":"es","@id":"https:\/\/hh.uy\/?product=gg10750e-1-50-generadores-de-corriente-a-gasolina#primaryimage","url":"https:\/\/hh.uy\/wp-content\/uploads\/2021\/04\/gg10750e1500.jpg","contentUrl":"https:\/\/hh.uy\/wp-content\/uploads\/2021\/04\/gg10750e1500.jpg","width":950,"height":950},{"@type":"BreadcrumbList","@id":"https:\/\/hh.uy\/?product=gg10750e-1-50-generadores-de-corriente-a-gasolina#breadcrumb","itemListElement":[{"@type":"ListItem","position":1,"name":"Home","item":"https:\/\/hh.uy\/"},{"@type":"ListItem","position":2,"name":"Shop","item":"https:\/\/hh.uy\/?page_id=8"},{"@type":"ListItem","position":3,"name":"Gg10750e\/1\/50 &#8211; Generador de Corriente A Gasolina"}]},{"@type":"WebSite","@id":"https:\/\/hh.uy\/#website","url":"https:\/\/hh.uy\/","name":"Tienda de Herramientas | hh.uy","description":"Consulta &gt; Compra &gt; Paga &gt; Recibe","potentialAction":[{"@type":"SearchAction","target":{"@type":"EntryPoint","urlTemplate":"https:\/\/hh.uy\/?s={search_term_string}"},"query-input":{"@type":"PropertyValueSpecification","valueRequired":true,"valueName":"search_term_string"}}],"inLanguage":"es"}]}},"_links":{"self":[{"href":"https:\/\/hh.uy\/index.php?rest_route=\/wp\/v2\/product\/449","targetHints":{"allow":["GET"]}}],"collection":[{"href":"https:\/\/hh.uy\/index.php?rest_route=\/wp\/v2\/product"}],"about":[{"href":"https:\/\/hh.uy\/index.php?rest_route=\/wp\/v2\/types\/product"}],"replies":[{"embeddable":true,"href":"https:\/\/hh.uy\/index.php?rest_route=%2Fwp%2Fv2%2Fcomments&post=449"}],"wp:featuredmedia":[{"embeddable":true,"href":"https:\/\/hh.uy\/index.php?rest_route=\/wp\/v2\/media\/720"}],"wp:attachment":[{"href":"https:\/\/hh.uy\/index.php?rest_route=%2Fwp%2Fv2%2Fmedia&parent=449"}],"wp:term":[{"taxonomy":"product_cat","embeddable":true,"href":"https:\/\/hh.uy\/index.php?rest_route=%2Fwp%2Fv2%2Fproduct_cat&post=449"},{"taxonomy":"product_tag","embeddable":true,"href":"https:\/\/hh.uy\/index.php?rest_route=%2Fwp%2Fv2%2Fproduct_tag&post=449"}],"curies":[{"name":"wp","href":"https:\/\/api.w.org\/{rel}","templated":true}]}}