{"id":433,"date":"2021-04-27T14:25:45","date_gmt":"2021-04-27T17:25:45","guid":{"rendered":"https:\/\/hh.uy\/?post_type=product&#038;p=433"},"modified":"2021-04-29T13:48:10","modified_gmt":"2021-04-29T16:48:10","slug":"bdr725-42-bordeadora-recargable","status":"publish","type":"product","link":"https:\/\/hh.uy\/?product=bdr725-42-bordeadora-recargable","title":{"rendered":"Bdr725\/42 &#8211; Bordeadora Recargable"},"content":{"rendered":"<p>Empu\u00f1adura flexible, soft grip<br \/>\nBobina de alimentaci\u00f3n autom\u00e1tica<br \/>\n2 posiciones ajustables de \u00e1ngulo de corte<br \/>\n2 velocidades de potencia, trabajo m\u00e1s eficiente<br \/>\nAltura ajustable<br \/>\nCompatible con Bat700\/42 (Bateria) y Cha700\/42 (Cargardor)<br \/>\nDATOS T\u00c9CNICOS:<br \/>\nVELOCIDAD: 9500\/min<br \/>\nCAPACIDAD DE CORTE: 250mm-10&#8243;<br \/>\nDI\u00c1METRO DE NYLON: 1,4mm<br \/>\nPESO: 2,5Kg<br \/>\nEste producto no incluye bateria ni cargador<\/p>\n","protected":false},"excerpt":{"rendered":"<p>Empu\u00f1adura flexible, soft grip<br \/>\nBobina de alimentaci\u00f3n autom\u00e1tica<br \/>\n2 posiciones ajustables de \u00e1ngulo de corte<br \/>\n2 velocidades de potencia, trabajo m\u00e1s eficiente<br \/>\nAltura ajustable<br \/>\nCompatible con Bat700\/42 (Bateria) y Cha700\/42 (Cargardor)<br \/>\nEste producto no incluye bateria ni cargador<\/p>\n","protected":false},"featured_media":757,"comment_status":"open","ping_status":"closed","template":"","meta":[],"product_cat":[71],"product_tag":[],"class_list":{"0":"post-433","1":"product","2":"type-product","3":"status-publish","4":"has-post-thumbnail","6":"product_cat-jardineria-recargable","8":"first","9":"instock","10":"taxable","11":"shipping-taxable","12":"purchasable","13":"product-type-simple"},"yoast_head":"<!-- This site is optimized with the Yoast SEO plugin v24.9 - https:\/\/yoast.com\/wordpress\/plugins\/seo\/ -->\n<title>Bdr725\/42 - Bordeadora Recargable - Tienda de Herramientas | hh.uy<\/title>\n<meta name=\"robots\" content=\"index, follow, max-snippet:-1, max-image-preview:large, max-video-preview:-1\" \/>\n<link rel=\"canonical\" href=\"https:\/\/hh.uy\/?product=bdr725-42-bordeadora-recargable\" \/>\n<meta property=\"og:locale\" content=\"es_ES\" \/>\n<meta property=\"og:type\" content=\"article\" \/>\n<meta property=\"og:title\" content=\"Bdr725\/42 - Bordeadora Recargable - Tienda de Herramientas | hh.uy\" \/>\n<meta property=\"og:description\" content=\"Empu\u00f1adura flexible, soft grip Bobina de alimentaci\u00f3n autom\u00e1tica 2 posiciones ajustables de \u00e1ngulo de corte 2 velocidades de potencia, trabajo m\u00e1s eficiente Altura ajustable Compatible con Bat700\/42 (Bateria) y Cha700\/42 (Cargardor) Este producto no incluye bateria ni cargador\" \/>\n<meta property=\"og:url\" content=\"https:\/\/hh.uy\/?product=bdr725-42-bordeadora-recargable\" \/>\n<meta property=\"og:site_name\" content=\"Tienda de Herramientas | hh.uy\" \/>\n<meta property=\"article:modified_time\" content=\"2021-04-29T16:48:10+00:00\" \/>\n<meta property=\"og:image\" content=\"https:\/\/hh.uy\/wp-content\/uploads\/2021\/04\/bdr725420.jpg\" \/>\n\t<meta property=\"og:image:width\" content=\"900\" \/>\n\t<meta property=\"og:image:height\" content=\"886\" \/>\n\t<meta property=\"og:image:type\" content=\"image\/jpeg\" \/>\n<meta name=\"twitter:card\" content=\"summary_large_image\" \/>\n<meta name=\"twitter:label1\" content=\"Tiempo de lectura\" \/>\n\t<meta name=\"twitter:data1\" content=\"1 minuto\" \/>\n<script type=\"application\/ld+json\" class=\"yoast-schema-graph\">{\"@context\":\"https:\/\/schema.org\",\"@graph\":[{\"@type\":\"WebPage\",\"@id\":\"https:\/\/hh.uy\/?product=bdr725-42-bordeadora-recargable\",\"url\":\"https:\/\/hh.uy\/?product=bdr725-42-bordeadora-recargable\",\"name\":\"Bdr725\/42 - Bordeadora Recargable - Tienda de Herramientas | hh.uy\",\"isPartOf\":{\"@id\":\"https:\/\/hh.uy\/#website\"},\"primaryImageOfPage\":{\"@id\":\"https:\/\/hh.uy\/?product=bdr725-42-bordeadora-recargable#primaryimage\"},\"image\":{\"@id\":\"https:\/\/hh.uy\/?product=bdr725-42-bordeadora-recargable#primaryimage\"},\"thumbnailUrl\":\"https:\/\/hh.uy\/wp-content\/uploads\/2021\/04\/bdr725420.jpg\",\"datePublished\":\"2021-04-27T17:25:45+00:00\",\"dateModified\":\"2021-04-29T16:48:10+00:00\",\"breadcrumb\":{\"@id\":\"https:\/\/hh.uy\/?product=bdr725-42-bordeadora-recargable#breadcrumb\"},\"inLanguage\":\"es\",\"potentialAction\":[{\"@type\":\"ReadAction\",\"target\":[\"https:\/\/hh.uy\/?product=bdr725-42-bordeadora-recargable\"]}]},{\"@type\":\"ImageObject\",\"inLanguage\":\"es\",\"@id\":\"https:\/\/hh.uy\/?product=bdr725-42-bordeadora-recargable#primaryimage\",\"url\":\"https:\/\/hh.uy\/wp-content\/uploads\/2021\/04\/bdr725420.jpg\",\"contentUrl\":\"https:\/\/hh.uy\/wp-content\/uploads\/2021\/04\/bdr725420.jpg\",\"width\":900,\"height\":886},{\"@type\":\"BreadcrumbList\",\"@id\":\"https:\/\/hh.uy\/?product=bdr725-42-bordeadora-recargable#breadcrumb\",\"itemListElement\":[{\"@type\":\"ListItem\",\"position\":1,\"name\":\"Home\",\"item\":\"https:\/\/hh.uy\/\"},{\"@type\":\"ListItem\",\"position\":2,\"name\":\"Shop\",\"item\":\"https:\/\/hh.uy\/?page_id=8\"},{\"@type\":\"ListItem\",\"position\":3,\"name\":\"Bdr725\/42 &#8211; Bordeadora Recargable\"}]},{\"@type\":\"WebSite\",\"@id\":\"https:\/\/hh.uy\/#website\",\"url\":\"https:\/\/hh.uy\/\",\"name\":\"Tienda de Herramientas | hh.uy\",\"description\":\"Consulta &gt; Compra &gt; Paga &gt; Recibe\",\"potentialAction\":[{\"@type\":\"SearchAction\",\"target\":{\"@type\":\"EntryPoint\",\"urlTemplate\":\"https:\/\/hh.uy\/?s={search_term_string}\"},\"query-input\":{\"@type\":\"PropertyValueSpecification\",\"valueRequired\":true,\"valueName\":\"search_term_string\"}}],\"inLanguage\":\"es\"}]}<\/script>\n<!-- \/ Yoast SEO plugin. -->","yoast_head_json":{"title":"Bdr725\/42 - Bordeadora Recargable - Tienda de Herramientas | hh.uy","robots":{"index":"index","follow":"follow","max-snippet":"max-snippet:-1","max-image-preview":"max-image-preview:large","max-video-preview":"max-video-preview:-1"},"canonical":"https:\/\/hh.uy\/?product=bdr725-42-bordeadora-recargable","og_locale":"es_ES","og_type":"article","og_title":"Bdr725\/42 - Bordeadora Recargable - Tienda de Herramientas | hh.uy","og_description":"Empu\u00f1adura flexible, soft grip Bobina de alimentaci\u00f3n autom\u00e1tica 2 posiciones ajustables de \u00e1ngulo de corte 2 velocidades de potencia, trabajo m\u00e1s eficiente Altura ajustable Compatible con Bat700\/42 (Bateria) y Cha700\/42 (Cargardor) Este producto no incluye bateria ni cargador","og_url":"https:\/\/hh.uy\/?product=bdr725-42-bordeadora-recargable","og_site_name":"Tienda de Herramientas | hh.uy","article_modified_time":"2021-04-29T16:48:10+00:00","og_image":[{"width":900,"height":886,"url":"https:\/\/hh.uy\/wp-content\/uploads\/2021\/04\/bdr725420.jpg","type":"image\/jpeg"}],"twitter_card":"summary_large_image","twitter_misc":{"Tiempo de lectura":"1 minuto"},"schema":{"@context":"https:\/\/schema.org","@graph":[{"@type":"WebPage","@id":"https:\/\/hh.uy\/?product=bdr725-42-bordeadora-recargable","url":"https:\/\/hh.uy\/?product=bdr725-42-bordeadora-recargable","name":"Bdr725\/42 - Bordeadora Recargable - Tienda de Herramientas | hh.uy","isPartOf":{"@id":"https:\/\/hh.uy\/#website"},"primaryImageOfPage":{"@id":"https:\/\/hh.uy\/?product=bdr725-42-bordeadora-recargable#primaryimage"},"image":{"@id":"https:\/\/hh.uy\/?product=bdr725-42-bordeadora-recargable#primaryimage"},"thumbnailUrl":"https:\/\/hh.uy\/wp-content\/uploads\/2021\/04\/bdr725420.jpg","datePublished":"2021-04-27T17:25:45+00:00","dateModified":"2021-04-29T16:48:10+00:00","breadcrumb":{"@id":"https:\/\/hh.uy\/?product=bdr725-42-bordeadora-recargable#breadcrumb"},"inLanguage":"es","potentialAction":[{"@type":"ReadAction","target":["https:\/\/hh.uy\/?product=bdr725-42-bordeadora-recargable"]}]},{"@type":"ImageObject","inLanguage":"es","@id":"https:\/\/hh.uy\/?product=bdr725-42-bordeadora-recargable#primaryimage","url":"https:\/\/hh.uy\/wp-content\/uploads\/2021\/04\/bdr725420.jpg","contentUrl":"https:\/\/hh.uy\/wp-content\/uploads\/2021\/04\/bdr725420.jpg","width":900,"height":886},{"@type":"BreadcrumbList","@id":"https:\/\/hh.uy\/?product=bdr725-42-bordeadora-recargable#breadcrumb","itemListElement":[{"@type":"ListItem","position":1,"name":"Home","item":"https:\/\/hh.uy\/"},{"@type":"ListItem","position":2,"name":"Shop","item":"https:\/\/hh.uy\/?page_id=8"},{"@type":"ListItem","position":3,"name":"Bdr725\/42 &#8211; Bordeadora Recargable"}]},{"@type":"WebSite","@id":"https:\/\/hh.uy\/#website","url":"https:\/\/hh.uy\/","name":"Tienda de Herramientas | hh.uy","description":"Consulta &gt; Compra &gt; Paga &gt; Recibe","potentialAction":[{"@type":"SearchAction","target":{"@type":"EntryPoint","urlTemplate":"https:\/\/hh.uy\/?s={search_term_string}"},"query-input":{"@type":"PropertyValueSpecification","valueRequired":true,"valueName":"search_term_string"}}],"inLanguage":"es"}]}},"_links":{"self":[{"href":"https:\/\/hh.uy\/index.php?rest_route=\/wp\/v2\/product\/433","targetHints":{"allow":["GET"]}}],"collection":[{"href":"https:\/\/hh.uy\/index.php?rest_route=\/wp\/v2\/product"}],"about":[{"href":"https:\/\/hh.uy\/index.php?rest_route=\/wp\/v2\/types\/product"}],"replies":[{"embeddable":true,"href":"https:\/\/hh.uy\/index.php?rest_route=%2Fwp%2Fv2%2Fcomments&post=433"}],"wp:featuredmedia":[{"embeddable":true,"href":"https:\/\/hh.uy\/index.php?rest_route=\/wp\/v2\/media\/757"}],"wp:attachment":[{"href":"https:\/\/hh.uy\/index.php?rest_route=%2Fwp%2Fv2%2Fmedia&parent=433"}],"wp:term":[{"taxonomy":"product_cat","embeddable":true,"href":"https:\/\/hh.uy\/index.php?rest_route=%2Fwp%2Fv2%2Fproduct_cat&post=433"},{"taxonomy":"product_tag","embeddable":true,"href":"https:\/\/hh.uy\/index.php?rest_route=%2Fwp%2Fv2%2Fproduct_tag&post=433"}],"curies":[{"name":"wp","href":"https:\/\/api.w.org\/{rel}","templated":true}]}}