{"id":34,"date":"2020-04-06T14:57:39","date_gmt":"2020-04-06T17:57:39","guid":{"rendered":"https:\/\/hh.uy\/?post_type=product&#038;p=34"},"modified":"2021-05-31T02:30:28","modified_gmt":"2021-05-31T05:30:28","slug":"ap81000-25-aparejos-electricos","status":"publish","type":"product","link":"https:\/\/hh.uy\/?product=ap81000-25-aparejos-electricos","title":{"rendered":"AP81000\/25 &#8211; APAREJOS ELECTRICOS"},"content":{"rendered":"<p>CONTENIDO:<br \/>\n1 &#8211; Aparejo el\u00e9ctrico<br \/>\n1 &#8211; Tornillo Hexagonal<br \/>\n1 &#8211; Palanca de fijaci\u00f3n<br \/>\n1 &#8211; Arandela el\u00e1stica<br \/>\n1 &#8211; Gancho de Polea<br \/>\n1 &#8211; Arandela Plana<br \/>\n1 &#8211; Par de guantes<\/p>\n<p>DATOS T\u00c9CNICOS:<br \/>\nVoltaje\/Frecuencia: 220v &#8211; 50Hz<br \/>\nPotencia 1800<br \/>\nAlzada: 6-12mts<br \/>\nVel. de elevaci\u00f3n:<br \/>\n10m\/min . 500kg<br \/>\n5m\/min &#8211; 1000kg<br \/>\nCarga max 1000Kg<br \/>\nIndice de protecci\u00f3n: IP54<br \/>\nPeso 31.5Kg<\/p>\n","protected":false},"excerpt":{"rendered":"<p>CONTENIDO:<br \/>\n1 &#8211; Aparejo el\u00e9ctrico<br \/>\n1 &#8211; Tornillo Hexagonal<br \/>\n1 &#8211; Palanca de fijaci\u00f3n<br \/>\n1 &#8211; Arandela el\u00e1stica<br \/>\n1 &#8211; Gancho de Polea<br \/>\n1 &#8211; Arandela Plana<br \/>\n1 &#8211; Par de guantes<\/p>\n<p>DATOS T\u00c9CNICOS:<br \/>\nVoltaje\/Frecuencia: 220v &#8211; 50Hz<br \/>\nPotencia 1800<br \/>\nAlzada: 6-12mts<br \/>\nVel. de elevaci\u00f3n:<br \/>\n10m\/min . 500kg<br \/>\n5m\/min &#8211; 1000kg<br \/>\nCarga max 1000Kg<br \/>\nIndice de protecci\u00f3n: IP54<br \/>\nPeso 31.5Kg<\/p>\n","protected":false},"featured_media":132,"comment_status":"open","ping_status":"closed","template":"","meta":[],"product_cat":[18],"product_tag":[],"class_list":{"0":"post-34","1":"product","2":"type-product","3":"status-publish","4":"has-post-thumbnail","6":"product_cat-aparejos","8":"first","9":"instock","10":"taxable","11":"shipping-taxable","12":"purchasable","13":"product-type-simple"},"yoast_head":"<!-- This site is optimized with the Yoast SEO plugin v24.9 - https:\/\/yoast.com\/wordpress\/plugins\/seo\/ -->\n<title>AP81000\/25 - APAREJOS ELECTRICOS - Tienda de Herramientas | hh.uy<\/title>\n<meta name=\"robots\" content=\"index, follow, max-snippet:-1, max-image-preview:large, max-video-preview:-1\" \/>\n<link rel=\"canonical\" href=\"https:\/\/hh.uy\/?product=ap81000-25-aparejos-electricos\" \/>\n<meta property=\"og:locale\" content=\"es_ES\" \/>\n<meta property=\"og:type\" content=\"article\" \/>\n<meta property=\"og:title\" content=\"AP81000\/25 - APAREJOS ELECTRICOS - Tienda de Herramientas | hh.uy\" \/>\n<meta property=\"og:description\" content=\"CONTENIDO: 1 - Aparejo el\u00e9ctrico 1 - Tornillo Hexagonal 1 - Palanca de fijaci\u00f3n 1 - Arandela el\u00e1stica 1 - Gancho de Polea 1 - Arandela Plana 1 - Par de guantes  DATOS T\u00c9CNICOS: Voltaje\/Frecuencia: 220v - 50Hz Potencia 1800 Alzada: 6-12mts Vel. de elevaci\u00f3n: 10m\/min . 500kg 5m\/min - 1000kg Carga max 1000Kg Indice de protecci\u00f3n: IP54 Peso 31.5Kg\" \/>\n<meta property=\"og:url\" content=\"https:\/\/hh.uy\/?product=ap81000-25-aparejos-electricos\" \/>\n<meta property=\"og:site_name\" content=\"Tienda de Herramientas | hh.uy\" \/>\n<meta property=\"article:modified_time\" content=\"2021-05-31T05:30:28+00:00\" \/>\n<meta property=\"og:image\" content=\"https:\/\/hh.uy\/wp-content\/uploads\/2020\/04\/ap81000250.jpg\" \/>\n\t<meta property=\"og:image:width\" content=\"933\" \/>\n\t<meta property=\"og:image:height\" content=\"1000\" \/>\n\t<meta property=\"og:image:type\" content=\"image\/jpeg\" \/>\n<meta name=\"twitter:card\" content=\"summary_large_image\" \/>\n<script type=\"application\/ld+json\" class=\"yoast-schema-graph\">{\"@context\":\"https:\/\/schema.org\",\"@graph\":[{\"@type\":\"WebPage\",\"@id\":\"https:\/\/hh.uy\/?product=ap81000-25-aparejos-electricos\",\"url\":\"https:\/\/hh.uy\/?product=ap81000-25-aparejos-electricos\",\"name\":\"AP81000\/25 - APAREJOS ELECTRICOS - Tienda de Herramientas | hh.uy\",\"isPartOf\":{\"@id\":\"https:\/\/hh.uy\/#website\"},\"primaryImageOfPage\":{\"@id\":\"https:\/\/hh.uy\/?product=ap81000-25-aparejos-electricos#primaryimage\"},\"image\":{\"@id\":\"https:\/\/hh.uy\/?product=ap81000-25-aparejos-electricos#primaryimage\"},\"thumbnailUrl\":\"https:\/\/hh.uy\/wp-content\/uploads\/2020\/04\/ap81000250.jpg\",\"datePublished\":\"2020-04-06T17:57:39+00:00\",\"dateModified\":\"2021-05-31T05:30:28+00:00\",\"breadcrumb\":{\"@id\":\"https:\/\/hh.uy\/?product=ap81000-25-aparejos-electricos#breadcrumb\"},\"inLanguage\":\"es\",\"potentialAction\":[{\"@type\":\"ReadAction\",\"target\":[\"https:\/\/hh.uy\/?product=ap81000-25-aparejos-electricos\"]}]},{\"@type\":\"ImageObject\",\"inLanguage\":\"es\",\"@id\":\"https:\/\/hh.uy\/?product=ap81000-25-aparejos-electricos#primaryimage\",\"url\":\"https:\/\/hh.uy\/wp-content\/uploads\/2020\/04\/ap81000250.jpg\",\"contentUrl\":\"https:\/\/hh.uy\/wp-content\/uploads\/2020\/04\/ap81000250.jpg\",\"width\":933,\"height\":1000},{\"@type\":\"BreadcrumbList\",\"@id\":\"https:\/\/hh.uy\/?product=ap81000-25-aparejos-electricos#breadcrumb\",\"itemListElement\":[{\"@type\":\"ListItem\",\"position\":1,\"name\":\"Home\",\"item\":\"https:\/\/hh.uy\/\"},{\"@type\":\"ListItem\",\"position\":2,\"name\":\"Shop\",\"item\":\"https:\/\/hh.uy\/?page_id=8\"},{\"@type\":\"ListItem\",\"position\":3,\"name\":\"AP81000\/25 &#8211; APAREJOS ELECTRICOS\"}]},{\"@type\":\"WebSite\",\"@id\":\"https:\/\/hh.uy\/#website\",\"url\":\"https:\/\/hh.uy\/\",\"name\":\"Tienda de Herramientas | hh.uy\",\"description\":\"Consulta &gt; Compra &gt; Paga &gt; Recibe\",\"potentialAction\":[{\"@type\":\"SearchAction\",\"target\":{\"@type\":\"EntryPoint\",\"urlTemplate\":\"https:\/\/hh.uy\/?s={search_term_string}\"},\"query-input\":{\"@type\":\"PropertyValueSpecification\",\"valueRequired\":true,\"valueName\":\"search_term_string\"}}],\"inLanguage\":\"es\"}]}<\/script>\n<!-- \/ Yoast SEO plugin. -->","yoast_head_json":{"title":"AP81000\/25 - APAREJOS ELECTRICOS - Tienda de Herramientas | hh.uy","robots":{"index":"index","follow":"follow","max-snippet":"max-snippet:-1","max-image-preview":"max-image-preview:large","max-video-preview":"max-video-preview:-1"},"canonical":"https:\/\/hh.uy\/?product=ap81000-25-aparejos-electricos","og_locale":"es_ES","og_type":"article","og_title":"AP81000\/25 - APAREJOS ELECTRICOS - Tienda de Herramientas | hh.uy","og_description":"CONTENIDO: 1 - Aparejo el\u00e9ctrico 1 - Tornillo Hexagonal 1 - Palanca de fijaci\u00f3n 1 - Arandela el\u00e1stica 1 - Gancho de Polea 1 - Arandela Plana 1 - Par de guantes  DATOS T\u00c9CNICOS: Voltaje\/Frecuencia: 220v - 50Hz Potencia 1800 Alzada: 6-12mts Vel. de elevaci\u00f3n: 10m\/min . 500kg 5m\/min - 1000kg Carga max 1000Kg Indice de protecci\u00f3n: IP54 Peso 31.5Kg","og_url":"https:\/\/hh.uy\/?product=ap81000-25-aparejos-electricos","og_site_name":"Tienda de Herramientas | hh.uy","article_modified_time":"2021-05-31T05:30:28+00:00","og_image":[{"width":933,"height":1000,"url":"https:\/\/hh.uy\/wp-content\/uploads\/2020\/04\/ap81000250.jpg","type":"image\/jpeg"}],"twitter_card":"summary_large_image","schema":{"@context":"https:\/\/schema.org","@graph":[{"@type":"WebPage","@id":"https:\/\/hh.uy\/?product=ap81000-25-aparejos-electricos","url":"https:\/\/hh.uy\/?product=ap81000-25-aparejos-electricos","name":"AP81000\/25 - APAREJOS ELECTRICOS - Tienda de Herramientas | hh.uy","isPartOf":{"@id":"https:\/\/hh.uy\/#website"},"primaryImageOfPage":{"@id":"https:\/\/hh.uy\/?product=ap81000-25-aparejos-electricos#primaryimage"},"image":{"@id":"https:\/\/hh.uy\/?product=ap81000-25-aparejos-electricos#primaryimage"},"thumbnailUrl":"https:\/\/hh.uy\/wp-content\/uploads\/2020\/04\/ap81000250.jpg","datePublished":"2020-04-06T17:57:39+00:00","dateModified":"2021-05-31T05:30:28+00:00","breadcrumb":{"@id":"https:\/\/hh.uy\/?product=ap81000-25-aparejos-electricos#breadcrumb"},"inLanguage":"es","potentialAction":[{"@type":"ReadAction","target":["https:\/\/hh.uy\/?product=ap81000-25-aparejos-electricos"]}]},{"@type":"ImageObject","inLanguage":"es","@id":"https:\/\/hh.uy\/?product=ap81000-25-aparejos-electricos#primaryimage","url":"https:\/\/hh.uy\/wp-content\/uploads\/2020\/04\/ap81000250.jpg","contentUrl":"https:\/\/hh.uy\/wp-content\/uploads\/2020\/04\/ap81000250.jpg","width":933,"height":1000},{"@type":"BreadcrumbList","@id":"https:\/\/hh.uy\/?product=ap81000-25-aparejos-electricos#breadcrumb","itemListElement":[{"@type":"ListItem","position":1,"name":"Home","item":"https:\/\/hh.uy\/"},{"@type":"ListItem","position":2,"name":"Shop","item":"https:\/\/hh.uy\/?page_id=8"},{"@type":"ListItem","position":3,"name":"AP81000\/25 &#8211; APAREJOS ELECTRICOS"}]},{"@type":"WebSite","@id":"https:\/\/hh.uy\/#website","url":"https:\/\/hh.uy\/","name":"Tienda de Herramientas | hh.uy","description":"Consulta &gt; Compra &gt; Paga &gt; Recibe","potentialAction":[{"@type":"SearchAction","target":{"@type":"EntryPoint","urlTemplate":"https:\/\/hh.uy\/?s={search_term_string}"},"query-input":{"@type":"PropertyValueSpecification","valueRequired":true,"valueName":"search_term_string"}}],"inLanguage":"es"}]}},"_links":{"self":[{"href":"https:\/\/hh.uy\/index.php?rest_route=\/wp\/v2\/product\/34","targetHints":{"allow":["GET"]}}],"collection":[{"href":"https:\/\/hh.uy\/index.php?rest_route=\/wp\/v2\/product"}],"about":[{"href":"https:\/\/hh.uy\/index.php?rest_route=\/wp\/v2\/types\/product"}],"replies":[{"embeddable":true,"href":"https:\/\/hh.uy\/index.php?rest_route=%2Fwp%2Fv2%2Fcomments&post=34"}],"wp:featuredmedia":[{"embeddable":true,"href":"https:\/\/hh.uy\/index.php?rest_route=\/wp\/v2\/media\/132"}],"wp:attachment":[{"href":"https:\/\/hh.uy\/index.php?rest_route=%2Fwp%2Fv2%2Fmedia&parent=34"}],"wp:term":[{"taxonomy":"product_cat","embeddable":true,"href":"https:\/\/hh.uy\/index.php?rest_route=%2Fwp%2Fv2%2Fproduct_cat&post=34"},{"taxonomy":"product_tag","embeddable":true,"href":"https:\/\/hh.uy\/index.php?rest_route=%2Fwp%2Fv2%2Fproduct_tag&post=34"}],"curies":[{"name":"wp","href":"https:\/\/api.w.org\/{rel}","templated":true}]}}