{"id":1343,"date":"2026-03-06T11:27:41","date_gmt":"2026-03-06T14:27:41","guid":{"rendered":"https:\/\/hh.uy\/?post_type=product&#038;p=1343"},"modified":"2026-03-06T11:27:41","modified_gmt":"2026-03-06T14:27:41","slug":"motobomba-a-gasolina-13hp-120m3-h-o100mm","status":"publish","type":"product","link":"https:\/\/hh.uy\/?product=motobomba-a-gasolina-13hp-120m3-h-o100mm","title":{"rendered":"MOTOBOMBA A GASOLINA 13HP 120M3\/H \u00d8100mm"},"content":{"rendered":"<p><span class=\"vtex-product-identifier-0-x-product-identifier__label\">Referencia<\/span><span class=\"vtex-product-identifier-0-x-product-identifier__separator\">:\u00a0<\/span><span class=\"vtex-product-identifier-0-x-product-identifier__value\">MG8040\/2\/13<\/span><\/p>\n<p>Di\u00e1metro de entrada\/Salida: 100mm<\/p>\n<p>Caudal: 120m3\/h<\/p>\n<p>Altura m\u00e1xima: 27m<\/p>\n<p>Succi\u00f3n m\u00e1xima: 8m<\/p>\n<p>Cilindrada: 389cc<\/p>\n<p>Capacidad de tanque de combustible: 9L<\/p>\n<p>Potencia m\u00e1xima: 13hp<\/p>\n<p>Velocidad: 3600\/min<\/p>\n<p>Consumo de combustible: 313g\/kWh<\/p>\n<p>Sistema de arranque: Manual<\/p>\n<p>&nbsp;<\/p>\n<p>Garant\u00eda 12 meses<\/p>\n<p>&nbsp;<\/p>\n<p>Precios IVA incluido. Ciertas caracter\u00edsticas, prestaciones de producto y\/o precios pueden variar sin previo aviso. Fotos meramente ilustrativas.<\/p>\n","protected":false},"excerpt":{"rendered":"<p>Referencia:\u00a0MG8040\/2\/13 Di\u00e1metro de entrada\/Salida: 100mm Caudal: 120m3\/h Altura m\u00e1xima: 27m Succi\u00f3n m\u00e1xima: 8m Cilindrada: 389cc Capacidad de tanque de combustible:&#8230;<\/p>\n","protected":false},"featured_media":1341,"comment_status":"open","ping_status":"closed","template":"","meta":[],"product_cat":[21],"product_tag":[],"class_list":{"0":"post-1343","1":"product","2":"type-product","3":"status-publish","4":"has-post-thumbnail","6":"product_cat-bombas-de-agua","8":"first","9":"instock","10":"taxable","11":"shipping-taxable","12":"purchasable","13":"product-type-simple"},"yoast_head":"<!-- This site is optimized with the Yoast SEO plugin v24.9 - https:\/\/yoast.com\/wordpress\/plugins\/seo\/ -->\n<title>MOTOBOMBA A GASOLINA 13HP 120M3\/H \u00d8100mm - Tienda de Herramientas | hh.uy<\/title>\n<meta name=\"robots\" content=\"index, follow, max-snippet:-1, max-image-preview:large, max-video-preview:-1\" \/>\n<link rel=\"canonical\" href=\"https:\/\/hh.uy\/?product=motobomba-a-gasolina-13hp-120m3-h-o100mm\" \/>\n<meta property=\"og:locale\" content=\"es_ES\" \/>\n<meta property=\"og:type\" content=\"article\" \/>\n<meta property=\"og:title\" content=\"MOTOBOMBA A GASOLINA 13HP 120M3\/H \u00d8100mm - Tienda de Herramientas | hh.uy\" \/>\n<meta property=\"og:description\" content=\"Referencia:\u00a0MG8040\/2\/13 Di\u00e1metro de entrada\/Salida: 100mm Caudal: 120m3\/h Altura m\u00e1xima: 27m Succi\u00f3n m\u00e1xima: 8m Cilindrada: 389cc Capacidad de tanque de combustible:...\" \/>\n<meta property=\"og:url\" content=\"https:\/\/hh.uy\/?product=motobomba-a-gasolina-13hp-120m3-h-o100mm\" \/>\n<meta property=\"og:site_name\" content=\"Tienda de Herramientas | hh.uy\" \/>\n<meta property=\"og:image\" content=\"https:\/\/hh.uy\/wp-content\/uploads\/2026\/02\/Gemini_Generated_Image_sz8103sz8103sz81.png\" \/>\n\t<meta property=\"og:image:width\" content=\"1024\" \/>\n\t<meta property=\"og:image:height\" content=\"1024\" \/>\n\t<meta property=\"og:image:type\" content=\"image\/png\" \/>\n<meta name=\"twitter:card\" content=\"summary_large_image\" \/>\n<meta name=\"twitter:label1\" content=\"Tiempo de lectura\" \/>\n\t<meta name=\"twitter:data1\" content=\"1 minuto\" \/>\n<script type=\"application\/ld+json\" class=\"yoast-schema-graph\">{\"@context\":\"https:\/\/schema.org\",\"@graph\":[{\"@type\":\"WebPage\",\"@id\":\"https:\/\/hh.uy\/?product=motobomba-a-gasolina-13hp-120m3-h-o100mm\",\"url\":\"https:\/\/hh.uy\/?product=motobomba-a-gasolina-13hp-120m3-h-o100mm\",\"name\":\"MOTOBOMBA A GASOLINA 13HP 120M3\/H \u00d8100mm - Tienda de Herramientas | hh.uy\",\"isPartOf\":{\"@id\":\"https:\/\/hh.uy\/#website\"},\"primaryImageOfPage\":{\"@id\":\"https:\/\/hh.uy\/?product=motobomba-a-gasolina-13hp-120m3-h-o100mm#primaryimage\"},\"image\":{\"@id\":\"https:\/\/hh.uy\/?product=motobomba-a-gasolina-13hp-120m3-h-o100mm#primaryimage\"},\"thumbnailUrl\":\"https:\/\/hh.uy\/wp-content\/uploads\/2026\/02\/Gemini_Generated_Image_sz8103sz8103sz81.png\",\"datePublished\":\"2026-03-06T14:27:41+00:00\",\"breadcrumb\":{\"@id\":\"https:\/\/hh.uy\/?product=motobomba-a-gasolina-13hp-120m3-h-o100mm#breadcrumb\"},\"inLanguage\":\"es\",\"potentialAction\":[{\"@type\":\"ReadAction\",\"target\":[\"https:\/\/hh.uy\/?product=motobomba-a-gasolina-13hp-120m3-h-o100mm\"]}]},{\"@type\":\"ImageObject\",\"inLanguage\":\"es\",\"@id\":\"https:\/\/hh.uy\/?product=motobomba-a-gasolina-13hp-120m3-h-o100mm#primaryimage\",\"url\":\"https:\/\/hh.uy\/wp-content\/uploads\/2026\/02\/Gemini_Generated_Image_sz8103sz8103sz81.png\",\"contentUrl\":\"https:\/\/hh.uy\/wp-content\/uploads\/2026\/02\/Gemini_Generated_Image_sz8103sz8103sz81.png\",\"width\":1024,\"height\":1024},{\"@type\":\"BreadcrumbList\",\"@id\":\"https:\/\/hh.uy\/?product=motobomba-a-gasolina-13hp-120m3-h-o100mm#breadcrumb\",\"itemListElement\":[{\"@type\":\"ListItem\",\"position\":1,\"name\":\"Home\",\"item\":\"https:\/\/hh.uy\/\"},{\"@type\":\"ListItem\",\"position\":2,\"name\":\"Shop\",\"item\":\"https:\/\/hh.uy\/?page_id=8\"},{\"@type\":\"ListItem\",\"position\":3,\"name\":\"MOTOBOMBA A GASOLINA 13HP 120M3\/H \u00d8100mm\"}]},{\"@type\":\"WebSite\",\"@id\":\"https:\/\/hh.uy\/#website\",\"url\":\"https:\/\/hh.uy\/\",\"name\":\"Tienda de Herramientas | hh.uy\",\"description\":\"Consulta &gt; Compra &gt; Paga &gt; Recibe\",\"potentialAction\":[{\"@type\":\"SearchAction\",\"target\":{\"@type\":\"EntryPoint\",\"urlTemplate\":\"https:\/\/hh.uy\/?s={search_term_string}\"},\"query-input\":{\"@type\":\"PropertyValueSpecification\",\"valueRequired\":true,\"valueName\":\"search_term_string\"}}],\"inLanguage\":\"es\"}]}<\/script>\n<!-- \/ Yoast SEO plugin. -->","yoast_head_json":{"title":"MOTOBOMBA A GASOLINA 13HP 120M3\/H \u00d8100mm - Tienda de Herramientas | hh.uy","robots":{"index":"index","follow":"follow","max-snippet":"max-snippet:-1","max-image-preview":"max-image-preview:large","max-video-preview":"max-video-preview:-1"},"canonical":"https:\/\/hh.uy\/?product=motobomba-a-gasolina-13hp-120m3-h-o100mm","og_locale":"es_ES","og_type":"article","og_title":"MOTOBOMBA A GASOLINA 13HP 120M3\/H \u00d8100mm - Tienda de Herramientas | hh.uy","og_description":"Referencia:\u00a0MG8040\/2\/13 Di\u00e1metro de entrada\/Salida: 100mm Caudal: 120m3\/h Altura m\u00e1xima: 27m Succi\u00f3n m\u00e1xima: 8m Cilindrada: 389cc Capacidad de tanque de combustible:...","og_url":"https:\/\/hh.uy\/?product=motobomba-a-gasolina-13hp-120m3-h-o100mm","og_site_name":"Tienda de Herramientas | hh.uy","og_image":[{"width":1024,"height":1024,"url":"https:\/\/hh.uy\/wp-content\/uploads\/2026\/02\/Gemini_Generated_Image_sz8103sz8103sz81.png","type":"image\/png"}],"twitter_card":"summary_large_image","twitter_misc":{"Tiempo de lectura":"1 minuto"},"schema":{"@context":"https:\/\/schema.org","@graph":[{"@type":"WebPage","@id":"https:\/\/hh.uy\/?product=motobomba-a-gasolina-13hp-120m3-h-o100mm","url":"https:\/\/hh.uy\/?product=motobomba-a-gasolina-13hp-120m3-h-o100mm","name":"MOTOBOMBA A GASOLINA 13HP 120M3\/H \u00d8100mm - Tienda de Herramientas | hh.uy","isPartOf":{"@id":"https:\/\/hh.uy\/#website"},"primaryImageOfPage":{"@id":"https:\/\/hh.uy\/?product=motobomba-a-gasolina-13hp-120m3-h-o100mm#primaryimage"},"image":{"@id":"https:\/\/hh.uy\/?product=motobomba-a-gasolina-13hp-120m3-h-o100mm#primaryimage"},"thumbnailUrl":"https:\/\/hh.uy\/wp-content\/uploads\/2026\/02\/Gemini_Generated_Image_sz8103sz8103sz81.png","datePublished":"2026-03-06T14:27:41+00:00","breadcrumb":{"@id":"https:\/\/hh.uy\/?product=motobomba-a-gasolina-13hp-120m3-h-o100mm#breadcrumb"},"inLanguage":"es","potentialAction":[{"@type":"ReadAction","target":["https:\/\/hh.uy\/?product=motobomba-a-gasolina-13hp-120m3-h-o100mm"]}]},{"@type":"ImageObject","inLanguage":"es","@id":"https:\/\/hh.uy\/?product=motobomba-a-gasolina-13hp-120m3-h-o100mm#primaryimage","url":"https:\/\/hh.uy\/wp-content\/uploads\/2026\/02\/Gemini_Generated_Image_sz8103sz8103sz81.png","contentUrl":"https:\/\/hh.uy\/wp-content\/uploads\/2026\/02\/Gemini_Generated_Image_sz8103sz8103sz81.png","width":1024,"height":1024},{"@type":"BreadcrumbList","@id":"https:\/\/hh.uy\/?product=motobomba-a-gasolina-13hp-120m3-h-o100mm#breadcrumb","itemListElement":[{"@type":"ListItem","position":1,"name":"Home","item":"https:\/\/hh.uy\/"},{"@type":"ListItem","position":2,"name":"Shop","item":"https:\/\/hh.uy\/?page_id=8"},{"@type":"ListItem","position":3,"name":"MOTOBOMBA A GASOLINA 13HP 120M3\/H \u00d8100mm"}]},{"@type":"WebSite","@id":"https:\/\/hh.uy\/#website","url":"https:\/\/hh.uy\/","name":"Tienda de Herramientas | hh.uy","description":"Consulta &gt; Compra &gt; Paga &gt; Recibe","potentialAction":[{"@type":"SearchAction","target":{"@type":"EntryPoint","urlTemplate":"https:\/\/hh.uy\/?s={search_term_string}"},"query-input":{"@type":"PropertyValueSpecification","valueRequired":true,"valueName":"search_term_string"}}],"inLanguage":"es"}]}},"_links":{"self":[{"href":"https:\/\/hh.uy\/index.php?rest_route=\/wp\/v2\/product\/1343","targetHints":{"allow":["GET"]}}],"collection":[{"href":"https:\/\/hh.uy\/index.php?rest_route=\/wp\/v2\/product"}],"about":[{"href":"https:\/\/hh.uy\/index.php?rest_route=\/wp\/v2\/types\/product"}],"replies":[{"embeddable":true,"href":"https:\/\/hh.uy\/index.php?rest_route=%2Fwp%2Fv2%2Fcomments&post=1343"}],"wp:featuredmedia":[{"embeddable":true,"href":"https:\/\/hh.uy\/index.php?rest_route=\/wp\/v2\/media\/1341"}],"wp:attachment":[{"href":"https:\/\/hh.uy\/index.php?rest_route=%2Fwp%2Fv2%2Fmedia&parent=1343"}],"wp:term":[{"taxonomy":"product_cat","embeddable":true,"href":"https:\/\/hh.uy\/index.php?rest_route=%2Fwp%2Fv2%2Fproduct_cat&post=1343"},{"taxonomy":"product_tag","embeddable":true,"href":"https:\/\/hh.uy\/index.php?rest_route=%2Fwp%2Fv2%2Fproduct_tag&post=1343"}],"curies":[{"name":"wp","href":"https:\/\/api.w.org\/{rel}","templated":true}]}}