{"id":1162,"date":"2026-02-27T16:54:11","date_gmt":"2026-02-27T19:54:11","guid":{"rendered":"https:\/\/hh.uy\/?post_type=product&#038;p=1162"},"modified":"2026-02-27T16:54:11","modified_gmt":"2026-02-27T19:54:11","slug":"motosierra-fg-electrica-20v-5","status":"publish","type":"product","link":"https:\/\/hh.uy\/?product=motosierra-fg-electrica-20v-5","title":{"rendered":"MOTOSIERRA F&amp;G EL\u00c9CTRICA 20V 5\u201d"},"content":{"rendered":"<div class=\"vtex-flex-layout-0-x-flexColChild vtex-flex-layout-0-x-flexColChild--productRightCol pb0\"><span class=\"vtex-product-identifier-0-x-product-identifier vtex-product-identifier-0-x-product-identifier--skuReferenceId c-muted-1\"><span class=\"vtex-product-identifier-0-x-product-identifier__label\">Referencia<\/span><span class=\"vtex-product-identifier-0-x-product-identifier__separator\">:\u00a0<\/span><span class=\"vtex-product-identifier-0-x-product-identifier__value\">EM905C1<\/span><\/span><\/div>\n<div class=\"vtex-flex-layout-0-x-flexColChild vtex-flex-layout-0-x-flexColChild--productRightCol pb0\">\n<div class=\"vtex-reviews-and-ratings-3-x-summaryContainer review-summary mw8 center\"><\/div>\n<\/div>\n<div class=\"vtex-flex-layout-0-x-flexColChild vtex-flex-layout-0-x-flexColChild--productRightCol pb0\">\n<div class=\"vtex-flex-layout-0-x-flexRow vtex-flex-layout-0-x-flexRow--productPrice\" aria-label=\"Section row\">\n<div class=\"flex mt0 mb0 pt0 pb0    justify-start vtex-flex-layout-0-x-flexRowContent vtex-flex-layout-0-x-flexRowContent--productPrice items-stretch w-100\">\n<div class=\"pr0 items-stretch vtex-flex-layout-0-x-stretchChildrenWidth   flex\">\n<div class=\"vtex-flex-layout-0-x-flexCol  ml0 mr0 pl0 pr0      flex flex-column h-100 w-100\">Velocidad de Vac\u00edo 3800r\/min Largo de hoja 4\u201d Lubricaci\u00f3n Manual Tensi\u00f3n nominal 18V Tensi\u00f3n m\u00e1xima 20V Capacidad de bater\u00eda 2Ah Cargador base 2.2\u00aa Peso 1.3kg- 2.86lb Garant\u00eda: 1 a\u00f1o<\/div>\n<\/div>\n<\/div>\n<\/div>\n<\/div>\n","protected":false},"excerpt":{"rendered":"<p>Referencia:\u00a0EM905C1 Velocidad de Vac\u00edo 3800r\/min Largo de hoja 4\u201d Lubricaci\u00f3n Manual Tensi\u00f3n nominal 18V Tensi\u00f3n m\u00e1xima 20V Capacidad de bater\u00eda&#8230;<\/p>\n","protected":false},"featured_media":1163,"comment_status":"open","ping_status":"closed","template":"","meta":[],"product_cat":[100],"product_tag":[],"class_list":{"0":"post-1162","1":"product","2":"type-product","3":"status-publish","4":"has-post-thumbnail","6":"product_cat-electrosierra","8":"first","9":"instock","10":"taxable","11":"shipping-taxable","12":"purchasable","13":"product-type-simple"},"yoast_head":"<!-- This site is optimized with the Yoast SEO plugin v24.9 - https:\/\/yoast.com\/wordpress\/plugins\/seo\/ -->\n<title>MOTOSIERRA F&amp;G EL\u00c9CTRICA 20V 5\u201d - Tienda de Herramientas | hh.uy<\/title>\n<meta name=\"robots\" content=\"index, follow, max-snippet:-1, max-image-preview:large, max-video-preview:-1\" \/>\n<link rel=\"canonical\" href=\"https:\/\/hh.uy\/?product=motosierra-fg-electrica-20v-5\" \/>\n<meta property=\"og:locale\" content=\"es_ES\" \/>\n<meta property=\"og:type\" content=\"article\" \/>\n<meta property=\"og:title\" content=\"MOTOSIERRA F&amp;G EL\u00c9CTRICA 20V 5\u201d - Tienda de Herramientas | hh.uy\" \/>\n<meta property=\"og:description\" content=\"Referencia:\u00a0EM905C1 Velocidad de Vac\u00edo 3800r\/min Largo de hoja 4\u201d Lubricaci\u00f3n Manual Tensi\u00f3n nominal 18V Tensi\u00f3n m\u00e1xima 20V Capacidad de bater\u00eda...\" \/>\n<meta property=\"og:url\" content=\"https:\/\/hh.uy\/?product=motosierra-fg-electrica-20v-5\" \/>\n<meta property=\"og:site_name\" content=\"Tienda de Herramientas | hh.uy\" \/>\n<meta property=\"og:image\" content=\"https:\/\/hh.uy\/wp-content\/uploads\/2026\/02\/160214-800-auto.webp\" \/>\n\t<meta property=\"og:image:width\" content=\"800\" \/>\n\t<meta property=\"og:image:height\" content=\"800\" \/>\n\t<meta property=\"og:image:type\" content=\"image\/webp\" \/>\n<meta name=\"twitter:card\" content=\"summary_large_image\" \/>\n<meta name=\"twitter:label1\" content=\"Tiempo de lectura\" \/>\n\t<meta name=\"twitter:data1\" content=\"1 minuto\" \/>\n<script type=\"application\/ld+json\" class=\"yoast-schema-graph\">{\"@context\":\"https:\/\/schema.org\",\"@graph\":[{\"@type\":\"WebPage\",\"@id\":\"https:\/\/hh.uy\/?product=motosierra-fg-electrica-20v-5\",\"url\":\"https:\/\/hh.uy\/?product=motosierra-fg-electrica-20v-5\",\"name\":\"MOTOSIERRA F&amp;G EL\u00c9CTRICA 20V 5\u201d - Tienda de Herramientas | hh.uy\",\"isPartOf\":{\"@id\":\"https:\/\/hh.uy\/#website\"},\"primaryImageOfPage\":{\"@id\":\"https:\/\/hh.uy\/?product=motosierra-fg-electrica-20v-5#primaryimage\"},\"image\":{\"@id\":\"https:\/\/hh.uy\/?product=motosierra-fg-electrica-20v-5#primaryimage\"},\"thumbnailUrl\":\"https:\/\/hh.uy\/wp-content\/uploads\/2026\/02\/160214-800-auto.webp\",\"datePublished\":\"2026-02-27T19:54:11+00:00\",\"breadcrumb\":{\"@id\":\"https:\/\/hh.uy\/?product=motosierra-fg-electrica-20v-5#breadcrumb\"},\"inLanguage\":\"es\",\"potentialAction\":[{\"@type\":\"ReadAction\",\"target\":[\"https:\/\/hh.uy\/?product=motosierra-fg-electrica-20v-5\"]}]},{\"@type\":\"ImageObject\",\"inLanguage\":\"es\",\"@id\":\"https:\/\/hh.uy\/?product=motosierra-fg-electrica-20v-5#primaryimage\",\"url\":\"https:\/\/hh.uy\/wp-content\/uploads\/2026\/02\/160214-800-auto.webp\",\"contentUrl\":\"https:\/\/hh.uy\/wp-content\/uploads\/2026\/02\/160214-800-auto.webp\",\"width\":800,\"height\":800},{\"@type\":\"BreadcrumbList\",\"@id\":\"https:\/\/hh.uy\/?product=motosierra-fg-electrica-20v-5#breadcrumb\",\"itemListElement\":[{\"@type\":\"ListItem\",\"position\":1,\"name\":\"Home\",\"item\":\"https:\/\/hh.uy\/\"},{\"@type\":\"ListItem\",\"position\":2,\"name\":\"Shop\",\"item\":\"https:\/\/hh.uy\/?page_id=8\"},{\"@type\":\"ListItem\",\"position\":3,\"name\":\"MOTOSIERRA F&amp;G EL\u00c9CTRICA 20V 5\u201d\"}]},{\"@type\":\"WebSite\",\"@id\":\"https:\/\/hh.uy\/#website\",\"url\":\"https:\/\/hh.uy\/\",\"name\":\"Tienda de Herramientas | hh.uy\",\"description\":\"Consulta &gt; Compra &gt; Paga &gt; Recibe\",\"potentialAction\":[{\"@type\":\"SearchAction\",\"target\":{\"@type\":\"EntryPoint\",\"urlTemplate\":\"https:\/\/hh.uy\/?s={search_term_string}\"},\"query-input\":{\"@type\":\"PropertyValueSpecification\",\"valueRequired\":true,\"valueName\":\"search_term_string\"}}],\"inLanguage\":\"es\"}]}<\/script>\n<!-- \/ Yoast SEO plugin. -->","yoast_head_json":{"title":"MOTOSIERRA F&amp;G EL\u00c9CTRICA 20V 5\u201d - Tienda de Herramientas | hh.uy","robots":{"index":"index","follow":"follow","max-snippet":"max-snippet:-1","max-image-preview":"max-image-preview:large","max-video-preview":"max-video-preview:-1"},"canonical":"https:\/\/hh.uy\/?product=motosierra-fg-electrica-20v-5","og_locale":"es_ES","og_type":"article","og_title":"MOTOSIERRA F&amp;G EL\u00c9CTRICA 20V 5\u201d - Tienda de Herramientas | hh.uy","og_description":"Referencia:\u00a0EM905C1 Velocidad de Vac\u00edo 3800r\/min Largo de hoja 4\u201d Lubricaci\u00f3n Manual Tensi\u00f3n nominal 18V Tensi\u00f3n m\u00e1xima 20V Capacidad de bater\u00eda...","og_url":"https:\/\/hh.uy\/?product=motosierra-fg-electrica-20v-5","og_site_name":"Tienda de Herramientas | hh.uy","og_image":[{"width":800,"height":800,"url":"https:\/\/hh.uy\/wp-content\/uploads\/2026\/02\/160214-800-auto.webp","type":"image\/webp"}],"twitter_card":"summary_large_image","twitter_misc":{"Tiempo de lectura":"1 minuto"},"schema":{"@context":"https:\/\/schema.org","@graph":[{"@type":"WebPage","@id":"https:\/\/hh.uy\/?product=motosierra-fg-electrica-20v-5","url":"https:\/\/hh.uy\/?product=motosierra-fg-electrica-20v-5","name":"MOTOSIERRA F&amp;G EL\u00c9CTRICA 20V 5\u201d - Tienda de Herramientas | hh.uy","isPartOf":{"@id":"https:\/\/hh.uy\/#website"},"primaryImageOfPage":{"@id":"https:\/\/hh.uy\/?product=motosierra-fg-electrica-20v-5#primaryimage"},"image":{"@id":"https:\/\/hh.uy\/?product=motosierra-fg-electrica-20v-5#primaryimage"},"thumbnailUrl":"https:\/\/hh.uy\/wp-content\/uploads\/2026\/02\/160214-800-auto.webp","datePublished":"2026-02-27T19:54:11+00:00","breadcrumb":{"@id":"https:\/\/hh.uy\/?product=motosierra-fg-electrica-20v-5#breadcrumb"},"inLanguage":"es","potentialAction":[{"@type":"ReadAction","target":["https:\/\/hh.uy\/?product=motosierra-fg-electrica-20v-5"]}]},{"@type":"ImageObject","inLanguage":"es","@id":"https:\/\/hh.uy\/?product=motosierra-fg-electrica-20v-5#primaryimage","url":"https:\/\/hh.uy\/wp-content\/uploads\/2026\/02\/160214-800-auto.webp","contentUrl":"https:\/\/hh.uy\/wp-content\/uploads\/2026\/02\/160214-800-auto.webp","width":800,"height":800},{"@type":"BreadcrumbList","@id":"https:\/\/hh.uy\/?product=motosierra-fg-electrica-20v-5#breadcrumb","itemListElement":[{"@type":"ListItem","position":1,"name":"Home","item":"https:\/\/hh.uy\/"},{"@type":"ListItem","position":2,"name":"Shop","item":"https:\/\/hh.uy\/?page_id=8"},{"@type":"ListItem","position":3,"name":"MOTOSIERRA F&amp;G EL\u00c9CTRICA 20V 5\u201d"}]},{"@type":"WebSite","@id":"https:\/\/hh.uy\/#website","url":"https:\/\/hh.uy\/","name":"Tienda de Herramientas | hh.uy","description":"Consulta &gt; Compra &gt; Paga &gt; Recibe","potentialAction":[{"@type":"SearchAction","target":{"@type":"EntryPoint","urlTemplate":"https:\/\/hh.uy\/?s={search_term_string}"},"query-input":{"@type":"PropertyValueSpecification","valueRequired":true,"valueName":"search_term_string"}}],"inLanguage":"es"}]}},"_links":{"self":[{"href":"https:\/\/hh.uy\/index.php?rest_route=\/wp\/v2\/product\/1162","targetHints":{"allow":["GET"]}}],"collection":[{"href":"https:\/\/hh.uy\/index.php?rest_route=\/wp\/v2\/product"}],"about":[{"href":"https:\/\/hh.uy\/index.php?rest_route=\/wp\/v2\/types\/product"}],"replies":[{"embeddable":true,"href":"https:\/\/hh.uy\/index.php?rest_route=%2Fwp%2Fv2%2Fcomments&post=1162"}],"wp:featuredmedia":[{"embeddable":true,"href":"https:\/\/hh.uy\/index.php?rest_route=\/wp\/v2\/media\/1163"}],"wp:attachment":[{"href":"https:\/\/hh.uy\/index.php?rest_route=%2Fwp%2Fv2%2Fmedia&parent=1162"}],"wp:term":[{"taxonomy":"product_cat","embeddable":true,"href":"https:\/\/hh.uy\/index.php?rest_route=%2Fwp%2Fv2%2Fproduct_cat&post=1162"},{"taxonomy":"product_tag","embeddable":true,"href":"https:\/\/hh.uy\/index.php?rest_route=%2Fwp%2Fv2%2Fproduct_tag&post=1162"}],"curies":[{"name":"wp","href":"https:\/\/api.w.org\/{rel}","templated":true}]}}