{"id":1157,"date":"2026-02-27T16:46:33","date_gmt":"2026-02-27T19:46:33","guid":{"rendered":"https:\/\/hh.uy\/?post_type=product&#038;p=1157"},"modified":"2026-02-27T16:51:37","modified_gmt":"2026-02-27T19:51:37","slug":"electrosierra-16-220v-1800w","status":"publish","type":"product","link":"https:\/\/hh.uy\/?product=electrosierra-16-220v-1800w","title":{"rendered":"ELECTROSIERRA 16\u00bb 220V &#8211; 1800W"},"content":{"rendered":"<p><span class=\"vtex-product-identifier-0-x-product-identifier__label\">Referencia<\/span><span class=\"vtex-product-identifier-0-x-product-identifier__separator\">:\u00a0<\/span><span class=\"vtex-product-identifier-0-x-product-identifier__value\">EL616\/4\/220F<\/span><\/p>\n<p>Barra de 405mm &#8211; 16&#8243;. Freno de cadena. Lubricaci\u00f3n autom\u00e1tica de cadena. Indicador de nivel de aceite. Tensor de cadena manual. POTENCIA 1800W VELOCIDAD EN VAC\u00cdO 13,5m\/s LARGO DE BARRA 405mm &#8211; 16&#8243; TIPO DE AISLACION Clase II PESO 5,22kg<\/p>\n","protected":false},"excerpt":{"rendered":"<p>Referencia:\u00a0EL616\/4\/220F Barra de 405mm &#8211; 16&#8243;. Freno de cadena. Lubricaci\u00f3n autom\u00e1tica de cadena. Indicador de nivel de aceite. Tensor de&#8230;<\/p>\n","protected":false},"featured_media":1158,"comment_status":"open","ping_status":"closed","template":"","meta":[],"product_cat":[100],"product_tag":[],"class_list":{"0":"post-1157","1":"product","2":"type-product","3":"status-publish","4":"has-post-thumbnail","6":"product_cat-electrosierra","8":"first","9":"instock","10":"taxable","11":"shipping-taxable","12":"purchasable","13":"product-type-simple"},"yoast_head":"<!-- This site is optimized with the Yoast SEO plugin v24.9 - https:\/\/yoast.com\/wordpress\/plugins\/seo\/ -->\n<title>ELECTROSIERRA 16&#039;&#039; 220V - 1800W - Tienda de Herramientas | hh.uy<\/title>\n<meta name=\"robots\" content=\"index, follow, max-snippet:-1, max-image-preview:large, max-video-preview:-1\" \/>\n<link rel=\"canonical\" href=\"https:\/\/hh.uy\/?product=electrosierra-16-220v-1800w\" \/>\n<meta property=\"og:locale\" content=\"es_ES\" \/>\n<meta property=\"og:type\" content=\"article\" \/>\n<meta property=\"og:title\" content=\"ELECTROSIERRA 16&#039;&#039; 220V - 1800W - Tienda de Herramientas | hh.uy\" \/>\n<meta property=\"og:description\" content=\"Referencia:\u00a0EL616\/4\/220F Barra de 405mm &#8211; 16&#8243;. Freno de cadena. Lubricaci\u00f3n autom\u00e1tica de cadena. Indicador de nivel de aceite. Tensor de...\" \/>\n<meta property=\"og:url\" content=\"https:\/\/hh.uy\/?product=electrosierra-16-220v-1800w\" \/>\n<meta property=\"og:site_name\" content=\"Tienda de Herramientas | hh.uy\" \/>\n<meta property=\"article:modified_time\" content=\"2026-02-27T19:51:37+00:00\" \/>\n<meta property=\"og:image\" content=\"https:\/\/hh.uy\/wp-content\/uploads\/2026\/02\/159271-800-auto.webp\" \/>\n\t<meta property=\"og:image:width\" content=\"800\" \/>\n\t<meta property=\"og:image:height\" content=\"800\" \/>\n\t<meta property=\"og:image:type\" content=\"image\/webp\" \/>\n<meta name=\"twitter:card\" content=\"summary_large_image\" \/>\n<meta name=\"twitter:label1\" content=\"Tiempo de lectura\" \/>\n\t<meta name=\"twitter:data1\" content=\"1 minuto\" \/>\n<script type=\"application\/ld+json\" class=\"yoast-schema-graph\">{\"@context\":\"https:\/\/schema.org\",\"@graph\":[{\"@type\":\"WebPage\",\"@id\":\"https:\/\/hh.uy\/?product=electrosierra-16-220v-1800w\",\"url\":\"https:\/\/hh.uy\/?product=electrosierra-16-220v-1800w\",\"name\":\"ELECTROSIERRA 16'' 220V - 1800W - Tienda de Herramientas | hh.uy\",\"isPartOf\":{\"@id\":\"https:\/\/hh.uy\/#website\"},\"primaryImageOfPage\":{\"@id\":\"https:\/\/hh.uy\/?product=electrosierra-16-220v-1800w#primaryimage\"},\"image\":{\"@id\":\"https:\/\/hh.uy\/?product=electrosierra-16-220v-1800w#primaryimage\"},\"thumbnailUrl\":\"https:\/\/hh.uy\/wp-content\/uploads\/2026\/02\/159271-800-auto.webp\",\"datePublished\":\"2026-02-27T19:46:33+00:00\",\"dateModified\":\"2026-02-27T19:51:37+00:00\",\"breadcrumb\":{\"@id\":\"https:\/\/hh.uy\/?product=electrosierra-16-220v-1800w#breadcrumb\"},\"inLanguage\":\"es\",\"potentialAction\":[{\"@type\":\"ReadAction\",\"target\":[\"https:\/\/hh.uy\/?product=electrosierra-16-220v-1800w\"]}]},{\"@type\":\"ImageObject\",\"inLanguage\":\"es\",\"@id\":\"https:\/\/hh.uy\/?product=electrosierra-16-220v-1800w#primaryimage\",\"url\":\"https:\/\/hh.uy\/wp-content\/uploads\/2026\/02\/159271-800-auto.webp\",\"contentUrl\":\"https:\/\/hh.uy\/wp-content\/uploads\/2026\/02\/159271-800-auto.webp\",\"width\":800,\"height\":800},{\"@type\":\"BreadcrumbList\",\"@id\":\"https:\/\/hh.uy\/?product=electrosierra-16-220v-1800w#breadcrumb\",\"itemListElement\":[{\"@type\":\"ListItem\",\"position\":1,\"name\":\"Home\",\"item\":\"https:\/\/hh.uy\/\"},{\"@type\":\"ListItem\",\"position\":2,\"name\":\"Shop\",\"item\":\"https:\/\/hh.uy\/?page_id=8\"},{\"@type\":\"ListItem\",\"position\":3,\"name\":\"ELECTROSIERRA 16\u00bb 220V &#8211; 1800W\"}]},{\"@type\":\"WebSite\",\"@id\":\"https:\/\/hh.uy\/#website\",\"url\":\"https:\/\/hh.uy\/\",\"name\":\"Tienda de Herramientas | hh.uy\",\"description\":\"Consulta &gt; Compra &gt; Paga &gt; Recibe\",\"potentialAction\":[{\"@type\":\"SearchAction\",\"target\":{\"@type\":\"EntryPoint\",\"urlTemplate\":\"https:\/\/hh.uy\/?s={search_term_string}\"},\"query-input\":{\"@type\":\"PropertyValueSpecification\",\"valueRequired\":true,\"valueName\":\"search_term_string\"}}],\"inLanguage\":\"es\"}]}<\/script>\n<!-- \/ Yoast SEO plugin. -->","yoast_head_json":{"title":"ELECTROSIERRA 16'' 220V - 1800W - Tienda de Herramientas | hh.uy","robots":{"index":"index","follow":"follow","max-snippet":"max-snippet:-1","max-image-preview":"max-image-preview:large","max-video-preview":"max-video-preview:-1"},"canonical":"https:\/\/hh.uy\/?product=electrosierra-16-220v-1800w","og_locale":"es_ES","og_type":"article","og_title":"ELECTROSIERRA 16'' 220V - 1800W - Tienda de Herramientas | hh.uy","og_description":"Referencia:\u00a0EL616\/4\/220F Barra de 405mm &#8211; 16&#8243;. Freno de cadena. Lubricaci\u00f3n autom\u00e1tica de cadena. Indicador de nivel de aceite. Tensor de...","og_url":"https:\/\/hh.uy\/?product=electrosierra-16-220v-1800w","og_site_name":"Tienda de Herramientas | hh.uy","article_modified_time":"2026-02-27T19:51:37+00:00","og_image":[{"width":800,"height":800,"url":"https:\/\/hh.uy\/wp-content\/uploads\/2026\/02\/159271-800-auto.webp","type":"image\/webp"}],"twitter_card":"summary_large_image","twitter_misc":{"Tiempo de lectura":"1 minuto"},"schema":{"@context":"https:\/\/schema.org","@graph":[{"@type":"WebPage","@id":"https:\/\/hh.uy\/?product=electrosierra-16-220v-1800w","url":"https:\/\/hh.uy\/?product=electrosierra-16-220v-1800w","name":"ELECTROSIERRA 16'' 220V - 1800W - Tienda de Herramientas | hh.uy","isPartOf":{"@id":"https:\/\/hh.uy\/#website"},"primaryImageOfPage":{"@id":"https:\/\/hh.uy\/?product=electrosierra-16-220v-1800w#primaryimage"},"image":{"@id":"https:\/\/hh.uy\/?product=electrosierra-16-220v-1800w#primaryimage"},"thumbnailUrl":"https:\/\/hh.uy\/wp-content\/uploads\/2026\/02\/159271-800-auto.webp","datePublished":"2026-02-27T19:46:33+00:00","dateModified":"2026-02-27T19:51:37+00:00","breadcrumb":{"@id":"https:\/\/hh.uy\/?product=electrosierra-16-220v-1800w#breadcrumb"},"inLanguage":"es","potentialAction":[{"@type":"ReadAction","target":["https:\/\/hh.uy\/?product=electrosierra-16-220v-1800w"]}]},{"@type":"ImageObject","inLanguage":"es","@id":"https:\/\/hh.uy\/?product=electrosierra-16-220v-1800w#primaryimage","url":"https:\/\/hh.uy\/wp-content\/uploads\/2026\/02\/159271-800-auto.webp","contentUrl":"https:\/\/hh.uy\/wp-content\/uploads\/2026\/02\/159271-800-auto.webp","width":800,"height":800},{"@type":"BreadcrumbList","@id":"https:\/\/hh.uy\/?product=electrosierra-16-220v-1800w#breadcrumb","itemListElement":[{"@type":"ListItem","position":1,"name":"Home","item":"https:\/\/hh.uy\/"},{"@type":"ListItem","position":2,"name":"Shop","item":"https:\/\/hh.uy\/?page_id=8"},{"@type":"ListItem","position":3,"name":"ELECTROSIERRA 16\u00bb 220V &#8211; 1800W"}]},{"@type":"WebSite","@id":"https:\/\/hh.uy\/#website","url":"https:\/\/hh.uy\/","name":"Tienda de Herramientas | hh.uy","description":"Consulta &gt; Compra &gt; Paga &gt; Recibe","potentialAction":[{"@type":"SearchAction","target":{"@type":"EntryPoint","urlTemplate":"https:\/\/hh.uy\/?s={search_term_string}"},"query-input":{"@type":"PropertyValueSpecification","valueRequired":true,"valueName":"search_term_string"}}],"inLanguage":"es"}]}},"_links":{"self":[{"href":"https:\/\/hh.uy\/index.php?rest_route=\/wp\/v2\/product\/1157","targetHints":{"allow":["GET"]}}],"collection":[{"href":"https:\/\/hh.uy\/index.php?rest_route=\/wp\/v2\/product"}],"about":[{"href":"https:\/\/hh.uy\/index.php?rest_route=\/wp\/v2\/types\/product"}],"replies":[{"embeddable":true,"href":"https:\/\/hh.uy\/index.php?rest_route=%2Fwp%2Fv2%2Fcomments&post=1157"}],"wp:featuredmedia":[{"embeddable":true,"href":"https:\/\/hh.uy\/index.php?rest_route=\/wp\/v2\/media\/1158"}],"wp:attachment":[{"href":"https:\/\/hh.uy\/index.php?rest_route=%2Fwp%2Fv2%2Fmedia&parent=1157"}],"wp:term":[{"taxonomy":"product_cat","embeddable":true,"href":"https:\/\/hh.uy\/index.php?rest_route=%2Fwp%2Fv2%2Fproduct_cat&post=1157"},{"taxonomy":"product_tag","embeddable":true,"href":"https:\/\/hh.uy\/index.php?rest_route=%2Fwp%2Fv2%2Fproduct_tag&post=1157"}],"curies":[{"name":"wp","href":"https:\/\/api.w.org\/{rel}","templated":true}]}}