{"id":108,"date":"2020-04-07T15:15:04","date_gmt":"2020-04-07T18:15:04","guid":{"rendered":"https:\/\/hh.uy\/?post_type=product&#038;p=108"},"modified":"2021-05-31T02:04:51","modified_gmt":"2021-05-31T05:04:51","slug":"bd743-4-1-desmalezadora-a-gasolina","status":"publish","type":"product","link":"https:\/\/hh.uy\/?product=bd743-4-1-desmalezadora-a-gasolina","title":{"rendered":"BD743\/4-1 &#8211; DESMALEZADORA A GASOLINA"},"content":{"rendered":"<p>1 herramienta multifunci\u00f3n de jardiner\u00eda: Bordeadora, desmalezadora, cortacerco, motosierra<br \/>\nBordeadora: F\u00e1cil recarga, capacidad de corte: 380mm &#8211; 15&#8243;<br \/>\nDesmalezadora: Cuchilla de 3 puntos, capacidad de corte: 255mm-10&#8243;<br \/>\nCortacerco: Cuchilla de doble acci\u00f3n: 457mm-18&#8243;<br \/>\nSierra a cadena: Barra: 305mm-12&#8243;<br \/>\nCILINDRADA: 43cc<br \/>\nPOTENCIA: 125KW<br \/>\nTRANSMISI\u00d3N: Eje recto<br \/>\nPESO: 12Kg<\/p>\n","protected":false},"excerpt":{"rendered":"<p>1 herramienta multifunci\u00f3n de jardiner\u00eda: Bordeadora, desmalezadora, cortacerco, motosierra<br \/>\nBordeadora: F\u00e1cil recarga, capacidad de corte: 380mm &#8211; 15&#8243;<br \/>\nDesmalezadora: Cuchilla de 3 puntos, capacidad de corte: 255mm-10&#8243;<br \/>\nCortacerco: Cuchilla de doble acci\u00f3n: 457mm-18&#8243;<br \/>\nSierra a cadena: Barra: 305mm-12&#8243;<br \/>\nCILINDRADA: 43cc<br \/>\nPOTENCIA: 125KW<br \/>\nTRANSMISI\u00d3N: Eje recto<br \/>\nPESO: 12Kg<\/p>\n","protected":false},"featured_media":198,"comment_status":"open","ping_status":"closed","template":"","meta":[],"product_cat":[27,16],"product_tag":[],"class_list":{"0":"post-108","1":"product","2":"type-product","3":"status-publish","4":"has-post-thumbnail","6":"product_cat-desmalezadoras","7":"product_cat-herramientas-electricas-y-combustion","9":"first","10":"instock","11":"taxable","12":"shipping-taxable","13":"purchasable","14":"product-type-simple"},"yoast_head":"<!-- This site is optimized with the Yoast SEO plugin v24.9 - https:\/\/yoast.com\/wordpress\/plugins\/seo\/ -->\n<title>BD743\/4-1 - DESMALEZADORA A GASOLINA - Tienda de Herramientas | hh.uy<\/title>\n<meta name=\"robots\" content=\"index, follow, max-snippet:-1, max-image-preview:large, max-video-preview:-1\" \/>\n<link rel=\"canonical\" href=\"https:\/\/hh.uy\/?product=bd743-4-1-desmalezadora-a-gasolina\" \/>\n<meta property=\"og:locale\" content=\"es_ES\" \/>\n<meta property=\"og:type\" content=\"article\" \/>\n<meta property=\"og:title\" content=\"BD743\/4-1 - DESMALEZADORA A GASOLINA - Tienda de Herramientas | hh.uy\" \/>\n<meta property=\"og:description\" content=\"1 herramienta multifunci\u00f3n de jardiner\u00eda: Bordeadora, desmalezadora, cortacerco, motosierra Bordeadora: F\u00e1cil recarga, capacidad de corte: 380mm - 15&quot; Desmalezadora: Cuchilla de 3 puntos, capacidad de corte: 255mm-10&quot; Cortacerco: Cuchilla de doble acci\u00f3n: 457mm-18&quot; Sierra a cadena: Barra: 305mm-12&quot; CILINDRADA: 43cc POTENCIA: 125KW TRANSMISI\u00d3N: Eje recto PESO: 12Kg\" \/>\n<meta property=\"og:url\" content=\"https:\/\/hh.uy\/?product=bd743-4-1-desmalezadora-a-gasolina\" \/>\n<meta property=\"og:site_name\" content=\"Tienda de Herramientas | hh.uy\" \/>\n<meta property=\"article:modified_time\" content=\"2021-05-31T05:04:51+00:00\" \/>\n<meta property=\"og:image\" content=\"https:\/\/hh.uy\/wp-content\/uploads\/2020\/04\/bd74321-1.jpg\" \/>\n\t<meta property=\"og:image:width\" content=\"1180\" \/>\n\t<meta property=\"og:image:height\" content=\"1011\" \/>\n\t<meta property=\"og:image:type\" content=\"image\/jpeg\" \/>\n<meta name=\"twitter:card\" content=\"summary_large_image\" \/>\n<script type=\"application\/ld+json\" class=\"yoast-schema-graph\">{\"@context\":\"https:\/\/schema.org\",\"@graph\":[{\"@type\":\"WebPage\",\"@id\":\"https:\/\/hh.uy\/?product=bd743-4-1-desmalezadora-a-gasolina\",\"url\":\"https:\/\/hh.uy\/?product=bd743-4-1-desmalezadora-a-gasolina\",\"name\":\"BD743\/4-1 - DESMALEZADORA A GASOLINA - Tienda de Herramientas | hh.uy\",\"isPartOf\":{\"@id\":\"https:\/\/hh.uy\/#website\"},\"primaryImageOfPage\":{\"@id\":\"https:\/\/hh.uy\/?product=bd743-4-1-desmalezadora-a-gasolina#primaryimage\"},\"image\":{\"@id\":\"https:\/\/hh.uy\/?product=bd743-4-1-desmalezadora-a-gasolina#primaryimage\"},\"thumbnailUrl\":\"https:\/\/hh.uy\/wp-content\/uploads\/2020\/04\/bd74321-1.jpg\",\"datePublished\":\"2020-04-07T18:15:04+00:00\",\"dateModified\":\"2021-05-31T05:04:51+00:00\",\"breadcrumb\":{\"@id\":\"https:\/\/hh.uy\/?product=bd743-4-1-desmalezadora-a-gasolina#breadcrumb\"},\"inLanguage\":\"es\",\"potentialAction\":[{\"@type\":\"ReadAction\",\"target\":[\"https:\/\/hh.uy\/?product=bd743-4-1-desmalezadora-a-gasolina\"]}]},{\"@type\":\"ImageObject\",\"inLanguage\":\"es\",\"@id\":\"https:\/\/hh.uy\/?product=bd743-4-1-desmalezadora-a-gasolina#primaryimage\",\"url\":\"https:\/\/hh.uy\/wp-content\/uploads\/2020\/04\/bd74321-1.jpg\",\"contentUrl\":\"https:\/\/hh.uy\/wp-content\/uploads\/2020\/04\/bd74321-1.jpg\",\"width\":1180,\"height\":1011},{\"@type\":\"BreadcrumbList\",\"@id\":\"https:\/\/hh.uy\/?product=bd743-4-1-desmalezadora-a-gasolina#breadcrumb\",\"itemListElement\":[{\"@type\":\"ListItem\",\"position\":1,\"name\":\"Home\",\"item\":\"https:\/\/hh.uy\/\"},{\"@type\":\"ListItem\",\"position\":2,\"name\":\"Shop\",\"item\":\"https:\/\/hh.uy\/?page_id=8\"},{\"@type\":\"ListItem\",\"position\":3,\"name\":\"BD743\/4-1 &#8211; DESMALEZADORA A GASOLINA\"}]},{\"@type\":\"WebSite\",\"@id\":\"https:\/\/hh.uy\/#website\",\"url\":\"https:\/\/hh.uy\/\",\"name\":\"Tienda de Herramientas | hh.uy\",\"description\":\"Consulta &gt; Compra &gt; Paga &gt; Recibe\",\"potentialAction\":[{\"@type\":\"SearchAction\",\"target\":{\"@type\":\"EntryPoint\",\"urlTemplate\":\"https:\/\/hh.uy\/?s={search_term_string}\"},\"query-input\":{\"@type\":\"PropertyValueSpecification\",\"valueRequired\":true,\"valueName\":\"search_term_string\"}}],\"inLanguage\":\"es\"}]}<\/script>\n<!-- \/ Yoast SEO plugin. -->","yoast_head_json":{"title":"BD743\/4-1 - DESMALEZADORA A GASOLINA - Tienda de Herramientas | hh.uy","robots":{"index":"index","follow":"follow","max-snippet":"max-snippet:-1","max-image-preview":"max-image-preview:large","max-video-preview":"max-video-preview:-1"},"canonical":"https:\/\/hh.uy\/?product=bd743-4-1-desmalezadora-a-gasolina","og_locale":"es_ES","og_type":"article","og_title":"BD743\/4-1 - DESMALEZADORA A GASOLINA - Tienda de Herramientas | hh.uy","og_description":"1 herramienta multifunci\u00f3n de jardiner\u00eda: Bordeadora, desmalezadora, cortacerco, motosierra Bordeadora: F\u00e1cil recarga, capacidad de corte: 380mm - 15\" Desmalezadora: Cuchilla de 3 puntos, capacidad de corte: 255mm-10\" Cortacerco: Cuchilla de doble acci\u00f3n: 457mm-18\" Sierra a cadena: Barra: 305mm-12\" CILINDRADA: 43cc POTENCIA: 125KW TRANSMISI\u00d3N: Eje recto PESO: 12Kg","og_url":"https:\/\/hh.uy\/?product=bd743-4-1-desmalezadora-a-gasolina","og_site_name":"Tienda de Herramientas | hh.uy","article_modified_time":"2021-05-31T05:04:51+00:00","og_image":[{"width":1180,"height":1011,"url":"https:\/\/hh.uy\/wp-content\/uploads\/2020\/04\/bd74321-1.jpg","type":"image\/jpeg"}],"twitter_card":"summary_large_image","schema":{"@context":"https:\/\/schema.org","@graph":[{"@type":"WebPage","@id":"https:\/\/hh.uy\/?product=bd743-4-1-desmalezadora-a-gasolina","url":"https:\/\/hh.uy\/?product=bd743-4-1-desmalezadora-a-gasolina","name":"BD743\/4-1 - DESMALEZADORA A GASOLINA - Tienda de Herramientas | hh.uy","isPartOf":{"@id":"https:\/\/hh.uy\/#website"},"primaryImageOfPage":{"@id":"https:\/\/hh.uy\/?product=bd743-4-1-desmalezadora-a-gasolina#primaryimage"},"image":{"@id":"https:\/\/hh.uy\/?product=bd743-4-1-desmalezadora-a-gasolina#primaryimage"},"thumbnailUrl":"https:\/\/hh.uy\/wp-content\/uploads\/2020\/04\/bd74321-1.jpg","datePublished":"2020-04-07T18:15:04+00:00","dateModified":"2021-05-31T05:04:51+00:00","breadcrumb":{"@id":"https:\/\/hh.uy\/?product=bd743-4-1-desmalezadora-a-gasolina#breadcrumb"},"inLanguage":"es","potentialAction":[{"@type":"ReadAction","target":["https:\/\/hh.uy\/?product=bd743-4-1-desmalezadora-a-gasolina"]}]},{"@type":"ImageObject","inLanguage":"es","@id":"https:\/\/hh.uy\/?product=bd743-4-1-desmalezadora-a-gasolina#primaryimage","url":"https:\/\/hh.uy\/wp-content\/uploads\/2020\/04\/bd74321-1.jpg","contentUrl":"https:\/\/hh.uy\/wp-content\/uploads\/2020\/04\/bd74321-1.jpg","width":1180,"height":1011},{"@type":"BreadcrumbList","@id":"https:\/\/hh.uy\/?product=bd743-4-1-desmalezadora-a-gasolina#breadcrumb","itemListElement":[{"@type":"ListItem","position":1,"name":"Home","item":"https:\/\/hh.uy\/"},{"@type":"ListItem","position":2,"name":"Shop","item":"https:\/\/hh.uy\/?page_id=8"},{"@type":"ListItem","position":3,"name":"BD743\/4-1 &#8211; DESMALEZADORA A GASOLINA"}]},{"@type":"WebSite","@id":"https:\/\/hh.uy\/#website","url":"https:\/\/hh.uy\/","name":"Tienda de Herramientas | hh.uy","description":"Consulta &gt; Compra &gt; Paga &gt; Recibe","potentialAction":[{"@type":"SearchAction","target":{"@type":"EntryPoint","urlTemplate":"https:\/\/hh.uy\/?s={search_term_string}"},"query-input":{"@type":"PropertyValueSpecification","valueRequired":true,"valueName":"search_term_string"}}],"inLanguage":"es"}]}},"_links":{"self":[{"href":"https:\/\/hh.uy\/index.php?rest_route=\/wp\/v2\/product\/108","targetHints":{"allow":["GET"]}}],"collection":[{"href":"https:\/\/hh.uy\/index.php?rest_route=\/wp\/v2\/product"}],"about":[{"href":"https:\/\/hh.uy\/index.php?rest_route=\/wp\/v2\/types\/product"}],"replies":[{"embeddable":true,"href":"https:\/\/hh.uy\/index.php?rest_route=%2Fwp%2Fv2%2Fcomments&post=108"}],"wp:featuredmedia":[{"embeddable":true,"href":"https:\/\/hh.uy\/index.php?rest_route=\/wp\/v2\/media\/198"}],"wp:attachment":[{"href":"https:\/\/hh.uy\/index.php?rest_route=%2Fwp%2Fv2%2Fmedia&parent=108"}],"wp:term":[{"taxonomy":"product_cat","embeddable":true,"href":"https:\/\/hh.uy\/index.php?rest_route=%2Fwp%2Fv2%2Fproduct_cat&post=108"},{"taxonomy":"product_tag","embeddable":true,"href":"https:\/\/hh.uy\/index.php?rest_route=%2Fwp%2Fv2%2Fproduct_tag&post=108"}],"curies":[{"name":"wp","href":"https:\/\/api.w.org\/{rel}","templated":true}]}}