{"id":107,"date":"2020-04-07T15:13:56","date_gmt":"2020-04-07T18:13:56","guid":{"rendered":"https:\/\/hh.uy\/?post_type=product&#038;p=107"},"modified":"2021-05-31T02:28:59","modified_gmt":"2021-05-31T05:28:59","slug":"bd743-2-desmalezadora-de-43cc-fg-bd743-2","status":"publish","type":"product","link":"https:\/\/hh.uy\/?product=bd743-2-desmalezadora-de-43cc-fg-bd743-2","title":{"rendered":"BD743\/2 &#8211; DESMALEZADORA DE 43CC F&amp;G BD743\/2"},"content":{"rendered":"<p><b>Informaci\u00f3n del producto<\/b><br \/>\n&#8211; Poderoso motor de 43cc con<br \/>\n&#8211; cilindro cromado &#8211; larga vida \u00fatil<br \/>\n&#8211; Equipada con embrague &#8211;<br \/>\n&#8211; seguridad en la operacion<br \/>\n&#8211; Carretel de doble tanza de salida<br \/>\n&#8211; semiautom\u00e1tica que mejora la calidad de corte<br \/>\n&#8211; Incluye cabezal de corte con<br \/>\n&#8211; nylon y guarda<br \/>\n&#8211; CILINDRADA 43cc<br \/>\n&#8211; CAPACIDAD DE CORTE 430mm &#8211; 17&#8243;<br \/>\n&#8211; TRANSMISION barral recto con eje continuo<br \/>\n&#8211; DIAMETRO DE NYLON 2,5mm &#8211; 3\/32&#8243;<br \/>\n&#8211; NIVEL DE RUIDO 108dB<br \/>\n&#8211; PESO 7,4 &#8211; 16,3lb<\/p>\n","protected":false},"excerpt":{"rendered":"<p><b>Informaci\u00f3n del producto<\/b><br \/>\n&#8211; Poderoso motor de 43cc con<br \/>\n&#8211; cilindro cromado &#8211; larga vida \u00fatil<br \/>\n&#8211; Equipada con embrague &#8211;<br \/>\n&#8211; seguridad en la operacion<br \/>\n&#8211; Carretel de doble tanza de salida<br \/>\n&#8211; semiautom\u00e1tica que mejora la calidad de corte<br \/>\n&#8211; Incluye cabezal de corte con<br \/>\n&#8211; nylon y guarda<br \/>\n&#8211; CILINDRADA 43cc<br \/>\n&#8211; CAPACIDAD DE CORTE 430mm &#8211; 17&#8243;<br \/>\n&#8211; TRANSMISION barral recto con eje continuo<br \/>\n&#8211; DIAMETRO DE NYLON 2,5mm &#8211; 3\/32&#8243;<br \/>\n&#8211; NIVEL DE RUIDO 108dB<br \/>\n&#8211; PESO 7,4 &#8211; 16,3lb<\/p>\n","protected":false},"featured_media":197,"comment_status":"open","ping_status":"closed","template":"","meta":[],"product_cat":[27,16],"product_tag":[],"class_list":{"0":"post-107","1":"product","2":"type-product","3":"status-publish","4":"has-post-thumbnail","6":"product_cat-desmalezadoras","7":"product_cat-herramientas-electricas-y-combustion","9":"first","10":"instock","11":"taxable","12":"shipping-taxable","13":"purchasable","14":"product-type-simple"},"yoast_head":"<!-- This site is optimized with the Yoast SEO plugin v24.9 - https:\/\/yoast.com\/wordpress\/plugins\/seo\/ -->\n<title>BD743\/2 - DESMALEZADORA DE 43CC F&amp;G BD743\/2 - Tienda de Herramientas | hh.uy<\/title>\n<meta name=\"robots\" content=\"index, follow, max-snippet:-1, max-image-preview:large, max-video-preview:-1\" \/>\n<link rel=\"canonical\" href=\"https:\/\/hh.uy\/?product=bd743-2-desmalezadora-de-43cc-fg-bd743-2\" \/>\n<meta property=\"og:locale\" content=\"es_ES\" \/>\n<meta property=\"og:type\" content=\"article\" \/>\n<meta property=\"og:title\" content=\"BD743\/2 - DESMALEZADORA DE 43CC F&amp;G BD743\/2 - Tienda de Herramientas | hh.uy\" \/>\n<meta property=\"og:description\" content=\"Informaci\u00f3n del producto - Poderoso motor de 43cc con - cilindro cromado - larga vida \u00fatil - Equipada con embrague - - seguridad en la operacion - Carretel de doble tanza de salida - semiautom\u00e1tica que mejora la calidad de corte - Incluye cabezal de corte con - nylon y guarda - CILINDRADA 43cc - CAPACIDAD DE CORTE 430mm - 17&quot; - TRANSMISION barral recto con eje continuo - DIAMETRO DE NYLON 2,5mm - 3\/32&quot; - NIVEL DE RUIDO 108dB - PESO 7,4 - 16,3lb\" \/>\n<meta property=\"og:url\" content=\"https:\/\/hh.uy\/?product=bd743-2-desmalezadora-de-43cc-fg-bd743-2\" \/>\n<meta property=\"og:site_name\" content=\"Tienda de Herramientas | hh.uy\" \/>\n<meta property=\"article:modified_time\" content=\"2021-05-31T05:28:59+00:00\" \/>\n<meta property=\"og:image\" content=\"https:\/\/hh.uy\/wp-content\/uploads\/2020\/04\/bd74321.jpg\" \/>\n\t<meta property=\"og:image:width\" content=\"1180\" \/>\n\t<meta property=\"og:image:height\" content=\"1011\" \/>\n\t<meta property=\"og:image:type\" content=\"image\/jpeg\" \/>\n<meta name=\"twitter:card\" content=\"summary_large_image\" \/>\n<script type=\"application\/ld+json\" class=\"yoast-schema-graph\">{\"@context\":\"https:\/\/schema.org\",\"@graph\":[{\"@type\":\"WebPage\",\"@id\":\"https:\/\/hh.uy\/?product=bd743-2-desmalezadora-de-43cc-fg-bd743-2\",\"url\":\"https:\/\/hh.uy\/?product=bd743-2-desmalezadora-de-43cc-fg-bd743-2\",\"name\":\"BD743\/2 - DESMALEZADORA DE 43CC F&amp;G BD743\/2 - Tienda de Herramientas | hh.uy\",\"isPartOf\":{\"@id\":\"https:\/\/hh.uy\/#website\"},\"primaryImageOfPage\":{\"@id\":\"https:\/\/hh.uy\/?product=bd743-2-desmalezadora-de-43cc-fg-bd743-2#primaryimage\"},\"image\":{\"@id\":\"https:\/\/hh.uy\/?product=bd743-2-desmalezadora-de-43cc-fg-bd743-2#primaryimage\"},\"thumbnailUrl\":\"https:\/\/hh.uy\/wp-content\/uploads\/2020\/04\/bd74321.jpg\",\"datePublished\":\"2020-04-07T18:13:56+00:00\",\"dateModified\":\"2021-05-31T05:28:59+00:00\",\"breadcrumb\":{\"@id\":\"https:\/\/hh.uy\/?product=bd743-2-desmalezadora-de-43cc-fg-bd743-2#breadcrumb\"},\"inLanguage\":\"es\",\"potentialAction\":[{\"@type\":\"ReadAction\",\"target\":[\"https:\/\/hh.uy\/?product=bd743-2-desmalezadora-de-43cc-fg-bd743-2\"]}]},{\"@type\":\"ImageObject\",\"inLanguage\":\"es\",\"@id\":\"https:\/\/hh.uy\/?product=bd743-2-desmalezadora-de-43cc-fg-bd743-2#primaryimage\",\"url\":\"https:\/\/hh.uy\/wp-content\/uploads\/2020\/04\/bd74321.jpg\",\"contentUrl\":\"https:\/\/hh.uy\/wp-content\/uploads\/2020\/04\/bd74321.jpg\",\"width\":1180,\"height\":1011},{\"@type\":\"BreadcrumbList\",\"@id\":\"https:\/\/hh.uy\/?product=bd743-2-desmalezadora-de-43cc-fg-bd743-2#breadcrumb\",\"itemListElement\":[{\"@type\":\"ListItem\",\"position\":1,\"name\":\"Home\",\"item\":\"https:\/\/hh.uy\/\"},{\"@type\":\"ListItem\",\"position\":2,\"name\":\"Shop\",\"item\":\"https:\/\/hh.uy\/?page_id=8\"},{\"@type\":\"ListItem\",\"position\":3,\"name\":\"BD743\/2 &#8211; DESMALEZADORA DE 43CC F&amp;G BD743\/2\"}]},{\"@type\":\"WebSite\",\"@id\":\"https:\/\/hh.uy\/#website\",\"url\":\"https:\/\/hh.uy\/\",\"name\":\"Tienda de Herramientas | hh.uy\",\"description\":\"Consulta &gt; Compra &gt; Paga &gt; Recibe\",\"potentialAction\":[{\"@type\":\"SearchAction\",\"target\":{\"@type\":\"EntryPoint\",\"urlTemplate\":\"https:\/\/hh.uy\/?s={search_term_string}\"},\"query-input\":{\"@type\":\"PropertyValueSpecification\",\"valueRequired\":true,\"valueName\":\"search_term_string\"}}],\"inLanguage\":\"es\"}]}<\/script>\n<!-- \/ Yoast SEO plugin. -->","yoast_head_json":{"title":"BD743\/2 - DESMALEZADORA DE 43CC F&amp;G BD743\/2 - Tienda de Herramientas | hh.uy","robots":{"index":"index","follow":"follow","max-snippet":"max-snippet:-1","max-image-preview":"max-image-preview:large","max-video-preview":"max-video-preview:-1"},"canonical":"https:\/\/hh.uy\/?product=bd743-2-desmalezadora-de-43cc-fg-bd743-2","og_locale":"es_ES","og_type":"article","og_title":"BD743\/2 - DESMALEZADORA DE 43CC F&amp;G BD743\/2 - Tienda de Herramientas | hh.uy","og_description":"Informaci\u00f3n del producto - Poderoso motor de 43cc con - cilindro cromado - larga vida \u00fatil - Equipada con embrague - - seguridad en la operacion - Carretel de doble tanza de salida - semiautom\u00e1tica que mejora la calidad de corte - Incluye cabezal de corte con - nylon y guarda - CILINDRADA 43cc - CAPACIDAD DE CORTE 430mm - 17\" - TRANSMISION barral recto con eje continuo - DIAMETRO DE NYLON 2,5mm - 3\/32\" - NIVEL DE RUIDO 108dB - PESO 7,4 - 16,3lb","og_url":"https:\/\/hh.uy\/?product=bd743-2-desmalezadora-de-43cc-fg-bd743-2","og_site_name":"Tienda de Herramientas | hh.uy","article_modified_time":"2021-05-31T05:28:59+00:00","og_image":[{"width":1180,"height":1011,"url":"https:\/\/hh.uy\/wp-content\/uploads\/2020\/04\/bd74321.jpg","type":"image\/jpeg"}],"twitter_card":"summary_large_image","schema":{"@context":"https:\/\/schema.org","@graph":[{"@type":"WebPage","@id":"https:\/\/hh.uy\/?product=bd743-2-desmalezadora-de-43cc-fg-bd743-2","url":"https:\/\/hh.uy\/?product=bd743-2-desmalezadora-de-43cc-fg-bd743-2","name":"BD743\/2 - DESMALEZADORA DE 43CC F&amp;G BD743\/2 - Tienda de Herramientas | hh.uy","isPartOf":{"@id":"https:\/\/hh.uy\/#website"},"primaryImageOfPage":{"@id":"https:\/\/hh.uy\/?product=bd743-2-desmalezadora-de-43cc-fg-bd743-2#primaryimage"},"image":{"@id":"https:\/\/hh.uy\/?product=bd743-2-desmalezadora-de-43cc-fg-bd743-2#primaryimage"},"thumbnailUrl":"https:\/\/hh.uy\/wp-content\/uploads\/2020\/04\/bd74321.jpg","datePublished":"2020-04-07T18:13:56+00:00","dateModified":"2021-05-31T05:28:59+00:00","breadcrumb":{"@id":"https:\/\/hh.uy\/?product=bd743-2-desmalezadora-de-43cc-fg-bd743-2#breadcrumb"},"inLanguage":"es","potentialAction":[{"@type":"ReadAction","target":["https:\/\/hh.uy\/?product=bd743-2-desmalezadora-de-43cc-fg-bd743-2"]}]},{"@type":"ImageObject","inLanguage":"es","@id":"https:\/\/hh.uy\/?product=bd743-2-desmalezadora-de-43cc-fg-bd743-2#primaryimage","url":"https:\/\/hh.uy\/wp-content\/uploads\/2020\/04\/bd74321.jpg","contentUrl":"https:\/\/hh.uy\/wp-content\/uploads\/2020\/04\/bd74321.jpg","width":1180,"height":1011},{"@type":"BreadcrumbList","@id":"https:\/\/hh.uy\/?product=bd743-2-desmalezadora-de-43cc-fg-bd743-2#breadcrumb","itemListElement":[{"@type":"ListItem","position":1,"name":"Home","item":"https:\/\/hh.uy\/"},{"@type":"ListItem","position":2,"name":"Shop","item":"https:\/\/hh.uy\/?page_id=8"},{"@type":"ListItem","position":3,"name":"BD743\/2 &#8211; DESMALEZADORA DE 43CC F&amp;G BD743\/2"}]},{"@type":"WebSite","@id":"https:\/\/hh.uy\/#website","url":"https:\/\/hh.uy\/","name":"Tienda de Herramientas | hh.uy","description":"Consulta &gt; Compra &gt; Paga &gt; Recibe","potentialAction":[{"@type":"SearchAction","target":{"@type":"EntryPoint","urlTemplate":"https:\/\/hh.uy\/?s={search_term_string}"},"query-input":{"@type":"PropertyValueSpecification","valueRequired":true,"valueName":"search_term_string"}}],"inLanguage":"es"}]}},"_links":{"self":[{"href":"https:\/\/hh.uy\/index.php?rest_route=\/wp\/v2\/product\/107","targetHints":{"allow":["GET"]}}],"collection":[{"href":"https:\/\/hh.uy\/index.php?rest_route=\/wp\/v2\/product"}],"about":[{"href":"https:\/\/hh.uy\/index.php?rest_route=\/wp\/v2\/types\/product"}],"replies":[{"embeddable":true,"href":"https:\/\/hh.uy\/index.php?rest_route=%2Fwp%2Fv2%2Fcomments&post=107"}],"wp:featuredmedia":[{"embeddable":true,"href":"https:\/\/hh.uy\/index.php?rest_route=\/wp\/v2\/media\/197"}],"wp:attachment":[{"href":"https:\/\/hh.uy\/index.php?rest_route=%2Fwp%2Fv2%2Fmedia&parent=107"}],"wp:term":[{"taxonomy":"product_cat","embeddable":true,"href":"https:\/\/hh.uy\/index.php?rest_route=%2Fwp%2Fv2%2Fproduct_cat&post=107"},{"taxonomy":"product_tag","embeddable":true,"href":"https:\/\/hh.uy\/index.php?rest_route=%2Fwp%2Fv2%2Fproduct_tag&post=107"}],"curies":[{"name":"wp","href":"https:\/\/api.w.org\/{rel}","templated":true}]}}