{"id":1041,"date":"2026-02-24T15:19:07","date_gmt":"2026-02-24T18:19:07","guid":{"rendered":"https:\/\/hh.uy\/?post_type=product&#038;p=1041"},"modified":"2026-02-24T15:37:22","modified_gmt":"2026-02-24T18:37:22","slug":"inyector-de-grasa-manual-gladiator-500cc","status":"publish","type":"product","link":"https:\/\/hh.uy\/?product=inyector-de-grasa-manual-gladiator-500cc","title":{"rendered":"INYECTOR DE GRASA MANUAL GLADIATOR 500CC"},"content":{"rendered":"<p><span class=\"vtex-product-identifier-0-x-product-identifier__label\">Referencia<\/span><span class=\"vtex-product-identifier-0-x-product-identifier__separator\">:\u00a0<\/span><span class=\"vtex-product-identifier-0-x-product-identifier__value\">EM714<\/span><\/p>\n<p>Incluye:<\/p>\n<p>1 mini inyector manual de grasa.<\/p>\n<p>Capacidad: 14Oz \u2013 500cc<\/p>\n<p>Presi\u00f3n m\u00e1xima: 600PSI<\/p>\n<p>&nbsp;<\/p>\n<p>Garant\u00eda: 1 a\u00f1o<\/p>\n<p>&nbsp;<\/p>\n<p>Precios IVA incluido. Ciertas caracter\u00edsticas, prestaciones de producto y\/o precios pueden variar sin previo aviso. Fotos meramente ilustrativas.<\/p>\n","protected":false},"excerpt":{"rendered":"<p>Referencia:\u00a0EM714 Incluye: 1 mini inyector manual de grasa. Capacidad: 14Oz \u2013 500cc Presi\u00f3n m\u00e1xima: 600PSI &nbsp; Garant\u00eda: 1 a\u00f1o &nbsp;&#8230;<\/p>\n","protected":false},"featured_media":1042,"comment_status":"open","ping_status":"closed","template":"","meta":[],"product_cat":[83],"product_tag":[],"class_list":{"0":"post-1041","1":"product","2":"type-product","3":"status-publish","4":"has-post-thumbnail","6":"product_cat-herramientas-hidraulicas","8":"first","9":"instock","10":"taxable","11":"shipping-taxable","12":"purchasable","13":"product-type-simple"},"yoast_head":"<!-- This site is optimized with the Yoast SEO plugin v24.9 - https:\/\/yoast.com\/wordpress\/plugins\/seo\/ -->\n<title>INYECTOR DE GRASA MANUAL GLADIATOR 500CC - Tienda de Herramientas | hh.uy<\/title>\n<meta name=\"robots\" content=\"index, follow, max-snippet:-1, max-image-preview:large, max-video-preview:-1\" \/>\n<link rel=\"canonical\" href=\"https:\/\/hh.uy\/?product=inyector-de-grasa-manual-gladiator-500cc\" \/>\n<meta property=\"og:locale\" content=\"es_ES\" \/>\n<meta property=\"og:type\" content=\"article\" \/>\n<meta property=\"og:title\" content=\"INYECTOR DE GRASA MANUAL GLADIATOR 500CC - Tienda de Herramientas | hh.uy\" \/>\n<meta property=\"og:description\" content=\"Referencia:\u00a0EM714 Incluye: 1 mini inyector manual de grasa. Capacidad: 14Oz \u2013 500cc Presi\u00f3n m\u00e1xima: 600PSI &nbsp; Garant\u00eda: 1 a\u00f1o &nbsp;...\" \/>\n<meta property=\"og:url\" content=\"https:\/\/hh.uy\/?product=inyector-de-grasa-manual-gladiator-500cc\" \/>\n<meta property=\"og:site_name\" content=\"Tienda de Herramientas | hh.uy\" \/>\n<meta property=\"article:modified_time\" content=\"2026-02-24T18:37:22+00:00\" \/>\n<meta property=\"og:image\" content=\"https:\/\/hh.uy\/wp-content\/uploads\/2026\/02\/159217-800-auto.jpg\" \/>\n\t<meta property=\"og:image:width\" content=\"800\" \/>\n\t<meta property=\"og:image:height\" content=\"731\" \/>\n\t<meta property=\"og:image:type\" content=\"image\/jpeg\" \/>\n<meta name=\"twitter:card\" content=\"summary_large_image\" \/>\n<meta name=\"twitter:label1\" content=\"Tiempo de lectura\" \/>\n\t<meta name=\"twitter:data1\" content=\"1 minuto\" \/>\n<script type=\"application\/ld+json\" class=\"yoast-schema-graph\">{\"@context\":\"https:\/\/schema.org\",\"@graph\":[{\"@type\":\"WebPage\",\"@id\":\"https:\/\/hh.uy\/?product=inyector-de-grasa-manual-gladiator-500cc\",\"url\":\"https:\/\/hh.uy\/?product=inyector-de-grasa-manual-gladiator-500cc\",\"name\":\"INYECTOR DE GRASA MANUAL GLADIATOR 500CC - Tienda de Herramientas | hh.uy\",\"isPartOf\":{\"@id\":\"https:\/\/hh.uy\/#website\"},\"primaryImageOfPage\":{\"@id\":\"https:\/\/hh.uy\/?product=inyector-de-grasa-manual-gladiator-500cc#primaryimage\"},\"image\":{\"@id\":\"https:\/\/hh.uy\/?product=inyector-de-grasa-manual-gladiator-500cc#primaryimage\"},\"thumbnailUrl\":\"https:\/\/hh.uy\/wp-content\/uploads\/2026\/02\/159217-800-auto.jpg\",\"datePublished\":\"2026-02-24T18:19:07+00:00\",\"dateModified\":\"2026-02-24T18:37:22+00:00\",\"breadcrumb\":{\"@id\":\"https:\/\/hh.uy\/?product=inyector-de-grasa-manual-gladiator-500cc#breadcrumb\"},\"inLanguage\":\"es\",\"potentialAction\":[{\"@type\":\"ReadAction\",\"target\":[\"https:\/\/hh.uy\/?product=inyector-de-grasa-manual-gladiator-500cc\"]}]},{\"@type\":\"ImageObject\",\"inLanguage\":\"es\",\"@id\":\"https:\/\/hh.uy\/?product=inyector-de-grasa-manual-gladiator-500cc#primaryimage\",\"url\":\"https:\/\/hh.uy\/wp-content\/uploads\/2026\/02\/159217-800-auto.jpg\",\"contentUrl\":\"https:\/\/hh.uy\/wp-content\/uploads\/2026\/02\/159217-800-auto.jpg\",\"width\":800,\"height\":731},{\"@type\":\"BreadcrumbList\",\"@id\":\"https:\/\/hh.uy\/?product=inyector-de-grasa-manual-gladiator-500cc#breadcrumb\",\"itemListElement\":[{\"@type\":\"ListItem\",\"position\":1,\"name\":\"Home\",\"item\":\"https:\/\/hh.uy\/\"},{\"@type\":\"ListItem\",\"position\":2,\"name\":\"Shop\",\"item\":\"https:\/\/hh.uy\/?page_id=8\"},{\"@type\":\"ListItem\",\"position\":3,\"name\":\"INYECTOR DE GRASA MANUAL GLADIATOR 500CC\"}]},{\"@type\":\"WebSite\",\"@id\":\"https:\/\/hh.uy\/#website\",\"url\":\"https:\/\/hh.uy\/\",\"name\":\"Tienda de Herramientas | hh.uy\",\"description\":\"Consulta &gt; Compra &gt; Paga &gt; Recibe\",\"potentialAction\":[{\"@type\":\"SearchAction\",\"target\":{\"@type\":\"EntryPoint\",\"urlTemplate\":\"https:\/\/hh.uy\/?s={search_term_string}\"},\"query-input\":{\"@type\":\"PropertyValueSpecification\",\"valueRequired\":true,\"valueName\":\"search_term_string\"}}],\"inLanguage\":\"es\"}]}<\/script>\n<!-- \/ Yoast SEO plugin. -->","yoast_head_json":{"title":"INYECTOR DE GRASA MANUAL GLADIATOR 500CC - Tienda de Herramientas | hh.uy","robots":{"index":"index","follow":"follow","max-snippet":"max-snippet:-1","max-image-preview":"max-image-preview:large","max-video-preview":"max-video-preview:-1"},"canonical":"https:\/\/hh.uy\/?product=inyector-de-grasa-manual-gladiator-500cc","og_locale":"es_ES","og_type":"article","og_title":"INYECTOR DE GRASA MANUAL GLADIATOR 500CC - Tienda de Herramientas | hh.uy","og_description":"Referencia:\u00a0EM714 Incluye: 1 mini inyector manual de grasa. Capacidad: 14Oz \u2013 500cc Presi\u00f3n m\u00e1xima: 600PSI &nbsp; Garant\u00eda: 1 a\u00f1o &nbsp;...","og_url":"https:\/\/hh.uy\/?product=inyector-de-grasa-manual-gladiator-500cc","og_site_name":"Tienda de Herramientas | hh.uy","article_modified_time":"2026-02-24T18:37:22+00:00","og_image":[{"width":800,"height":731,"url":"https:\/\/hh.uy\/wp-content\/uploads\/2026\/02\/159217-800-auto.jpg","type":"image\/jpeg"}],"twitter_card":"summary_large_image","twitter_misc":{"Tiempo de lectura":"1 minuto"},"schema":{"@context":"https:\/\/schema.org","@graph":[{"@type":"WebPage","@id":"https:\/\/hh.uy\/?product=inyector-de-grasa-manual-gladiator-500cc","url":"https:\/\/hh.uy\/?product=inyector-de-grasa-manual-gladiator-500cc","name":"INYECTOR DE GRASA MANUAL GLADIATOR 500CC - Tienda de Herramientas | hh.uy","isPartOf":{"@id":"https:\/\/hh.uy\/#website"},"primaryImageOfPage":{"@id":"https:\/\/hh.uy\/?product=inyector-de-grasa-manual-gladiator-500cc#primaryimage"},"image":{"@id":"https:\/\/hh.uy\/?product=inyector-de-grasa-manual-gladiator-500cc#primaryimage"},"thumbnailUrl":"https:\/\/hh.uy\/wp-content\/uploads\/2026\/02\/159217-800-auto.jpg","datePublished":"2026-02-24T18:19:07+00:00","dateModified":"2026-02-24T18:37:22+00:00","breadcrumb":{"@id":"https:\/\/hh.uy\/?product=inyector-de-grasa-manual-gladiator-500cc#breadcrumb"},"inLanguage":"es","potentialAction":[{"@type":"ReadAction","target":["https:\/\/hh.uy\/?product=inyector-de-grasa-manual-gladiator-500cc"]}]},{"@type":"ImageObject","inLanguage":"es","@id":"https:\/\/hh.uy\/?product=inyector-de-grasa-manual-gladiator-500cc#primaryimage","url":"https:\/\/hh.uy\/wp-content\/uploads\/2026\/02\/159217-800-auto.jpg","contentUrl":"https:\/\/hh.uy\/wp-content\/uploads\/2026\/02\/159217-800-auto.jpg","width":800,"height":731},{"@type":"BreadcrumbList","@id":"https:\/\/hh.uy\/?product=inyector-de-grasa-manual-gladiator-500cc#breadcrumb","itemListElement":[{"@type":"ListItem","position":1,"name":"Home","item":"https:\/\/hh.uy\/"},{"@type":"ListItem","position":2,"name":"Shop","item":"https:\/\/hh.uy\/?page_id=8"},{"@type":"ListItem","position":3,"name":"INYECTOR DE GRASA MANUAL GLADIATOR 500CC"}]},{"@type":"WebSite","@id":"https:\/\/hh.uy\/#website","url":"https:\/\/hh.uy\/","name":"Tienda de Herramientas | hh.uy","description":"Consulta &gt; Compra &gt; Paga &gt; Recibe","potentialAction":[{"@type":"SearchAction","target":{"@type":"EntryPoint","urlTemplate":"https:\/\/hh.uy\/?s={search_term_string}"},"query-input":{"@type":"PropertyValueSpecification","valueRequired":true,"valueName":"search_term_string"}}],"inLanguage":"es"}]}},"_links":{"self":[{"href":"https:\/\/hh.uy\/index.php?rest_route=\/wp\/v2\/product\/1041","targetHints":{"allow":["GET"]}}],"collection":[{"href":"https:\/\/hh.uy\/index.php?rest_route=\/wp\/v2\/product"}],"about":[{"href":"https:\/\/hh.uy\/index.php?rest_route=\/wp\/v2\/types\/product"}],"replies":[{"embeddable":true,"href":"https:\/\/hh.uy\/index.php?rest_route=%2Fwp%2Fv2%2Fcomments&post=1041"}],"wp:featuredmedia":[{"embeddable":true,"href":"https:\/\/hh.uy\/index.php?rest_route=\/wp\/v2\/media\/1042"}],"wp:attachment":[{"href":"https:\/\/hh.uy\/index.php?rest_route=%2Fwp%2Fv2%2Fmedia&parent=1041"}],"wp:term":[{"taxonomy":"product_cat","embeddable":true,"href":"https:\/\/hh.uy\/index.php?rest_route=%2Fwp%2Fv2%2Fproduct_cat&post=1041"},{"taxonomy":"product_tag","embeddable":true,"href":"https:\/\/hh.uy\/index.php?rest_route=%2Fwp%2Fv2%2Fproduct_tag&post=1041"}],"curies":[{"name":"wp","href":"https:\/\/api.w.org\/{rel}","templated":true}]}}