{"id":1034,"date":"2026-02-24T14:27:19","date_gmt":"2026-02-24T17:27:19","guid":{"rendered":"https:\/\/hh.uy\/?post_type=product&#038;p=1034"},"modified":"2026-02-24T14:27:19","modified_gmt":"2026-02-24T17:27:19","slug":"aspiradora-gladiator-seco-humedo-60l-1200w","status":"publish","type":"product","link":"https:\/\/hh.uy\/?product=aspiradora-gladiator-seco-humedo-60l-1200w","title":{"rendered":"ASPIRADORA GLADIATOR  SECO-H\u00daMEDO 60L 1200W"},"content":{"rendered":"<p><span class=\"vtex-product-identifier-0-x-product-identifier__label\">Referencia<\/span><span class=\"vtex-product-identifier-0-x-product-identifier__separator\">:\u00a0<\/span><span class=\"vtex-product-identifier-0-x-product-identifier__value\">A960\/220<\/span><\/p>\n<p>Voltaje \u2013 frecuencia 220V-50-60Hz<br \/>\nPotencia 1200W<br \/>\nPotencia m\u00e1xima 1400W<br \/>\nPresi\u00f3n de vac\u00edo 15-16kpa<br \/>\nCapacidad 60L<br \/>\nDi\u00e1metro de Accesorios 40mm-11\/2\u201d<br \/>\n\u00cdndice e protecci\u00f3n IP24<br \/>\nAislaci\u00f3n CLASE 2<br \/>\nPeso 11kg-24lb<br \/>\nGarant\u00eda: 1 a\u00f1o<\/p>\n<p>Precios IVA incluido. Ciertas caracter\u00edsticas, prestaciones de producto y\/o precios pueden variar sin previo aviso. Fotos meramente ilustrativas.<\/p>\n","protected":false},"excerpt":{"rendered":"<p>Referencia:\u00a0A960\/220 Voltaje \u2013 frecuencia 220V-50-60Hz Potencia 1200W Potencia m\u00e1xima 1400W Presi\u00f3n de vac\u00edo 15-16kpa Capacidad 60L Di\u00e1metro de Accesorios 40mm-11\/2\u201d&#8230;<\/p>\n","protected":false},"featured_media":1035,"comment_status":"open","ping_status":"closed","template":"","meta":[],"product_cat":[19],"product_tag":[],"class_list":{"0":"post-1034","1":"product","2":"type-product","3":"status-publish","4":"has-post-thumbnail","6":"product_cat-aspiradoras","8":"first","9":"instock","10":"taxable","11":"shipping-taxable","12":"purchasable","13":"product-type-simple"},"yoast_head":"<!-- This site is optimized with the Yoast SEO plugin v24.9 - https:\/\/yoast.com\/wordpress\/plugins\/seo\/ -->\n<title>ASPIRADORA GLADIATOR SECO-H\u00daMEDO 60L 1200W - Tienda de Herramientas | hh.uy<\/title>\n<meta name=\"robots\" content=\"index, follow, max-snippet:-1, max-image-preview:large, max-video-preview:-1\" \/>\n<link rel=\"canonical\" href=\"https:\/\/hh.uy\/?product=aspiradora-gladiator-seco-humedo-60l-1200w\" \/>\n<meta property=\"og:locale\" content=\"es_ES\" \/>\n<meta property=\"og:type\" content=\"article\" \/>\n<meta property=\"og:title\" content=\"ASPIRADORA GLADIATOR SECO-H\u00daMEDO 60L 1200W - Tienda de Herramientas | hh.uy\" \/>\n<meta property=\"og:description\" content=\"Referencia:\u00a0A960\/220 Voltaje \u2013 frecuencia 220V-50-60Hz Potencia 1200W Potencia m\u00e1xima 1400W Presi\u00f3n de vac\u00edo 15-16kpa Capacidad 60L Di\u00e1metro de Accesorios 40mm-11\/2\u201d...\" \/>\n<meta property=\"og:url\" content=\"https:\/\/hh.uy\/?product=aspiradora-gladiator-seco-humedo-60l-1200w\" \/>\n<meta property=\"og:site_name\" content=\"Tienda de Herramientas | hh.uy\" \/>\n<meta property=\"og:image\" content=\"https:\/\/hh.uy\/wp-content\/uploads\/2026\/02\/160881-800-auto.jpg\" \/>\n\t<meta property=\"og:image:width\" content=\"800\" \/>\n\t<meta property=\"og:image:height\" content=\"800\" \/>\n\t<meta property=\"og:image:type\" content=\"image\/jpeg\" \/>\n<meta name=\"twitter:card\" content=\"summary_large_image\" \/>\n<meta name=\"twitter:label1\" content=\"Tiempo de lectura\" \/>\n\t<meta name=\"twitter:data1\" content=\"1 minuto\" \/>\n<script type=\"application\/ld+json\" class=\"yoast-schema-graph\">{\"@context\":\"https:\/\/schema.org\",\"@graph\":[{\"@type\":\"WebPage\",\"@id\":\"https:\/\/hh.uy\/?product=aspiradora-gladiator-seco-humedo-60l-1200w\",\"url\":\"https:\/\/hh.uy\/?product=aspiradora-gladiator-seco-humedo-60l-1200w\",\"name\":\"ASPIRADORA GLADIATOR SECO-H\u00daMEDO 60L 1200W - Tienda de Herramientas | hh.uy\",\"isPartOf\":{\"@id\":\"https:\/\/hh.uy\/#website\"},\"primaryImageOfPage\":{\"@id\":\"https:\/\/hh.uy\/?product=aspiradora-gladiator-seco-humedo-60l-1200w#primaryimage\"},\"image\":{\"@id\":\"https:\/\/hh.uy\/?product=aspiradora-gladiator-seco-humedo-60l-1200w#primaryimage\"},\"thumbnailUrl\":\"https:\/\/hh.uy\/wp-content\/uploads\/2026\/02\/160881-800-auto.jpg\",\"datePublished\":\"2026-02-24T17:27:19+00:00\",\"breadcrumb\":{\"@id\":\"https:\/\/hh.uy\/?product=aspiradora-gladiator-seco-humedo-60l-1200w#breadcrumb\"},\"inLanguage\":\"es\",\"potentialAction\":[{\"@type\":\"ReadAction\",\"target\":[\"https:\/\/hh.uy\/?product=aspiradora-gladiator-seco-humedo-60l-1200w\"]}]},{\"@type\":\"ImageObject\",\"inLanguage\":\"es\",\"@id\":\"https:\/\/hh.uy\/?product=aspiradora-gladiator-seco-humedo-60l-1200w#primaryimage\",\"url\":\"https:\/\/hh.uy\/wp-content\/uploads\/2026\/02\/160881-800-auto.jpg\",\"contentUrl\":\"https:\/\/hh.uy\/wp-content\/uploads\/2026\/02\/160881-800-auto.jpg\",\"width\":800,\"height\":800},{\"@type\":\"BreadcrumbList\",\"@id\":\"https:\/\/hh.uy\/?product=aspiradora-gladiator-seco-humedo-60l-1200w#breadcrumb\",\"itemListElement\":[{\"@type\":\"ListItem\",\"position\":1,\"name\":\"Home\",\"item\":\"https:\/\/hh.uy\/\"},{\"@type\":\"ListItem\",\"position\":2,\"name\":\"Shop\",\"item\":\"https:\/\/hh.uy\/?page_id=8\"},{\"@type\":\"ListItem\",\"position\":3,\"name\":\"ASPIRADORA GLADIATOR SECO-H\u00daMEDO 60L 1200W\"}]},{\"@type\":\"WebSite\",\"@id\":\"https:\/\/hh.uy\/#website\",\"url\":\"https:\/\/hh.uy\/\",\"name\":\"Tienda de Herramientas | hh.uy\",\"description\":\"Consulta &gt; Compra &gt; Paga &gt; Recibe\",\"potentialAction\":[{\"@type\":\"SearchAction\",\"target\":{\"@type\":\"EntryPoint\",\"urlTemplate\":\"https:\/\/hh.uy\/?s={search_term_string}\"},\"query-input\":{\"@type\":\"PropertyValueSpecification\",\"valueRequired\":true,\"valueName\":\"search_term_string\"}}],\"inLanguage\":\"es\"}]}<\/script>\n<!-- \/ Yoast SEO plugin. -->","yoast_head_json":{"title":"ASPIRADORA GLADIATOR SECO-H\u00daMEDO 60L 1200W - Tienda de Herramientas | hh.uy","robots":{"index":"index","follow":"follow","max-snippet":"max-snippet:-1","max-image-preview":"max-image-preview:large","max-video-preview":"max-video-preview:-1"},"canonical":"https:\/\/hh.uy\/?product=aspiradora-gladiator-seco-humedo-60l-1200w","og_locale":"es_ES","og_type":"article","og_title":"ASPIRADORA GLADIATOR SECO-H\u00daMEDO 60L 1200W - Tienda de Herramientas | hh.uy","og_description":"Referencia:\u00a0A960\/220 Voltaje \u2013 frecuencia 220V-50-60Hz Potencia 1200W Potencia m\u00e1xima 1400W Presi\u00f3n de vac\u00edo 15-16kpa Capacidad 60L Di\u00e1metro de Accesorios 40mm-11\/2\u201d...","og_url":"https:\/\/hh.uy\/?product=aspiradora-gladiator-seco-humedo-60l-1200w","og_site_name":"Tienda de Herramientas | hh.uy","og_image":[{"width":800,"height":800,"url":"https:\/\/hh.uy\/wp-content\/uploads\/2026\/02\/160881-800-auto.jpg","type":"image\/jpeg"}],"twitter_card":"summary_large_image","twitter_misc":{"Tiempo de lectura":"1 minuto"},"schema":{"@context":"https:\/\/schema.org","@graph":[{"@type":"WebPage","@id":"https:\/\/hh.uy\/?product=aspiradora-gladiator-seco-humedo-60l-1200w","url":"https:\/\/hh.uy\/?product=aspiradora-gladiator-seco-humedo-60l-1200w","name":"ASPIRADORA GLADIATOR SECO-H\u00daMEDO 60L 1200W - Tienda de Herramientas | hh.uy","isPartOf":{"@id":"https:\/\/hh.uy\/#website"},"primaryImageOfPage":{"@id":"https:\/\/hh.uy\/?product=aspiradora-gladiator-seco-humedo-60l-1200w#primaryimage"},"image":{"@id":"https:\/\/hh.uy\/?product=aspiradora-gladiator-seco-humedo-60l-1200w#primaryimage"},"thumbnailUrl":"https:\/\/hh.uy\/wp-content\/uploads\/2026\/02\/160881-800-auto.jpg","datePublished":"2026-02-24T17:27:19+00:00","breadcrumb":{"@id":"https:\/\/hh.uy\/?product=aspiradora-gladiator-seco-humedo-60l-1200w#breadcrumb"},"inLanguage":"es","potentialAction":[{"@type":"ReadAction","target":["https:\/\/hh.uy\/?product=aspiradora-gladiator-seco-humedo-60l-1200w"]}]},{"@type":"ImageObject","inLanguage":"es","@id":"https:\/\/hh.uy\/?product=aspiradora-gladiator-seco-humedo-60l-1200w#primaryimage","url":"https:\/\/hh.uy\/wp-content\/uploads\/2026\/02\/160881-800-auto.jpg","contentUrl":"https:\/\/hh.uy\/wp-content\/uploads\/2026\/02\/160881-800-auto.jpg","width":800,"height":800},{"@type":"BreadcrumbList","@id":"https:\/\/hh.uy\/?product=aspiradora-gladiator-seco-humedo-60l-1200w#breadcrumb","itemListElement":[{"@type":"ListItem","position":1,"name":"Home","item":"https:\/\/hh.uy\/"},{"@type":"ListItem","position":2,"name":"Shop","item":"https:\/\/hh.uy\/?page_id=8"},{"@type":"ListItem","position":3,"name":"ASPIRADORA GLADIATOR SECO-H\u00daMEDO 60L 1200W"}]},{"@type":"WebSite","@id":"https:\/\/hh.uy\/#website","url":"https:\/\/hh.uy\/","name":"Tienda de Herramientas | hh.uy","description":"Consulta &gt; Compra &gt; Paga &gt; Recibe","potentialAction":[{"@type":"SearchAction","target":{"@type":"EntryPoint","urlTemplate":"https:\/\/hh.uy\/?s={search_term_string}"},"query-input":{"@type":"PropertyValueSpecification","valueRequired":true,"valueName":"search_term_string"}}],"inLanguage":"es"}]}},"_links":{"self":[{"href":"https:\/\/hh.uy\/index.php?rest_route=\/wp\/v2\/product\/1034","targetHints":{"allow":["GET"]}}],"collection":[{"href":"https:\/\/hh.uy\/index.php?rest_route=\/wp\/v2\/product"}],"about":[{"href":"https:\/\/hh.uy\/index.php?rest_route=\/wp\/v2\/types\/product"}],"replies":[{"embeddable":true,"href":"https:\/\/hh.uy\/index.php?rest_route=%2Fwp%2Fv2%2Fcomments&post=1034"}],"wp:featuredmedia":[{"embeddable":true,"href":"https:\/\/hh.uy\/index.php?rest_route=\/wp\/v2\/media\/1035"}],"wp:attachment":[{"href":"https:\/\/hh.uy\/index.php?rest_route=%2Fwp%2Fv2%2Fmedia&parent=1034"}],"wp:term":[{"taxonomy":"product_cat","embeddable":true,"href":"https:\/\/hh.uy\/index.php?rest_route=%2Fwp%2Fv2%2Fproduct_cat&post=1034"},{"taxonomy":"product_tag","embeddable":true,"href":"https:\/\/hh.uy\/index.php?rest_route=%2Fwp%2Fv2%2Fproduct_tag&post=1034"}],"curies":[{"name":"wp","href":"https:\/\/api.w.org\/{rel}","templated":true}]}}