{"id":100,"date":"2020-04-07T15:02:50","date_gmt":"2020-04-07T15:02:50","guid":{"rendered":"https:\/\/hh.uy\/?post_type=product&#038;p=100"},"modified":"2021-04-26T04:25:08","modified_gmt":"2021-04-26T04:25:08","slug":"cp1020rba-6-cortadoras-de-pasto-a-gasolina-autopropulsadas","status":"publish","type":"product","link":"https:\/\/hh.uy\/?product=cp1020rba-6-cortadoras-de-pasto-a-gasolina-autopropulsadas","title":{"rendered":"CP1020RBA\/6 &#8211; CORTADORAS DE PASTO A GASOLINA AUTOPROPULSADAS"},"content":{"rendered":"<p>\u2022 Motor OHV, de 4 tiempos refrigerado por aire<br \/>\n\u2022 Soft-Grip, empu\u00f1adura blanda en manillar<br \/>\n\u2022 Doble filtro de aire<br \/>\n\u2022 Arranque instant\u00e1neo<br \/>\n\u2022 Bajo consumo en combustible<br \/>\n\u2022 Baja emisi\u00f3n de contaminantes<br \/>\n\u2022 4 EN 1: Pica, Recolecta, Descarga lateral, Descarga trasera<br \/>\n\u2022 POTENCIA 6HP LARGO DE CUCHILLA 508mm &#8211; 20&#8243;<br \/>\nTIPO DE REG DE ALTURA 7 posiciones monocomando<br \/>\nDI\u00c1METRO DE RUEDAS (delanteras) 178mm &#8211; 7&#8243;<br \/>\nDI\u00c1METRO DE RUEDAS (traseras) 254mm &#8211; 10&#8243;<br \/>\nDESCARGA lateral y trasera<br \/>\nBOLSA RECOLECTORA PL\u00c1STICA 60L<br \/>\nPESO 39kg<\/p>\n","protected":false},"excerpt":{"rendered":"<p>\u2022 Motor OHV, de 4 tiempos refrigerado por aire<br \/>\n\u2022 Soft-Grip, empu\u00f1adura blanda en manillar<br \/>\n\u2022 Doble filtro de aire<br \/>\n\u2022 Arranque instant\u00e1neo<br \/>\n\u2022 Bajo consumo en combustible<br \/>\n\u2022 Baja emisi\u00f3n de contaminantes<br \/>\n\u2022 4 EN 1: Pica, Recolecta, Descarga lateral, Descarga trasera<br \/>\n\u2022 POTENCIA 6HP LARGO DE CUCHILLA 508mm &#8211; 20&#8243;<br \/>\nTIPO DE REG DE ALTURA 7 posiciones monocomando<br \/>\nDI\u00c1METRO DE RUEDAS (delanteras) 178mm &#8211; 7&#8243;<br \/>\nDI\u00c1METRO DE RUEDAS (traseras) 254mm &#8211; 10&#8243;<br \/>\nDESCARGA lateral y trasera<br \/>\nBOLSA RECOLECTORA PL\u00c1STICA 60L<br \/>\nPESO 39kg<\/p>\n","protected":false},"featured_media":190,"comment_status":"open","ping_status":"closed","template":"","meta":[],"product_cat":[26,16],"product_tag":[],"class_list":{"0":"post-100","1":"product","2":"type-product","3":"status-publish","4":"has-post-thumbnail","6":"product_cat-cortadoras-de-pasto","7":"product_cat-herramientas-electricas-y-combustion","9":"first","10":"outofstock","11":"taxable","12":"shipping-taxable","13":"product-type-simple"},"yoast_head":"<!-- This site is optimized with the Yoast SEO plugin v24.9 - https:\/\/yoast.com\/wordpress\/plugins\/seo\/ -->\n<title>CP1020RBA\/6 - CORTADORAS DE PASTO A GASOLINA AUTOPROPULSADAS - Tienda de Herramientas | hh.uy<\/title>\n<meta name=\"robots\" content=\"index, follow, max-snippet:-1, max-image-preview:large, max-video-preview:-1\" \/>\n<link rel=\"canonical\" href=\"https:\/\/hh.uy\/?product=cp1020rba-6-cortadoras-de-pasto-a-gasolina-autopropulsadas\" \/>\n<meta property=\"og:locale\" content=\"es_ES\" \/>\n<meta property=\"og:type\" content=\"article\" \/>\n<meta property=\"og:title\" content=\"CP1020RBA\/6 - CORTADORAS DE PASTO A GASOLINA AUTOPROPULSADAS - Tienda de Herramientas | hh.uy\" \/>\n<meta property=\"og:description\" content=\"\u2022 Motor OHV, de 4 tiempos refrigerado por aire \u2022 Soft-Grip, empu\u00f1adura blanda en manillar \u2022 Doble filtro de aire \u2022 Arranque instant\u00e1neo \u2022 Bajo consumo en combustible \u2022 Baja emisi\u00f3n de contaminantes \u2022 4 EN 1: Pica, Recolecta, Descarga lateral, Descarga trasera \u2022 POTENCIA 6HP LARGO DE CUCHILLA 508mm - 20&quot; TIPO DE REG DE ALTURA 7 posiciones monocomando DI\u00c1METRO DE RUEDAS (delanteras) 178mm - 7&quot; DI\u00c1METRO DE RUEDAS (traseras) 254mm - 10&quot; DESCARGA lateral y trasera BOLSA RECOLECTORA PL\u00c1STICA 60L PESO 39kg\" \/>\n<meta property=\"og:url\" content=\"https:\/\/hh.uy\/?product=cp1020rba-6-cortadoras-de-pasto-a-gasolina-autopropulsadas\" \/>\n<meta property=\"og:site_name\" content=\"Tienda de Herramientas | hh.uy\" \/>\n<meta property=\"article:modified_time\" content=\"2021-04-26T04:25:08+00:00\" \/>\n<meta property=\"og:image\" content=\"https:\/\/hh.uy\/wp-content\/uploads\/2020\/04\/cp1020rba62.jpg\" \/>\n\t<meta property=\"og:image:width\" content=\"950\" \/>\n\t<meta property=\"og:image:height\" content=\"1050\" \/>\n\t<meta property=\"og:image:type\" content=\"image\/jpeg\" \/>\n<meta name=\"twitter:card\" content=\"summary_large_image\" \/>\n<script type=\"application\/ld+json\" class=\"yoast-schema-graph\">{\"@context\":\"https:\/\/schema.org\",\"@graph\":[{\"@type\":\"WebPage\",\"@id\":\"https:\/\/hh.uy\/?product=cp1020rba-6-cortadoras-de-pasto-a-gasolina-autopropulsadas\",\"url\":\"https:\/\/hh.uy\/?product=cp1020rba-6-cortadoras-de-pasto-a-gasolina-autopropulsadas\",\"name\":\"CP1020RBA\/6 - CORTADORAS DE PASTO A GASOLINA AUTOPROPULSADAS - Tienda de Herramientas | hh.uy\",\"isPartOf\":{\"@id\":\"https:\/\/hh.uy\/#website\"},\"primaryImageOfPage\":{\"@id\":\"https:\/\/hh.uy\/?product=cp1020rba-6-cortadoras-de-pasto-a-gasolina-autopropulsadas#primaryimage\"},\"image\":{\"@id\":\"https:\/\/hh.uy\/?product=cp1020rba-6-cortadoras-de-pasto-a-gasolina-autopropulsadas#primaryimage\"},\"thumbnailUrl\":\"https:\/\/hh.uy\/wp-content\/uploads\/2020\/04\/cp1020rba62.jpg\",\"datePublished\":\"2020-04-07T15:02:50+00:00\",\"dateModified\":\"2021-04-26T04:25:08+00:00\",\"breadcrumb\":{\"@id\":\"https:\/\/hh.uy\/?product=cp1020rba-6-cortadoras-de-pasto-a-gasolina-autopropulsadas#breadcrumb\"},\"inLanguage\":\"es\",\"potentialAction\":[{\"@type\":\"ReadAction\",\"target\":[\"https:\/\/hh.uy\/?product=cp1020rba-6-cortadoras-de-pasto-a-gasolina-autopropulsadas\"]}]},{\"@type\":\"ImageObject\",\"inLanguage\":\"es\",\"@id\":\"https:\/\/hh.uy\/?product=cp1020rba-6-cortadoras-de-pasto-a-gasolina-autopropulsadas#primaryimage\",\"url\":\"https:\/\/hh.uy\/wp-content\/uploads\/2020\/04\/cp1020rba62.jpg\",\"contentUrl\":\"https:\/\/hh.uy\/wp-content\/uploads\/2020\/04\/cp1020rba62.jpg\",\"width\":950,\"height\":1050},{\"@type\":\"BreadcrumbList\",\"@id\":\"https:\/\/hh.uy\/?product=cp1020rba-6-cortadoras-de-pasto-a-gasolina-autopropulsadas#breadcrumb\",\"itemListElement\":[{\"@type\":\"ListItem\",\"position\":1,\"name\":\"Home\",\"item\":\"https:\/\/hh.uy\/\"},{\"@type\":\"ListItem\",\"position\":2,\"name\":\"Shop\",\"item\":\"https:\/\/hh.uy\/?page_id=8\"},{\"@type\":\"ListItem\",\"position\":3,\"name\":\"CP1020RBA\/6 &#8211; CORTADORAS DE PASTO A GASOLINA AUTOPROPULSADAS\"}]},{\"@type\":\"WebSite\",\"@id\":\"https:\/\/hh.uy\/#website\",\"url\":\"https:\/\/hh.uy\/\",\"name\":\"Tienda de Herramientas | hh.uy\",\"description\":\"Consulta &gt; Compra &gt; Paga &gt; Recibe\",\"potentialAction\":[{\"@type\":\"SearchAction\",\"target\":{\"@type\":\"EntryPoint\",\"urlTemplate\":\"https:\/\/hh.uy\/?s={search_term_string}\"},\"query-input\":{\"@type\":\"PropertyValueSpecification\",\"valueRequired\":true,\"valueName\":\"search_term_string\"}}],\"inLanguage\":\"es\"}]}<\/script>\n<!-- \/ Yoast SEO plugin. -->","yoast_head_json":{"title":"CP1020RBA\/6 - CORTADORAS DE PASTO A GASOLINA AUTOPROPULSADAS - Tienda de Herramientas | hh.uy","robots":{"index":"index","follow":"follow","max-snippet":"max-snippet:-1","max-image-preview":"max-image-preview:large","max-video-preview":"max-video-preview:-1"},"canonical":"https:\/\/hh.uy\/?product=cp1020rba-6-cortadoras-de-pasto-a-gasolina-autopropulsadas","og_locale":"es_ES","og_type":"article","og_title":"CP1020RBA\/6 - CORTADORAS DE PASTO A GASOLINA AUTOPROPULSADAS - Tienda de Herramientas | hh.uy","og_description":"\u2022 Motor OHV, de 4 tiempos refrigerado por aire \u2022 Soft-Grip, empu\u00f1adura blanda en manillar \u2022 Doble filtro de aire \u2022 Arranque instant\u00e1neo \u2022 Bajo consumo en combustible \u2022 Baja emisi\u00f3n de contaminantes \u2022 4 EN 1: Pica, Recolecta, Descarga lateral, Descarga trasera \u2022 POTENCIA 6HP LARGO DE CUCHILLA 508mm - 20\" TIPO DE REG DE ALTURA 7 posiciones monocomando DI\u00c1METRO DE RUEDAS (delanteras) 178mm - 7\" DI\u00c1METRO DE RUEDAS (traseras) 254mm - 10\" DESCARGA lateral y trasera BOLSA RECOLECTORA PL\u00c1STICA 60L PESO 39kg","og_url":"https:\/\/hh.uy\/?product=cp1020rba-6-cortadoras-de-pasto-a-gasolina-autopropulsadas","og_site_name":"Tienda de Herramientas | hh.uy","article_modified_time":"2021-04-26T04:25:08+00:00","og_image":[{"width":950,"height":1050,"url":"https:\/\/hh.uy\/wp-content\/uploads\/2020\/04\/cp1020rba62.jpg","type":"image\/jpeg"}],"twitter_card":"summary_large_image","schema":{"@context":"https:\/\/schema.org","@graph":[{"@type":"WebPage","@id":"https:\/\/hh.uy\/?product=cp1020rba-6-cortadoras-de-pasto-a-gasolina-autopropulsadas","url":"https:\/\/hh.uy\/?product=cp1020rba-6-cortadoras-de-pasto-a-gasolina-autopropulsadas","name":"CP1020RBA\/6 - CORTADORAS DE PASTO A GASOLINA AUTOPROPULSADAS - Tienda de Herramientas | hh.uy","isPartOf":{"@id":"https:\/\/hh.uy\/#website"},"primaryImageOfPage":{"@id":"https:\/\/hh.uy\/?product=cp1020rba-6-cortadoras-de-pasto-a-gasolina-autopropulsadas#primaryimage"},"image":{"@id":"https:\/\/hh.uy\/?product=cp1020rba-6-cortadoras-de-pasto-a-gasolina-autopropulsadas#primaryimage"},"thumbnailUrl":"https:\/\/hh.uy\/wp-content\/uploads\/2020\/04\/cp1020rba62.jpg","datePublished":"2020-04-07T15:02:50+00:00","dateModified":"2021-04-26T04:25:08+00:00","breadcrumb":{"@id":"https:\/\/hh.uy\/?product=cp1020rba-6-cortadoras-de-pasto-a-gasolina-autopropulsadas#breadcrumb"},"inLanguage":"es","potentialAction":[{"@type":"ReadAction","target":["https:\/\/hh.uy\/?product=cp1020rba-6-cortadoras-de-pasto-a-gasolina-autopropulsadas"]}]},{"@type":"ImageObject","inLanguage":"es","@id":"https:\/\/hh.uy\/?product=cp1020rba-6-cortadoras-de-pasto-a-gasolina-autopropulsadas#primaryimage","url":"https:\/\/hh.uy\/wp-content\/uploads\/2020\/04\/cp1020rba62.jpg","contentUrl":"https:\/\/hh.uy\/wp-content\/uploads\/2020\/04\/cp1020rba62.jpg","width":950,"height":1050},{"@type":"BreadcrumbList","@id":"https:\/\/hh.uy\/?product=cp1020rba-6-cortadoras-de-pasto-a-gasolina-autopropulsadas#breadcrumb","itemListElement":[{"@type":"ListItem","position":1,"name":"Home","item":"https:\/\/hh.uy\/"},{"@type":"ListItem","position":2,"name":"Shop","item":"https:\/\/hh.uy\/?page_id=8"},{"@type":"ListItem","position":3,"name":"CP1020RBA\/6 &#8211; CORTADORAS DE PASTO A GASOLINA AUTOPROPULSADAS"}]},{"@type":"WebSite","@id":"https:\/\/hh.uy\/#website","url":"https:\/\/hh.uy\/","name":"Tienda de Herramientas | hh.uy","description":"Consulta &gt; Compra &gt; Paga &gt; Recibe","potentialAction":[{"@type":"SearchAction","target":{"@type":"EntryPoint","urlTemplate":"https:\/\/hh.uy\/?s={search_term_string}"},"query-input":{"@type":"PropertyValueSpecification","valueRequired":true,"valueName":"search_term_string"}}],"inLanguage":"es"}]}},"_links":{"self":[{"href":"https:\/\/hh.uy\/index.php?rest_route=\/wp\/v2\/product\/100","targetHints":{"allow":["GET"]}}],"collection":[{"href":"https:\/\/hh.uy\/index.php?rest_route=\/wp\/v2\/product"}],"about":[{"href":"https:\/\/hh.uy\/index.php?rest_route=\/wp\/v2\/types\/product"}],"replies":[{"embeddable":true,"href":"https:\/\/hh.uy\/index.php?rest_route=%2Fwp%2Fv2%2Fcomments&post=100"}],"wp:featuredmedia":[{"embeddable":true,"href":"https:\/\/hh.uy\/index.php?rest_route=\/wp\/v2\/media\/190"}],"wp:attachment":[{"href":"https:\/\/hh.uy\/index.php?rest_route=%2Fwp%2Fv2%2Fmedia&parent=100"}],"wp:term":[{"taxonomy":"product_cat","embeddable":true,"href":"https:\/\/hh.uy\/index.php?rest_route=%2Fwp%2Fv2%2Fproduct_cat&post=100"},{"taxonomy":"product_tag","embeddable":true,"href":"https:\/\/hh.uy\/index.php?rest_route=%2Fwp%2Fv2%2Fproduct_tag&post=100"}],"curies":[{"name":"wp","href":"https:\/\/api.w.org\/{rel}","templated":true}]}}